{"id":1452,"date":"2022-02-07T12:15:50","date_gmt":"2022-02-07T12:15:50","guid":{"rendered":"https:\/\/evet4ai.eu\/ergebnisse\/"},"modified":"2023-12-11T09:24:48","modified_gmt":"2023-12-11T09:24:48","slug":"ergebnisse","status":"publish","type":"page","link":"https:\/\/evet4ai.eu\/de\/ergebnisse\/","title":{"rendered":"Lernplattform"},"content":{"rendered":"\t\t<div data-elementor-type=\"wp-page\" data-elementor-id=\"1452\" class=\"elementor elementor-1452 elementor-865\" data-elementor-post-type=\"page\">\n\t\t\t\t\t\t<section class=\"elementor-section elementor-top-section elementor-element elementor-element-13a2830 elementor-section-boxed elementor-section-height-default elementor-section-height-default\" data-id=\"13a2830\" data-element_type=\"section\">\n\t\t\t\t\t\t<div class=\"elementor-container elementor-column-gap-default\">\n\t\t\t\t\t<div class=\"elementor-column elementor-col-100 elementor-top-column elementor-element elementor-element-a047e7a\" data-id=\"a047e7a\" data-element_type=\"column\">\n\t\t\t<div class=\"elementor-widget-wrap elementor-element-populated\">\n\t\t\t\t\t\t<div class=\"elementor-element elementor-element-ba2a84f elementor-widget elementor-widget-spacer\" data-id=\"ba2a84f\" data-element_type=\"widget\" data-widget_type=\"spacer.default\">\n\t\t\t\t<div class=\"elementor-widget-container\">\n\t\t\t\t\t<div class=\"elementor-spacer\">\n\t\t\t<div class=\"elementor-spacer-inner\"><\/div>\n\t\t<\/div>\n\t\t\t\t<\/div>\n\t\t\t\t<\/div>\n\t\t\t\t<div class=\"elementor-element elementor-element-28e7f16 elementor-widget elementor-widget-text-editor\" data-id=\"28e7f16\" data-element_type=\"widget\" data-widget_type=\"text-editor.default\">\n\t\t\t\t<div class=\"elementor-widget-container\">\n\t\t\t\t\t\t\t<h2>Lernplattform<\/h2><p>e-VET4AI: Digitalisierung in der Berufsausbildung<\/p><ul><li>e-VET Self Awareness Tool (e-VET SAT), der Selbsteinsch\u00e4tzungstest der digitalen Kompetenz,<\/li><li>e-VET4AI Lerneinheiten<\/li><\/ul>\t\t\t\t\t\t<\/div>\n\t\t\t\t<\/div>\n\t\t\t\t<div class=\"elementor-element elementor-element-432db71 elementor-widget elementor-widget-spacer\" data-id=\"432db71\" data-element_type=\"widget\" data-widget_type=\"spacer.default\">\n\t\t\t\t<div class=\"elementor-widget-container\">\n\t\t\t\t\t<div class=\"elementor-spacer\">\n\t\t\t<div class=\"elementor-spacer-inner\"><\/div>\n\t\t<\/div>\n\t\t\t\t<\/div>\n\t\t\t\t<\/div>\n\t\t\t\t\t<\/div>\n\t\t<\/div>\n\t\t\t\t\t<\/div>\n\t\t<\/section>\n\t\t\t\t<section class=\"elementor-section elementor-top-section elementor-element elementor-element-0d0621d elementor-section-boxed elementor-section-height-default elementor-section-height-default\" data-id=\"0d0621d\" data-element_type=\"section\" data-settings=\"{&quot;background_background&quot;:&quot;classic&quot;,&quot;background_motion_fx_motion_fx_scrolling&quot;:&quot;yes&quot;,&quot;background_motion_fx_translateX_effect&quot;:&quot;yes&quot;,&quot;background_motion_fx_translateX_direction&quot;:&quot;negative&quot;,&quot;background_motion_fx_translateX_speed&quot;:{&quot;unit&quot;:&quot;px&quot;,&quot;size&quot;:4,&quot;sizes&quot;:[]},&quot;background_motion_fx_translateX_affectedRange&quot;:{&quot;unit&quot;:&quot;%&quot;,&quot;size&quot;:&quot;&quot;,&quot;sizes&quot;:{&quot;start&quot;:0,&quot;end&quot;:100}},&quot;background_motion_fx_devices&quot;:[&quot;desktop&quot;,&quot;tablet&quot;,&quot;mobile&quot;]}\">\n\t\t\t\t\t\t<div class=\"elementor-container elementor-column-gap-extended\">\n\t\t\t\t\t<div class=\"elementor-column elementor-col-50 elementor-top-column elementor-element elementor-element-3cc9fb5\" data-id=\"3cc9fb5\" data-element_type=\"column\">\n\t\t\t<div class=\"elementor-widget-wrap elementor-element-populated\">\n\t\t\t\t\t\t<div class=\"elementor-element elementor-element-5e8c08d elementor-widget elementor-widget-spacer\" data-id=\"5e8c08d\" data-element_type=\"widget\" data-widget_type=\"spacer.default\">\n\t\t\t\t<div class=\"elementor-widget-container\">\n\t\t\t\t\t<div class=\"elementor-spacer\">\n\t\t\t<div class=\"elementor-spacer-inner\"><\/div>\n\t\t<\/div>\n\t\t\t\t<\/div>\n\t\t\t\t<\/div>\n\t\t\t\t<div class=\"elementor-element elementor-element-d8b3911 elementor-widget elementor-widget-heading\" data-id=\"d8b3911\" data-element_type=\"widget\" data-widget_type=\"heading.default\">\n\t\t\t\t<div class=\"elementor-widget-container\">\n\t\t\t<h2 class=\"elementor-heading-title elementor-size-default\">e-VET SAT<\/h2>\t\t<\/div>\n\t\t\t\t<\/div>\n\t\t\t\t<div class=\"elementor-element elementor-element-24b3077 elementor-position-top elementor-widget elementor-widget-image-box\" data-id=\"24b3077\" data-element_type=\"widget\" data-widget_type=\"image-box.default\">\n\t\t\t\t<div class=\"elementor-widget-container\">\n\t\t\t<div class=\"elementor-image-box-wrapper\"><figure class=\"elementor-image-box-img\"><a href=\"https:\/\/evet4ai.eu\/de\/sat\/\" tabindex=\"-1\"><img fetchpriority=\"high\" decoding=\"async\" width=\"1000\" height=\"1000\" src=\"https:\/\/evet4ai.eu\/wp-content\/uploads\/2022\/02\/robot-self-assessment@2.png\" class=\"attachment-full size-full wp-image-870\" alt=\"\" srcset=\"https:\/\/evet4ai.eu\/wp-content\/uploads\/2022\/02\/robot-self-assessment@2.png 1000w, https:\/\/evet4ai.eu\/wp-content\/uploads\/2022\/02\/robot-self-assessment@2-300x300.png 300w, https:\/\/evet4ai.eu\/wp-content\/uploads\/2022\/02\/robot-self-assessment@2-150x150.png 150w, https:\/\/evet4ai.eu\/wp-content\/uploads\/2022\/02\/robot-self-assessment@2-768x768.png 768w, https:\/\/evet4ai.eu\/wp-content\/uploads\/2022\/02\/robot-self-assessment@2-700x700.png 700w, https:\/\/evet4ai.eu\/wp-content\/uploads\/2022\/02\/robot-self-assessment@2-624x624.png 624w\" sizes=\"(max-width: 1000px) 100vw, 1000px\" \/><\/a><\/figure><div class=\"elementor-image-box-content\"><h4 class=\"elementor-image-box-title\"><a href=\"https:\/\/evet4ai.eu\/de\/sat\/\">Selbsteinsch\u00e4tzungstest <br>(Self-Awareness-Tool - SAT)<\/a><\/h4><p class=\"elementor-image-box-description\">Das \u201ee-VET Self Assessment Tool (e-VET SAT) f\u00fcr digitale Kompetenzen\u201c bietet die M\u00f6glichkeit f\u00fcr Lehrausbilder (und Sch\u00fcler) ihre eigene gegenw\u00e4rtig vorhandene digitale Kompetenz einzusch\u00e4tzen. Im n\u00e4chsten Schritt kann man auf der Lernplattform evtl. Wissensl\u00fccken schlie\u00dfen. <\/p><\/div><\/div>\t\t<\/div>\n\t\t\t\t<\/div>\n\t\t\t\t\t<\/div>\n\t\t<\/div>\n\t\t\t\t<div class=\"elementor-column elementor-col-50 elementor-top-column elementor-element elementor-element-aed969c\" data-id=\"aed969c\" data-element_type=\"column\">\n\t\t\t<div class=\"elementor-widget-wrap elementor-element-populated\">\n\t\t\t\t\t\t<div class=\"elementor-element elementor-element-d332088 elementor-widget elementor-widget-spacer\" data-id=\"d332088\" data-element_type=\"widget\" data-widget_type=\"spacer.default\">\n\t\t\t\t<div class=\"elementor-widget-container\">\n\t\t\t\t\t<div class=\"elementor-spacer\">\n\t\t\t<div class=\"elementor-spacer-inner\"><\/div>\n\t\t<\/div>\n\t\t\t\t<\/div>\n\t\t\t\t<\/div>\n\t\t\t\t<div class=\"elementor-element elementor-element-7e8d06f elementor-widget elementor-widget-heading\" data-id=\"7e8d06f\" data-element_type=\"widget\" data-widget_type=\"heading.default\">\n\t\t\t\t<div class=\"elementor-widget-container\">\n\t\t\t<h2 class=\"elementor-heading-title elementor-size-default\">e-VET4AI TM<\/h2>\t\t<\/div>\n\t\t\t\t<\/div>\n\t\t\t\t<div class=\"elementor-element elementor-element-87e22aa elementor-position-top elementor-widget elementor-widget-image-box\" data-id=\"87e22aa\" data-element_type=\"widget\" data-widget_type=\"image-box.default\">\n\t\t\t\t<div class=\"elementor-widget-container\">\n\t\t\t<div class=\"elementor-image-box-wrapper\"><figure class=\"elementor-image-box-img\"><a href=\"https:\/\/evet4ai.eu\/de\/lerneinheiten\/\" tabindex=\"-1\"><img decoding=\"async\" width=\"1000\" height=\"1000\" src=\"https:\/\/evet4ai.eu\/wp-content\/uploads\/2022\/02\/robot-teacher@2.png\" class=\"attachment-full size-full wp-image-434\" alt=\"evet4ai robot teacher\" srcset=\"https:\/\/evet4ai.eu\/wp-content\/uploads\/2022\/02\/robot-teacher@2.png 1000w, https:\/\/evet4ai.eu\/wp-content\/uploads\/2022\/02\/robot-teacher@2-300x300.png 300w, https:\/\/evet4ai.eu\/wp-content\/uploads\/2022\/02\/robot-teacher@2-150x150.png 150w, https:\/\/evet4ai.eu\/wp-content\/uploads\/2022\/02\/robot-teacher@2-768x768.png 768w, https:\/\/evet4ai.eu\/wp-content\/uploads\/2022\/02\/robot-teacher@2-700x700.png 700w, https:\/\/evet4ai.eu\/wp-content\/uploads\/2022\/02\/robot-teacher@2-624x624.png 624w\" sizes=\"(max-width: 1000px) 100vw, 1000px\" \/><\/a><\/figure><div class=\"elementor-image-box-content\"><h4 class=\"elementor-image-box-title\"><a href=\"https:\/\/evet4ai.eu\/de\/lerneinheiten\/\">Lerneinheiten<\/a><\/h4><p class=\"elementor-image-box-description\">Die einzelnen Lerneinheiten bieten Online-Schulungs-inhalte mit Schwerpunkt auf k\u00fcnstlicher Intelligenz und Datenanalyse. <\/p><\/div><\/div>\t\t<\/div>\n\t\t\t\t<\/div>\n\t\t\t\t\t<\/div>\n\t\t<\/div>\n\t\t\t\t\t<\/div>\n\t\t<\/section>\n\t\t\t\t<section class=\"elementor-section elementor-top-section elementor-element elementor-element-4f3929e elementor-section-boxed elementor-section-height-default elementor-section-height-default\" data-id=\"4f3929e\" data-element_type=\"section\">\n\t\t\t\t\t\t<div class=\"elementor-container elementor-column-gap-default\">\n\t\t\t\t\t<div class=\"elementor-column elementor-col-100 elementor-top-column elementor-element elementor-element-59bd1c9\" data-id=\"59bd1c9\" data-element_type=\"column\">\n\t\t\t<div class=\"elementor-widget-wrap elementor-element-populated\">\n\t\t\t\t\t\t<div class=\"elementor-element elementor-element-d8e35d4 elementor-widget elementor-widget-spacer\" data-id=\"d8e35d4\" data-element_type=\"widget\" data-widget_type=\"spacer.default\">\n\t\t\t\t<div class=\"elementor-widget-container\">\n\t\t\t\t\t<div class=\"elementor-spacer\">\n\t\t\t<div class=\"elementor-spacer-inner\"><\/div>\n\t\t<\/div>\n\t\t\t\t<\/div>\n\t\t\t\t<\/div>\n\t\t\t\t\t<\/div>\n\t\t<\/div>\n\t\t\t\t\t<\/div>\n\t\t<\/section>\n\t\t\t\t<\/div>\n\t\t","protected":false},"excerpt":{"rendered":"<p>Lernplattform e-VET4AI: Digitalisierung in der Berufsausbildung e-VET Self Awareness Tool (e-VET SAT), der Selbsteinsch\u00e4tzungstest der digitalen Kompetenz, e-VET4AI Lerneinheiten e-VET SAT Selbsteinsch\u00e4tzungstest (Self-Awareness-Tool &#8211; SAT)&hellip;<\/p>\n","protected":false},"author":1,"featured_media":1618,"parent":0,"menu_order":0,"comment_status":"closed","ping_status":"closed","template":"","meta":{"footnotes":""},"class_list":["post-1452","page","type-page","status-publish","has-post-thumbnail","hentry"],"_links":{"self":[{"href":"https:\/\/evet4ai.eu\/de\/wp-json\/wp\/v2\/pages\/1452"}],"collection":[{"href":"https:\/\/evet4ai.eu\/de\/wp-json\/wp\/v2\/pages"}],"about":[{"href":"https:\/\/evet4ai.eu\/de\/wp-json\/wp\/v2\/types\/page"}],"author":[{"embeddable":true,"href":"https:\/\/evet4ai.eu\/de\/wp-json\/wp\/v2\/users\/1"}],"replies":[{"embeddable":true,"href":"https:\/\/evet4ai.eu\/de\/wp-json\/wp\/v2\/comments?post=1452"}],"version-history":[{"count":23,"href":"https:\/\/evet4ai.eu\/de\/wp-json\/wp\/v2\/pages\/1452\/revisions"}],"predecessor-version":[{"id":14680,"href":"https:\/\/evet4ai.eu\/de\/wp-json\/wp\/v2\/pages\/1452\/revisions\/14680"}],"wp:featuredmedia":[{"embeddable":true,"href":"https:\/\/evet4ai.eu\/de\/wp-json\/wp\/v2\/media\/1618"}],"wp:attachment":[{"href":"https:\/\/evet4ai.eu\/de\/wp-json\/wp\/v2\/media?parent=1452"}],"curies":[{"name":"wp","href":"https:\/\/api.w.org\/{rel}","templated":true}]}}