{"id":15519,"date":"2023-12-15T08:07:26","date_gmt":"2023-12-15T08:07:26","guid":{"rendered":"https:\/\/evet4ai.eu\/tools-fuer-lehrkraefte\/"},"modified":"2024-01-05T10:46:08","modified_gmt":"2024-01-05T10:46:08","slug":"tools-fuer-lehrkraefte","status":"publish","type":"page","link":"https:\/\/evet4ai.eu\/de\/tools-fuer-lehrkraefte\/","title":{"rendered":"Tools f\u00fcr Lehrkr\u00e4fte"},"content":{"rendered":"\t\t<div data-elementor-type=\"wp-page\" data-elementor-id=\"15519\" class=\"elementor elementor-15519 elementor-15489\" data-elementor-post-type=\"page\">\n\t\t\t\t\t\t<section class=\"elementor-section elementor-top-section elementor-element elementor-element-d9861e4 elementor-section-boxed elementor-section-height-default elementor-section-height-default\" data-id=\"d9861e4\" data-element_type=\"section\">\n\t\t\t\t\t\t<div class=\"elementor-container elementor-column-gap-default\">\n\t\t\t\t\t<div class=\"elementor-column elementor-col-100 elementor-top-column elementor-element elementor-element-4456d48\" data-id=\"4456d48\" data-element_type=\"column\">\n\t\t\t<div class=\"elementor-widget-wrap elementor-element-populated\">\n\t\t\t\t\t\t<div class=\"elementor-element elementor-element-01f24f4 elementor-widget elementor-widget-spacer\" data-id=\"01f24f4\" data-element_type=\"widget\" data-widget_type=\"spacer.default\">\n\t\t\t\t<div class=\"elementor-widget-container\">\n\t\t\t\t\t<div class=\"elementor-spacer\">\n\t\t\t<div class=\"elementor-spacer-inner\"><\/div>\n\t\t<\/div>\n\t\t\t\t<\/div>\n\t\t\t\t<\/div>\n\t\t\t\t<div class=\"elementor-element elementor-element-424c78e elementor-widget elementor-widget-heading\" data-id=\"424c78e\" data-element_type=\"widget\" data-widget_type=\"heading.default\">\n\t\t\t\t<div class=\"elementor-widget-container\">\n\t\t\t<h3 class=\"elementor-heading-title elementor-size-default\">Tools f\u00fcr Lehrkr\u00e4fte<\/h3>\t\t<\/div>\n\t\t\t\t<\/div>\n\t\t\t\t<div class=\"elementor-element elementor-element-f81df67 elementor-widget-divider--view-line elementor-widget elementor-widget-divider\" data-id=\"f81df67\" data-element_type=\"widget\" data-widget_type=\"divider.default\">\n\t\t\t\t<div class=\"elementor-widget-container\">\n\t\t\t\t\t<div class=\"elementor-divider\">\n\t\t\t<span class=\"elementor-divider-separator\">\n\t\t\t\t\t\t<\/span>\n\t\t<\/div>\n\t\t\t\t<\/div>\n\t\t\t\t<\/div>\n\t\t\t\t\t<\/div>\n\t\t<\/div>\n\t\t\t\t\t<\/div>\n\t\t<\/section>\n\t\t\t\t<section class=\"elementor-section elementor-top-section elementor-element elementor-element-a5b3d02 elementor-section-boxed elementor-section-height-default elementor-section-height-default\" data-id=\"a5b3d02\" data-element_type=\"section\">\n\t\t\t\t\t\t<div class=\"elementor-container elementor-column-gap-default\">\n\t\t\t\t\t<div class=\"elementor-column elementor-col-100 elementor-top-column elementor-element elementor-element-a46bc00\" data-id=\"a46bc00\" data-element_type=\"column\">\n\t\t\t<div class=\"elementor-widget-wrap elementor-element-populated\">\n\t\t\t\t\t\t<div class=\"elementor-element elementor-element-38b2faa elementor-widget elementor-widget-text-editor\" data-id=\"38b2faa\" data-element_type=\"widget\" data-widget_type=\"text-editor.default\">\n\t\t\t\t<div class=\"elementor-widget-container\">\n\t\t\t\t\t\t\t<p>Dieser umfassende Lehrleitfaden gibt Lehrkr\u00e4ften praktische Hinweise an die Hand, Lehrinhalte im Unterricht umzusetzen. Inhalt sind realit\u00e4tsbezogene Herausforderungen, welche die aktive Zusammenarbeit von Lernenden, die \u00dcberwachung des Lernfortschritts und die Bewertung der Ergebnisse sowie die kontinuierliche Verbesserung des Lernfortschritts f\u00f6rdern. Dieser Leitfaden hier ist sowohl f\u00fcr Neulinge als auch Fortgeschrittene geeignet. Der Ansatz basiert auf kritischem Denken und Probleml\u00f6sungsf\u00e4higkeiten durch teambasiertes Lernen.<\/p>\t\t\t\t\t\t<\/div>\n\t\t\t\t<\/div>\n\t\t\t\t<div class=\"elementor-element elementor-element-cb4b6ce elementor-widget elementor-widget-text-editor\" data-id=\"cb4b6ce\" data-element_type=\"widget\" data-widget_type=\"text-editor.default\">\n\t\t\t\t<div class=\"elementor-widget-container\">\n\t\t\t\t\t\t\t<p><strong>Annex 1<br \/><\/strong>Diese Vorlage erm\u00f6glicht es Lehrkr\u00e4ften, gemeinsame Lernerfahrungen mit Herausforderungen zu gestalten und zu strukturieren. Sie enth\u00e4lt Abschnitte wie die teilnehmenden F\u00e4cher, die Organisation der Sch\u00fclerteams, die \u00dcbersicht \u00fcber die Herausforderungen, die Lernziele, den Zeitplan, die Ressourcen.<strong><br \/><\/strong><\/p>\t\t\t\t\t\t<\/div>\n\t\t\t\t<\/div>\n\t\t\t\t<div class=\"elementor-element elementor-element-38d3381 elementor-widget__width-initial elementor-widget elementor-widget-text-editor\" data-id=\"38d3381\" data-element_type=\"widget\" data-widget_type=\"text-editor.default\">\n\t\t\t\t<div class=\"elementor-widget-container\">\n\t\t\t\t\t\t\t<p><strong>Annex 2\u00a0<br \/><\/strong>Diese sch\u00fclerorientierte Vorlage fasst Informationen zusammen, einschlie\u00dflich des Ziels, der Aufgaben, des Zeitplans, der Ressourcen und der Bewertungskriterien. Das \u00fcbersichtliche Format erm\u00f6glicht es den Sch\u00fclerteams Erwartungen zu kl\u00e4ren, Verst\u00e4ndnis abzustimmen, Aktionen zu planen, Lernfortschritte zu verfolgen und schlie\u00dflich realit\u00e4tsbezogene Probleme zu l\u00f6sen. Auf diese Weise erm\u00f6glicht es den Lernenden, Verantwortung zu \u00fcbernehmen und den Lernprozess zu steuern.<strong><br \/><\/strong><\/p>\t\t\t\t\t\t<\/div>\n\t\t\t\t<\/div>\n\t\t\t\t\t<\/div>\n\t\t<\/div>\n\t\t\t\t\t<\/div>\n\t\t<\/section>\n\t\t\t\t<section class=\"elementor-section elementor-top-section elementor-element elementor-element-f466e8d elementor-section-boxed elementor-section-height-default elementor-section-height-default\" data-id=\"f466e8d\" data-element_type=\"section\">\n\t\t\t\t\t\t<div class=\"elementor-container elementor-column-gap-default\">\n\t\t\t\t\t<div class=\"elementor-column elementor-col-33 elementor-top-column elementor-element elementor-element-2d0fc4c\" data-id=\"2d0fc4c\" data-element_type=\"column\">\n\t\t\t<div class=\"elementor-widget-wrap elementor-element-populated\">\n\t\t\t\t\t\t<div class=\"elementor-element elementor-element-34f2f9c elementor-align-center elementor-widget elementor-widget-button\" data-id=\"34f2f9c\" data-element_type=\"widget\" data-widget_type=\"button.default\">\n\t\t\t\t<div class=\"elementor-widget-container\">\n\t\t\t\t\t<div class=\"elementor-button-wrapper\">\n\t\t\t<a class=\"elementor-button elementor-button-link elementor-size-sm\" href=\"https:\/\/evet4ai.eu\/wp-content\/uploads\/2024\/01\/e-VET4AI-PR3-A4-Guidelines-DEUTSCH.pdf\" target=\"_blank\">\n\t\t\t\t\t\t<span class=\"elementor-button-content-wrapper\">\n\t\t\t\t\t\t\t\t\t<span class=\"elementor-button-text\">Guideline<\/span>\n\t\t\t\t\t<\/span>\n\t\t\t\t\t<\/a>\n\t\t<\/div>\n\t\t\t\t<\/div>\n\t\t\t\t<\/div>\n\t\t\t\t\t<\/div>\n\t\t<\/div>\n\t\t\t\t<div class=\"elementor-column elementor-col-33 elementor-top-column elementor-element elementor-element-57f99f5\" data-id=\"57f99f5\" data-element_type=\"column\">\n\t\t\t<div class=\"elementor-widget-wrap elementor-element-populated\">\n\t\t\t\t\t\t<div class=\"elementor-element elementor-element-76af05e elementor-align-center elementor-widget elementor-widget-button\" data-id=\"76af05e\" data-element_type=\"widget\" data-widget_type=\"button.default\">\n\t\t\t\t<div class=\"elementor-widget-container\">\n\t\t\t\t\t<div class=\"elementor-button-wrapper\">\n\t\t\t<a class=\"elementor-button elementor-button-link elementor-size-sm\" href=\"https:\/\/evet4ai.eu\/wp-content\/uploads\/2024\/01\/e-VET4AI_ANNEX1_DE.pdf\" target=\"_blank\">\n\t\t\t\t\t\t<span class=\"elementor-button-content-wrapper\">\n\t\t\t\t\t\t\t\t\t<span class=\"elementor-button-text\">Annex 1<\/span>\n\t\t\t\t\t<\/span>\n\t\t\t\t\t<\/a>\n\t\t<\/div>\n\t\t\t\t<\/div>\n\t\t\t\t<\/div>\n\t\t\t\t\t<\/div>\n\t\t<\/div>\n\t\t\t\t<div class=\"elementor-column elementor-col-33 elementor-top-column elementor-element elementor-element-c2ef696\" data-id=\"c2ef696\" data-element_type=\"column\">\n\t\t\t<div class=\"elementor-widget-wrap elementor-element-populated\">\n\t\t\t\t\t\t<div class=\"elementor-element elementor-element-6f0448a elementor-align-center elementor-widget elementor-widget-button\" data-id=\"6f0448a\" data-element_type=\"widget\" data-widget_type=\"button.default\">\n\t\t\t\t<div class=\"elementor-widget-container\">\n\t\t\t\t\t<div class=\"elementor-button-wrapper\">\n\t\t\t<a class=\"elementor-button elementor-button-link elementor-size-sm\" href=\"https:\/\/evet4ai.eu\/wp-content\/uploads\/2024\/01\/e-VET4AI_ANNEX2_DE.pdf\" target=\"_blank\">\n\t\t\t\t\t\t<span class=\"elementor-button-content-wrapper\">\n\t\t\t\t\t\t\t\t\t<span class=\"elementor-button-text\">Annex 2<\/span>\n\t\t\t\t\t<\/span>\n\t\t\t\t\t<\/a>\n\t\t<\/div>\n\t\t\t\t<\/div>\n\t\t\t\t<\/div>\n\t\t\t\t\t<\/div>\n\t\t<\/div>\n\t\t\t\t\t<\/div>\n\t\t<\/section>\n\t\t\t\t<\/div>\n\t\t","protected":false},"excerpt":{"rendered":"<p>Tools f\u00fcr Lehrkr\u00e4fte Dieser umfassende Lehrleitfaden gibt Lehrkr\u00e4ften praktische Hinweise an die Hand, Lehrinhalte im Unterricht umzusetzen. Inhalt sind realit\u00e4tsbezogene Herausforderungen, welche die aktive Zusammenarbeit&hellip;<\/p>\n","protected":false},"author":3,"featured_media":0,"parent":0,"menu_order":0,"comment_status":"closed","ping_status":"closed","template":"","meta":{"footnotes":""},"class_list":["post-15519","page","type-page","status-publish","hentry"],"_links":{"self":[{"href":"https:\/\/evet4ai.eu\/de\/wp-json\/wp\/v2\/pages\/15519"}],"collection":[{"href":"https:\/\/evet4ai.eu\/de\/wp-json\/wp\/v2\/pages"}],"about":[{"href":"https:\/\/evet4ai.eu\/de\/wp-json\/wp\/v2\/types\/page"}],"author":[{"embeddable":true,"href":"https:\/\/evet4ai.eu\/de\/wp-json\/wp\/v2\/users\/3"}],"replies":[{"embeddable":true,"href":"https:\/\/evet4ai.eu\/de\/wp-json\/wp\/v2\/comments?post=15519"}],"version-history":[{"count":13,"href":"https:\/\/evet4ai.eu\/de\/wp-json\/wp\/v2\/pages\/15519\/revisions"}],"predecessor-version":[{"id":15799,"href":"https:\/\/evet4ai.eu\/de\/wp-json\/wp\/v2\/pages\/15519\/revisions\/15799"}],"wp:attachment":[{"href":"https:\/\/evet4ai.eu\/de\/wp-json\/wp\/v2\/media?parent=15519"}],"curies":[{"name":"wp","href":"https:\/\/api.w.org\/{rel}","templated":true}]}}