{"id":8890,"date":"2023-02-02T12:34:04","date_gmt":"2023-02-02T12:34:04","guid":{"rendered":"https:\/\/evet4ai.eu\/selbstbewertungstool-kuenstliche-intelligenz\/"},"modified":"2023-07-20T07:52:39","modified_gmt":"2023-07-20T07:52:39","slug":"selbstbewertungstool-kuenstliche-intelligenz","status":"publish","type":"page","link":"https:\/\/evet4ai.eu\/de\/selbstbewertungstool-kuenstliche-intelligenz\/","title":{"rendered":"Selbstbewertungstool K\u00dcNSTLICHE INTELLIGENZ"},"content":{"rendered":"\t\t<div data-elementor-type=\"wp-page\" data-elementor-id=\"8890\" class=\"elementor elementor-8890 elementor-4066\" data-elementor-post-type=\"page\">\n\t\t\t\t\t\t<section class=\"elementor-section elementor-top-section elementor-element elementor-element-848ad18 elementor-section-boxed elementor-section-height-default elementor-section-height-default\" data-id=\"848ad18\" data-element_type=\"section\" data-settings=\"{&quot;background_background&quot;:&quot;classic&quot;}\">\n\t\t\t\t\t\t\t<div class=\"elementor-background-overlay\"><\/div>\n\t\t\t\t\t\t\t<div class=\"elementor-container elementor-column-gap-default\">\n\t\t\t\t\t<div class=\"elementor-column elementor-col-100 elementor-top-column elementor-element elementor-element-b4a86b6\" data-id=\"b4a86b6\" data-element_type=\"column\">\n\t\t\t<div class=\"elementor-widget-wrap elementor-element-populated\">\n\t\t\t\t\t\t<div class=\"elementor-element elementor-element-9393374 elementor-widget elementor-widget-spacer\" data-id=\"9393374\" data-element_type=\"widget\" data-widget_type=\"spacer.default\">\n\t\t\t\t<div class=\"elementor-widget-container\">\n\t\t\t\t\t<div class=\"elementor-spacer\">\n\t\t\t<div class=\"elementor-spacer-inner\"><\/div>\n\t\t<\/div>\n\t\t\t\t<\/div>\n\t\t\t\t<\/div>\n\t\t\t\t<div class=\"elementor-element elementor-element-5a3476f elementor-widget elementor-widget-toggle\" data-id=\"5a3476f\" data-element_type=\"widget\" data-widget_type=\"toggle.default\">\n\t\t\t\t<div class=\"elementor-widget-container\">\n\t\t\t\t\t<div class=\"elementor-toggle\">\n\t\t\t\t\t\t\t<div class=\"elementor-toggle-item\">\n\t\t\t\t\t<h4 id=\"elementor-tab-title-9451\" class=\"elementor-tab-title\" data-tab=\"1\" role=\"button\" aria-controls=\"elementor-tab-content-9451\" aria-expanded=\"false\">\n\t\t\t\t\t\t\t\t\t\t\t\t<span class=\"elementor-toggle-icon elementor-toggle-icon-left\" aria-hidden=\"true\">\n\t\t\t\t\t\t\t\t\t\t\t\t\t\t\t<span class=\"elementor-toggle-icon-closed\"><i class=\"fas fa-angle-down\"><\/i><\/span>\n\t\t\t\t\t\t\t\t<span class=\"elementor-toggle-icon-opened\"><i class=\"elementor-toggle-icon-opened fas fa-angle-up\"><\/i><\/span>\n\t\t\t\t\t\t\t\t\t\t\t\t\t<\/span>\n\t\t\t\t\t\t\t\t\t\t\t\t<a class=\"elementor-toggle-title\" tabindex=\"0\">K\u00dcNSTLICHE INTELLIGENZ| TEXTANALYTIK UND VERARBEITUNG NAT\u00dcRLICHER SPRACHE<\/a>\n\t\t\t\t\t<\/h4>\n\n\t\t\t\t\t<div id=\"elementor-tab-content-9451\" class=\"elementor-tab-content elementor-clearfix\" data-tab=\"1\" role=\"region\" aria-labelledby=\"elementor-tab-title-9451\"><p>K\u00fcnstliche Intelligenz (KI) bezieht sich auf die Entwicklung von Computersystemen, die Aufgaben ausf\u00fchren k\u00f6nnen, f\u00fcr die normalerweise menschliche Intelligenz erforderlich w\u00e4re. Zu diesen Aufgaben geh\u00f6ren das Erkennen von Mustern, das Treffen von Entscheidungen, das L\u00f6sen von Problemen und das Lernen aus Dateneingaben. Im Kontext der technischen Ausbildung kann KI eingesetzt werden, um Lernerfahrungen f\u00fcr Lernende zu personalisieren, Echtzeit-Feedback zu geben und Bereiche zu identifizieren, in denen zus\u00e4tzliche Unterst\u00fctzung ben\u00f6tigt wird. KI-gest\u00fctzte Lernsoftware kann sich beispielsweise an den individuellen Lernstil und das Lerntempo eines jeden Sch\u00fclers anpassen und bei Bedarf gezielte Unterst\u00fctzung und Ressourcen bereitstellen. KI kann auch dazu verwendet werden, die Daten von Auszubildenden zu analysieren, um Muster und Trends zu erkennen, die in die Entwicklung von Lehrmethoden und Lehrpl\u00e4nen einflie\u00dfen k\u00f6nnen. Indem sie KI auf diese Weise nutzen, k\u00f6nnen Ausbilder ihren Unterricht besser auf die Bed\u00fcrfnisse der Lernenden abstimmen und ihnen helfen, ihre Bildungsziele effektiver zu erreichen.<\/p>\n<\/div>\n\t\t\t\t<\/div>\n\t\t\t\t\t\t\t\t<\/div>\n\t\t\t\t<\/div>\n\t\t\t\t<\/div>\n\t\t\t\t<div class=\"elementor-element elementor-element-6eaf194 elementor-widget elementor-widget-spacer\" data-id=\"6eaf194\" data-element_type=\"widget\" data-widget_type=\"spacer.default\">\n\t\t\t\t<div class=\"elementor-widget-container\">\n\t\t\t\t\t<div class=\"elementor-spacer\">\n\t\t\t<div class=\"elementor-spacer-inner\"><\/div>\n\t\t<\/div>\n\t\t\t\t<\/div>\n\t\t\t\t<\/div>\n\t\t\t\t<section class=\"elementor-section elementor-inner-section elementor-element elementor-element-bc1c6b1 elementor-section-boxed elementor-section-height-default elementor-section-height-default\" data-id=\"bc1c6b1\" data-element_type=\"section\">\n\t\t\t\t\t\t<div class=\"elementor-container elementor-column-gap-default\">\n\t\t\t\t\t<div class=\"plus-sticky-column-sticky elementor-column elementor-col-50 elementor-inner-column elementor-element elementor-element-a7413ee elementor-hidden-tablet elementor-hidden-mobile\" data-plus-sticky-column-settings=\"{&quot;id&quot;:&quot;a7413ee&quot;,&quot;sticky&quot;:true,&quot;topSpacing&quot;:100,&quot;bottomSpacing&quot;:80,&quot;stickyOn&quot;:[&quot;desktop&quot;,&quot;tablet&quot;]}\" data-id=\"a7413ee\" data-element_type=\"column\">\n\t\t\t<div class=\"elementor-widget-wrap elementor-element-populated\">\n\t\t\t\t\t\t<div class=\"elementor-element elementor-element-e1581bf elementor-widget elementor-widget-image\" data-id=\"e1581bf\" data-element_type=\"widget\" data-widget_type=\"image.default\">\n\t\t\t\t<div class=\"elementor-widget-container\">\n\t\t\t\t\t\t\t\t\t\t\t\t\t<img fetchpriority=\"high\" decoding=\"async\" width=\"538\" height=\"1024\" src=\"https:\/\/evet4ai.eu\/wp-content\/uploads\/2023\/02\/vertical-featured-ARTIFICIAL-INTELLIGENCE-538x1024.jpg\" class=\"attachment-large size-large wp-image-4038\" alt=\"\" srcset=\"https:\/\/evet4ai.eu\/wp-content\/uploads\/2023\/02\/vertical-featured-ARTIFICIAL-INTELLIGENCE-538x1024.jpg 538w, https:\/\/evet4ai.eu\/wp-content\/uploads\/2023\/02\/vertical-featured-ARTIFICIAL-INTELLIGENCE-158x300.jpg 158w, https:\/\/evet4ai.eu\/wp-content\/uploads\/2023\/02\/vertical-featured-ARTIFICIAL-INTELLIGENCE-624x1189.jpg 624w, https:\/\/evet4ai.eu\/wp-content\/uploads\/2023\/02\/vertical-featured-ARTIFICIAL-INTELLIGENCE.jpg 630w\" sizes=\"(max-width: 538px) 100vw, 538px\" \/>\t\t\t\t\t\t\t\t\t\t\t\t\t<\/div>\n\t\t\t\t<\/div>\n\t\t\t\t\t<\/div>\n\t\t<\/div>\n\t\t\t\t<div class=\"elementor-column elementor-col-50 elementor-inner-column elementor-element elementor-element-ae49a9d\" data-id=\"ae49a9d\" data-element_type=\"column\">\n\t\t\t<div class=\"elementor-widget-wrap elementor-element-populated\">\n\t\t\t\t\t\t<div class=\"elementor-element elementor-element-20447df elementor-widget elementor-widget-shortcode\" data-id=\"20447df\" data-element_type=\"widget\" data-widget_type=\"shortcode.default\">\n\t\t\t\t<div class=\"elementor-widget-container\">\n\t\t\t\t\t<div class=\"elementor-shortcode\"><p>Verzeihung. Sie m\u00fcssen angemeldet sein, um dieses Formular anzuzeigen.\r\n<br><br>\r\n<strong><a href=\"https:\/\/evet4ai.eu\/wp-login.php\" target=\"_blank\" rel=\"noopener\">Anmeldung<\/a><\/strong>\r\n<br><br>\r\nSie haben kein Konto?\r\nKein Problem, <strong><a href=\"https:\/\/evet4ai.eu\/register\/\" target=\"_blank\" rel=\"noopener\">Klicken Sie hier, um sich zu registrieren<\/a><\/strong>.<\/p><\/div>\n\t\t\t\t<\/div>\n\t\t\t\t<\/div>\n\t\t\t\t\t<\/div>\n\t\t<\/div>\n\t\t\t\t\t<\/div>\n\t\t<\/section>\n\t\t\t\t\t<\/div>\n\t\t<\/div>\n\t\t\t\t\t<\/div>\n\t\t<\/section>\n\t\t\t\t<\/div>\n\t\t","protected":false},"excerpt":{"rendered":"<p>K\u00dcNSTLICHE INTELLIGENZ| TEXTANALYTIK UND VERARBEITUNG NAT\u00dcRLICHER SPRACHE K\u00fcnstliche Intelligenz (KI) bezieht sich auf die Entwicklung von Computersystemen, die Aufgaben ausf\u00fchren k\u00f6nnen, f\u00fcr die normalerweise menschliche&hellip;<\/p>\n","protected":false},"author":4,"featured_media":0,"parent":0,"menu_order":0,"comment_status":"closed","ping_status":"closed","template":"","meta":{"footnotes":""},"class_list":["post-8890","page","type-page","status-publish","hentry"],"_links":{"self":[{"href":"https:\/\/evet4ai.eu\/de\/wp-json\/wp\/v2\/pages\/8890"}],"collection":[{"href":"https:\/\/evet4ai.eu\/de\/wp-json\/wp\/v2\/pages"}],"about":[{"href":"https:\/\/evet4ai.eu\/de\/wp-json\/wp\/v2\/types\/page"}],"author":[{"embeddable":true,"href":"https:\/\/evet4ai.eu\/de\/wp-json\/wp\/v2\/users\/4"}],"replies":[{"embeddable":true,"href":"https:\/\/evet4ai.eu\/de\/wp-json\/wp\/v2\/comments?post=8890"}],"version-history":[{"count":1,"href":"https:\/\/evet4ai.eu\/de\/wp-json\/wp\/v2\/pages\/8890\/revisions"}],"predecessor-version":[{"id":8891,"href":"https:\/\/evet4ai.eu\/de\/wp-json\/wp\/v2\/pages\/8890\/revisions\/8891"}],"wp:attachment":[{"href":"https:\/\/evet4ai.eu\/de\/wp-json\/wp\/v2\/media?parent=8890"}],"curies":[{"name":"wp","href":"https:\/\/api.w.org\/{rel}","templated":true}]}}