{"id":8895,"date":"2023-02-02T12:41:00","date_gmt":"2023-02-02T12:41:00","guid":{"rendered":"https:\/\/evet4ai.eu\/selbstbewertungstool-erweiterte-realitaet\/"},"modified":"2023-07-20T07:58:16","modified_gmt":"2023-07-20T07:58:16","slug":"selbstbewertungstool-erweiterte-realitaet","status":"publish","type":"page","link":"https:\/\/evet4ai.eu\/de\/selbstbewertungstool-erweiterte-realitaet\/","title":{"rendered":"Selbstbewertungstool ERWEITERTE REALIT\u00c4T"},"content":{"rendered":"\t\t<div data-elementor-type=\"wp-page\" data-elementor-id=\"8895\" class=\"elementor elementor-8895 elementor-4082\" data-elementor-post-type=\"page\">\n\t\t\t\t\t\t<section class=\"elementor-section elementor-top-section elementor-element elementor-element-c16d62a elementor-section-boxed elementor-section-height-default elementor-section-height-default\" data-id=\"c16d62a\" data-element_type=\"section\" data-settings=\"{&quot;background_background&quot;:&quot;classic&quot;}\">\n\t\t\t\t\t\t\t<div class=\"elementor-background-overlay\"><\/div>\n\t\t\t\t\t\t\t<div class=\"elementor-container elementor-column-gap-default\">\n\t\t\t\t\t<div class=\"elementor-column elementor-col-100 elementor-top-column elementor-element elementor-element-5932453\" data-id=\"5932453\" data-element_type=\"column\">\n\t\t\t<div class=\"elementor-widget-wrap elementor-element-populated\">\n\t\t\t\t\t\t<div class=\"elementor-element elementor-element-9387921 elementor-widget elementor-widget-spacer\" data-id=\"9387921\" data-element_type=\"widget\" data-widget_type=\"spacer.default\">\n\t\t\t\t<div class=\"elementor-widget-container\">\n\t\t\t\t\t<div class=\"elementor-spacer\">\n\t\t\t<div class=\"elementor-spacer-inner\"><\/div>\n\t\t<\/div>\n\t\t\t\t<\/div>\n\t\t\t\t<\/div>\n\t\t\t\t<div class=\"elementor-element elementor-element-209a27d elementor-widget elementor-widget-toggle\" data-id=\"209a27d\" data-element_type=\"widget\" data-widget_type=\"toggle.default\">\n\t\t\t\t<div class=\"elementor-widget-container\">\n\t\t\t\t\t<div class=\"elementor-toggle\">\n\t\t\t\t\t\t\t<div class=\"elementor-toggle-item\">\n\t\t\t\t\t<h4 id=\"elementor-tab-title-3411\" class=\"elementor-tab-title\" data-tab=\"1\" role=\"button\" aria-controls=\"elementor-tab-content-3411\" aria-expanded=\"false\">\n\t\t\t\t\t\t\t\t\t\t\t\t<span class=\"elementor-toggle-icon elementor-toggle-icon-left\" aria-hidden=\"true\">\n\t\t\t\t\t\t\t\t\t\t\t\t\t\t\t<span class=\"elementor-toggle-icon-closed\"><i class=\"fas fa-angle-down\"><\/i><\/span>\n\t\t\t\t\t\t\t\t<span class=\"elementor-toggle-icon-opened\"><i class=\"elementor-toggle-icon-opened fas fa-angle-up\"><\/i><\/span>\n\t\t\t\t\t\t\t\t\t\t\t\t\t<\/span>\n\t\t\t\t\t\t\t\t\t\t\t\t<a class=\"elementor-toggle-title\" tabindex=\"0\">ERWEITERTE REALIT\u00c4T<\/a>\n\t\t\t\t\t<\/h4>\n\n\t\t\t\t\t<div id=\"elementor-tab-content-3411\" class=\"elementor-tab-content elementor-clearfix\" data-tab=\"1\" role=\"region\" aria-labelledby=\"elementor-tab-title-3411\"><p>Erweiterte Realit\u00e4t (AR) ist eine Technologie, bei der digitale Informationen und Bilder in die reale Welt eingeblendet werden, so dass ein interaktives und immersives Erlebnis f\u00fcr die Nutzer entsteht. AR-Anwendungen k\u00f6nnen zur Verbesserung des Lehrens und Lernens in verschiedenen Bereichen, darunter Wissenschaft, Technik und Kunst, eingesetzt werden.<\/p>\n<p>Im Rahmen der technischen Ausbildung kann AR eingesetzt werden, um den Lernenden praktische Erfahrungen in verschiedenen industriellen und technischen Fertigkeiten zu vermitteln. So k\u00f6nnen die Lernenden beispielsweise AR-Anwendungen nutzen, um 3D-Modelle von Maschinen oder anderen Industrieanlagen zu visualisieren und mit ihnen zu interagieren. Dies kann ihnen helfen, die Konstruktion und Funktionsweise dieser Maschinen besser zu verstehen und m\u00f6gliche Sicherheitsrisiken zu erkennen.<\/p>\n<p>AR kann auch verwendet werden, um Industriefachleuten und Berufssch\u00fclern verschiedene technische Prozesse, wie die Montage oder Demontage von Maschinen, zu vermitteln. So k\u00f6nnen die Lernenden beispielsweise AR-Anwendungen nutzen, um Schritt-f\u00fcr-Schritt-Anweisungen f\u00fcr den Zusammenbau einer Maschine zu visualisieren und zu befolgen, ohne dass sie die physische Maschine vor sich haben m\u00fcssen. Dies kann den Sch\u00fclern helfen, technische F\u00e4higkeiten in einer sicheren und kontrollierten Umgebung zu erlernen und zu \u00fcben.<\/p>\n<\/div>\n\t\t\t\t<\/div>\n\t\t\t\t\t\t\t\t<\/div>\n\t\t\t\t<\/div>\n\t\t\t\t<\/div>\n\t\t\t\t<div class=\"elementor-element elementor-element-548055c elementor-widget elementor-widget-spacer\" data-id=\"548055c\" data-element_type=\"widget\" data-widget_type=\"spacer.default\">\n\t\t\t\t<div class=\"elementor-widget-container\">\n\t\t\t\t\t<div class=\"elementor-spacer\">\n\t\t\t<div class=\"elementor-spacer-inner\"><\/div>\n\t\t<\/div>\n\t\t\t\t<\/div>\n\t\t\t\t<\/div>\n\t\t\t\t<section class=\"elementor-section elementor-inner-section elementor-element elementor-element-407b2e6 elementor-section-boxed elementor-section-height-default elementor-section-height-default\" data-id=\"407b2e6\" data-element_type=\"section\">\n\t\t\t\t\t\t<div class=\"elementor-container elementor-column-gap-default\">\n\t\t\t\t\t<div class=\"plus-sticky-column-sticky elementor-column elementor-col-50 elementor-inner-column elementor-element elementor-element-ac79797 elementor-hidden-tablet elementor-hidden-mobile\" data-plus-sticky-column-settings=\"{&quot;id&quot;:&quot;ac79797&quot;,&quot;sticky&quot;:true,&quot;topSpacing&quot;:100,&quot;bottomSpacing&quot;:80,&quot;stickyOn&quot;:[&quot;desktop&quot;,&quot;tablet&quot;]}\" data-id=\"ac79797\" data-element_type=\"column\">\n\t\t\t<div class=\"elementor-widget-wrap elementor-element-populated\">\n\t\t\t\t\t\t<div class=\"elementor-element elementor-element-f389ac3 elementor-widget elementor-widget-image\" data-id=\"f389ac3\" data-element_type=\"widget\" data-widget_type=\"image.default\">\n\t\t\t\t<div class=\"elementor-widget-container\">\n\t\t\t\t\t\t\t\t\t\t\t\t\t<img fetchpriority=\"high\" decoding=\"async\" width=\"538\" height=\"1024\" src=\"https:\/\/evet4ai.eu\/wp-content\/uploads\/2023\/02\/vertical-featured-AUGMENTED-REALITY--538x1024.jpg\" class=\"attachment-large size-large wp-image-4044\" alt=\"\" srcset=\"https:\/\/evet4ai.eu\/wp-content\/uploads\/2023\/02\/vertical-featured-AUGMENTED-REALITY--538x1024.jpg 538w, https:\/\/evet4ai.eu\/wp-content\/uploads\/2023\/02\/vertical-featured-AUGMENTED-REALITY--158x300.jpg 158w, https:\/\/evet4ai.eu\/wp-content\/uploads\/2023\/02\/vertical-featured-AUGMENTED-REALITY--624x1189.jpg 624w, https:\/\/evet4ai.eu\/wp-content\/uploads\/2023\/02\/vertical-featured-AUGMENTED-REALITY-.jpg 630w\" sizes=\"(max-width: 538px) 100vw, 538px\" \/>\t\t\t\t\t\t\t\t\t\t\t\t\t<\/div>\n\t\t\t\t<\/div>\n\t\t\t\t\t<\/div>\n\t\t<\/div>\n\t\t\t\t<div class=\"elementor-column elementor-col-50 elementor-inner-column elementor-element elementor-element-5301681\" data-id=\"5301681\" data-element_type=\"column\">\n\t\t\t<div class=\"elementor-widget-wrap elementor-element-populated\">\n\t\t\t\t\t\t<div class=\"elementor-element elementor-element-3caddf6 elementor-widget elementor-widget-shortcode\" data-id=\"3caddf6\" data-element_type=\"widget\" data-widget_type=\"shortcode.default\">\n\t\t\t\t<div class=\"elementor-widget-container\">\n\t\t\t\t\t<div class=\"elementor-shortcode\"><p>Verzeihung. Sie m\u00fcssen angemeldet sein, um dieses Formular anzuzeigen.\r\n<br><br>\r\n<strong><a href=\"https:\/\/evet4ai.eu\/wp-login.php\" target=\"_blank\" rel=\"noopener\">Anmeldung<\/a><\/strong>\r\n<br><br>\r\nSie haben kein Konto?\r\nKein Problem, <strong><a href=\"https:\/\/evet4ai.eu\/register\/\" target=\"_blank\" rel=\"noopener\">Klicken Sie hier, um sich zu registrieren<\/a><\/strong>.<\/p><\/div>\n\t\t\t\t<\/div>\n\t\t\t\t<\/div>\n\t\t\t\t\t<\/div>\n\t\t<\/div>\n\t\t\t\t\t<\/div>\n\t\t<\/section>\n\t\t\t\t\t<\/div>\n\t\t<\/div>\n\t\t\t\t\t<\/div>\n\t\t<\/section>\n\t\t\t\t<\/div>\n\t\t","protected":false},"excerpt":{"rendered":"<p>ERWEITERTE REALIT\u00c4T Erweiterte Realit\u00e4t (AR) ist eine Technologie, bei der digitale Informationen und Bilder in die reale Welt eingeblendet werden, so dass ein interaktives und&hellip;<\/p>\n","protected":false},"author":4,"featured_media":0,"parent":0,"menu_order":0,"comment_status":"closed","ping_status":"closed","template":"","meta":{"footnotes":""},"class_list":["post-8895","page","type-page","status-publish","hentry"],"_links":{"self":[{"href":"https:\/\/evet4ai.eu\/de\/wp-json\/wp\/v2\/pages\/8895"}],"collection":[{"href":"https:\/\/evet4ai.eu\/de\/wp-json\/wp\/v2\/pages"}],"about":[{"href":"https:\/\/evet4ai.eu\/de\/wp-json\/wp\/v2\/types\/page"}],"author":[{"embeddable":true,"href":"https:\/\/evet4ai.eu\/de\/wp-json\/wp\/v2\/users\/4"}],"replies":[{"embeddable":true,"href":"https:\/\/evet4ai.eu\/de\/wp-json\/wp\/v2\/comments?post=8895"}],"version-history":[{"count":1,"href":"https:\/\/evet4ai.eu\/de\/wp-json\/wp\/v2\/pages\/8895\/revisions"}],"predecessor-version":[{"id":8896,"href":"https:\/\/evet4ai.eu\/de\/wp-json\/wp\/v2\/pages\/8895\/revisions\/8896"}],"wp:attachment":[{"href":"https:\/\/evet4ai.eu\/de\/wp-json\/wp\/v2\/media?parent=8895"}],"curies":[{"name":"wp","href":"https:\/\/api.w.org\/{rel}","templated":true}]}}