{"id":8897,"date":"2022-04-08T10:55:13","date_gmt":"2022-04-08T10:55:13","guid":{"rendered":"https:\/\/evet4ai.eu\/selbstbewertungstool-big-data\/"},"modified":"2023-07-20T07:59:05","modified_gmt":"2023-07-20T07:59:05","slug":"selbstbewertungstool-big-data","status":"publish","type":"page","link":"https:\/\/evet4ai.eu\/de\/selbstbewertungstool-big-data\/","title":{"rendered":"Selbstbewertungstool BIG DATA"},"content":{"rendered":"\t\t<div data-elementor-type=\"wp-page\" data-elementor-id=\"8897\" class=\"elementor elementor-8897 elementor-1552\" data-elementor-post-type=\"page\">\n\t\t\t\t\t\t<section class=\"elementor-section elementor-top-section elementor-element elementor-element-7ad2228 elementor-section-boxed elementor-section-height-default elementor-section-height-default\" data-id=\"7ad2228\" data-element_type=\"section\" data-settings=\"{&quot;background_background&quot;:&quot;classic&quot;}\">\n\t\t\t\t\t\t\t<div class=\"elementor-background-overlay\"><\/div>\n\t\t\t\t\t\t\t<div class=\"elementor-container elementor-column-gap-default\">\n\t\t\t\t\t<div class=\"elementor-column elementor-col-100 elementor-top-column elementor-element elementor-element-f1697ff\" data-id=\"f1697ff\" data-element_type=\"column\">\n\t\t\t<div class=\"elementor-widget-wrap elementor-element-populated\">\n\t\t\t\t\t\t<div class=\"elementor-element elementor-element-9741716 elementor-widget elementor-widget-spacer\" data-id=\"9741716\" data-element_type=\"widget\" data-widget_type=\"spacer.default\">\n\t\t\t\t<div class=\"elementor-widget-container\">\n\t\t\t\t\t<div class=\"elementor-spacer\">\n\t\t\t<div class=\"elementor-spacer-inner\"><\/div>\n\t\t<\/div>\n\t\t\t\t<\/div>\n\t\t\t\t<\/div>\n\t\t\t\t<div class=\"elementor-element elementor-element-4a7dbc3 elementor-widget elementor-widget-toggle\" data-id=\"4a7dbc3\" data-element_type=\"widget\" data-widget_type=\"toggle.default\">\n\t\t\t\t<div class=\"elementor-widget-container\">\n\t\t\t\t\t<div class=\"elementor-toggle\">\n\t\t\t\t\t\t\t<div class=\"elementor-toggle-item\">\n\t\t\t\t\t<h4 id=\"elementor-tab-title-7811\" class=\"elementor-tab-title\" data-tab=\"1\" role=\"button\" aria-controls=\"elementor-tab-content-7811\" aria-expanded=\"false\">\n\t\t\t\t\t\t\t\t\t\t\t\t<span class=\"elementor-toggle-icon elementor-toggle-icon-left\" aria-hidden=\"true\">\n\t\t\t\t\t\t\t\t\t\t\t\t\t\t\t<span class=\"elementor-toggle-icon-closed\"><i class=\"fas fa-angle-down\"><\/i><\/span>\n\t\t\t\t\t\t\t\t<span class=\"elementor-toggle-icon-opened\"><i class=\"elementor-toggle-icon-opened fas fa-angle-up\"><\/i><\/span>\n\t\t\t\t\t\t\t\t\t\t\t\t\t<\/span>\n\t\t\t\t\t\t\t\t\t\t\t\t<a class=\"elementor-toggle-title\" tabindex=\"0\">Big Data<\/a>\n\t\t\t\t\t<\/h4>\n\n\t\t\t\t\t<div id=\"elementor-tab-content-7811\" class=\"elementor-tab-content elementor-clearfix\" data-tab=\"1\" role=\"region\" aria-labelledby=\"elementor-tab-title-7811\"><p>Big Data bezieht sich auf gro\u00dfe und komplexe Datenmengen, die mit traditionellen Datenverarbeitungstools nur schwer zu verwalten und zu verarbeiten sind. Diese Daten stammen in der Regel aus einer Vielzahl von Quellen, z. B. Leistungsanalysen, Sensoren und Transaktionsprotokollen, und k\u00f6nnen analysiert werden, um Muster, Trends und Erkenntnisse zu ermitteln, die als Entscheidungsgrundlage und zur L\u00f6sung komplexer Probleme dienen k\u00f6nnen. Im Bildungsbereich k\u00f6nnen Big Data genutzt werden, um die Leistung und das Engagement der Sch\u00fcler zu analysieren, Lernl\u00fccken zu ermitteln und die Schulungsmethoden zu verbessern. Sie k\u00f6nnen auch zur \u00dcberwachung und Bewertung der Wirksamkeit von Schulungsprogrammen und -ma\u00dfnahmen verwendet werden.<\/p>\n<\/div>\n\t\t\t\t<\/div>\n\t\t\t\t\t\t\t\t<\/div>\n\t\t\t\t<\/div>\n\t\t\t\t<\/div>\n\t\t\t\t<div class=\"elementor-element elementor-element-65a685b elementor-widget elementor-widget-spacer\" data-id=\"65a685b\" data-element_type=\"widget\" data-widget_type=\"spacer.default\">\n\t\t\t\t<div class=\"elementor-widget-container\">\n\t\t\t\t\t<div class=\"elementor-spacer\">\n\t\t\t<div class=\"elementor-spacer-inner\"><\/div>\n\t\t<\/div>\n\t\t\t\t<\/div>\n\t\t\t\t<\/div>\n\t\t\t\t<section class=\"elementor-section elementor-inner-section elementor-element elementor-element-76c66b7 elementor-section-boxed elementor-section-height-default elementor-section-height-default\" data-id=\"76c66b7\" data-element_type=\"section\">\n\t\t\t\t\t\t<div class=\"elementor-container elementor-column-gap-default\">\n\t\t\t\t\t<div class=\"plus-sticky-column-sticky elementor-column elementor-col-50 elementor-inner-column elementor-element elementor-element-12ad981 elementor-hidden-tablet elementor-hidden-mobile\" data-plus-sticky-column-settings=\"{&quot;id&quot;:&quot;12ad981&quot;,&quot;sticky&quot;:true,&quot;topSpacing&quot;:100,&quot;bottomSpacing&quot;:80,&quot;stickyOn&quot;:[&quot;desktop&quot;,&quot;tablet&quot;]}\" data-id=\"12ad981\" data-element_type=\"column\">\n\t\t\t<div class=\"elementor-widget-wrap elementor-element-populated\">\n\t\t\t\t\t\t<div class=\"elementor-element elementor-element-87d4203 elementor-widget elementor-widget-image\" data-id=\"87d4203\" data-element_type=\"widget\" data-widget_type=\"image.default\">\n\t\t\t\t<div class=\"elementor-widget-container\">\n\t\t\t\t\t\t\t\t\t\t\t\t\t<img fetchpriority=\"high\" decoding=\"async\" width=\"538\" height=\"1024\" src=\"https:\/\/evet4ai.eu\/wp-content\/uploads\/2022\/12\/vertical-featured-big-data-538x1024.jpg\" class=\"attachment-large size-large wp-image-3940\" alt=\"\" srcset=\"https:\/\/evet4ai.eu\/wp-content\/uploads\/2022\/12\/vertical-featured-big-data-538x1024.jpg 538w, https:\/\/evet4ai.eu\/wp-content\/uploads\/2022\/12\/vertical-featured-big-data-158x300.jpg 158w, https:\/\/evet4ai.eu\/wp-content\/uploads\/2022\/12\/vertical-featured-big-data-624x1189.jpg 624w, https:\/\/evet4ai.eu\/wp-content\/uploads\/2022\/12\/vertical-featured-big-data.jpg 630w\" sizes=\"(max-width: 538px) 100vw, 538px\" \/>\t\t\t\t\t\t\t\t\t\t\t\t\t<\/div>\n\t\t\t\t<\/div>\n\t\t\t\t\t<\/div>\n\t\t<\/div>\n\t\t\t\t<div class=\"elementor-column elementor-col-50 elementor-inner-column elementor-element elementor-element-6c24777\" data-id=\"6c24777\" data-element_type=\"column\">\n\t\t\t<div class=\"elementor-widget-wrap elementor-element-populated\">\n\t\t\t\t\t\t<div class=\"elementor-element elementor-element-75bf3dc elementor-widget elementor-widget-shortcode\" data-id=\"75bf3dc\" data-element_type=\"widget\" data-widget_type=\"shortcode.default\">\n\t\t\t\t<div class=\"elementor-widget-container\">\n\t\t\t\t\t<div class=\"elementor-shortcode\"><p>Verzeihung. Sie m\u00fcssen angemeldet sein, um dieses Formular anzuzeigen.\r\n<br><br>\r\n<strong><a href=\"https:\/\/evet4ai.eu\/wp-login.php\" target=\"_blank\" rel=\"noopener\">Anmeldung<\/a><\/strong>\r\n<br><br>\r\nSie haben kein Konto?\r\nKein Problem, <strong><a href=\"https:\/\/evet4ai.eu\/register\/\" target=\"_blank\" rel=\"noopener\">Klicken Sie hier, um sich zu registrieren<\/a><\/strong>.<\/p><\/div>\n\t\t\t\t<\/div>\n\t\t\t\t<\/div>\n\t\t\t\t\t<\/div>\n\t\t<\/div>\n\t\t\t\t\t<\/div>\n\t\t<\/section>\n\t\t\t\t\t<\/div>\n\t\t<\/div>\n\t\t\t\t\t<\/div>\n\t\t<\/section>\n\t\t\t\t<\/div>\n\t\t","protected":false},"excerpt":{"rendered":"<p>Big Data Big Data bezieht sich auf gro\u00dfe und komplexe Datenmengen, die mit traditionellen Datenverarbeitungstools nur schwer zu verwalten und zu verarbeiten sind. Diese Daten&hellip;<\/p>\n","protected":false},"author":1,"featured_media":0,"parent":0,"menu_order":0,"comment_status":"closed","ping_status":"closed","template":"elementor_header_footer","meta":{"footnotes":""},"class_list":["post-8897","page","type-page","status-publish","hentry"],"_links":{"self":[{"href":"https:\/\/evet4ai.eu\/de\/wp-json\/wp\/v2\/pages\/8897"}],"collection":[{"href":"https:\/\/evet4ai.eu\/de\/wp-json\/wp\/v2\/pages"}],"about":[{"href":"https:\/\/evet4ai.eu\/de\/wp-json\/wp\/v2\/types\/page"}],"author":[{"embeddable":true,"href":"https:\/\/evet4ai.eu\/de\/wp-json\/wp\/v2\/users\/1"}],"replies":[{"embeddable":true,"href":"https:\/\/evet4ai.eu\/de\/wp-json\/wp\/v2\/comments?post=8897"}],"version-history":[{"count":1,"href":"https:\/\/evet4ai.eu\/de\/wp-json\/wp\/v2\/pages\/8897\/revisions"}],"predecessor-version":[{"id":8898,"href":"https:\/\/evet4ai.eu\/de\/wp-json\/wp\/v2\/pages\/8897\/revisions\/8898"}],"wp:attachment":[{"href":"https:\/\/evet4ai.eu\/de\/wp-json\/wp\/v2\/media?parent=8897"}],"curies":[{"name":"wp","href":"https:\/\/api.w.org\/{rel}","templated":true}]}}