{"id":8899,"date":"2023-02-02T12:36:15","date_gmt":"2023-02-02T12:36:15","guid":{"rendered":"https:\/\/evet4ai.eu\/selbstbewertungstool-digital-twin\/"},"modified":"2023-08-09T13:47:45","modified_gmt":"2023-08-09T13:47:45","slug":"selbstbewertungstool-digital-twin","status":"publish","type":"page","link":"https:\/\/evet4ai.eu\/de\/selbstbewertungstool-digital-twin\/","title":{"rendered":"Selbstbewertungstool DIGITAL TWIN"},"content":{"rendered":"\t\t<div data-elementor-type=\"wp-page\" data-elementor-id=\"8899\" class=\"elementor elementor-8899 elementor-4071\" data-elementor-post-type=\"page\">\n\t\t\t\t\t\t<section class=\"elementor-section elementor-top-section elementor-element elementor-element-5f1ffae elementor-section-boxed elementor-section-height-default elementor-section-height-default\" data-id=\"5f1ffae\" data-element_type=\"section\" data-settings=\"{&quot;background_background&quot;:&quot;classic&quot;}\">\n\t\t\t\t\t\t\t<div class=\"elementor-background-overlay\"><\/div>\n\t\t\t\t\t\t\t<div class=\"elementor-container elementor-column-gap-default\">\n\t\t\t\t\t<div class=\"elementor-column elementor-col-100 elementor-top-column elementor-element elementor-element-9faf5a2\" data-id=\"9faf5a2\" data-element_type=\"column\">\n\t\t\t<div class=\"elementor-widget-wrap elementor-element-populated\">\n\t\t\t\t\t\t<div class=\"elementor-element elementor-element-6c1f2f5 elementor-widget elementor-widget-spacer\" data-id=\"6c1f2f5\" data-element_type=\"widget\" data-widget_type=\"spacer.default\">\n\t\t\t\t<div class=\"elementor-widget-container\">\n\t\t\t\t\t<div class=\"elementor-spacer\">\n\t\t\t<div class=\"elementor-spacer-inner\"><\/div>\n\t\t<\/div>\n\t\t\t\t<\/div>\n\t\t\t\t<\/div>\n\t\t\t\t<div class=\"elementor-element elementor-element-bae66e9 elementor-widget elementor-widget-toggle\" data-id=\"bae66e9\" data-element_type=\"widget\" data-widget_type=\"toggle.default\">\n\t\t\t\t<div class=\"elementor-widget-container\">\n\t\t\t\t\t<div class=\"elementor-toggle\">\n\t\t\t\t\t\t\t<div class=\"elementor-toggle-item\">\n\t\t\t\t\t<h4 id=\"elementor-tab-title-1951\" class=\"elementor-tab-title\" data-tab=\"1\" role=\"button\" aria-controls=\"elementor-tab-content-1951\" aria-expanded=\"false\">\n\t\t\t\t\t\t\t\t\t\t\t\t<span class=\"elementor-toggle-icon elementor-toggle-icon-left\" aria-hidden=\"true\">\n\t\t\t\t\t\t\t\t\t\t\t\t\t\t\t<span class=\"elementor-toggle-icon-closed\"><i class=\"fas fa-angle-down\"><\/i><\/span>\n\t\t\t\t\t\t\t\t<span class=\"elementor-toggle-icon-opened\"><i class=\"elementor-toggle-icon-opened fas fa-angle-up\"><\/i><\/span>\n\t\t\t\t\t\t\t\t\t\t\t\t\t<\/span>\n\t\t\t\t\t\t\t\t\t\t\t\t<a class=\"elementor-toggle-title\" tabindex=\"0\">DIGITAL TWIN<\/a>\n\t\t\t\t\t<\/h4>\n\n\t\t\t\t\t<div id=\"elementor-tab-content-1951\" class=\"elementor-tab-content elementor-clearfix\" data-tab=\"1\" role=\"region\" aria-labelledby=\"elementor-tab-title-1951\"><p>Ein digitaler Zwilling ist ein virtuelles Abbild eines physischen Objekts oder Systems, das mit Hilfe von CAD (Computer-Aided Design) oder anderen digitalen Technologien erstellt wird. Der digitale Zwilling kann verwendet werden, um das Verhalten und die Leistung des physischen Objekts oder Systems unter realen Bedingungen zu simulieren, so dass Ingenieure und Konstrukteure ihre Entw\u00fcrfe testen und optimieren k\u00f6nnen, bevor sie gebaut werden.gesteigerte Effizienz und Produktivit\u00e4tDurch die Simulation und Analyse der Leistung von Maschinen und Systemen k\u00f6nnen digitale Zwillinge M\u00f6glichkeiten zur Verbesserung der Effizienz und Produktivit\u00e4t aufzeigen, so dass Hersteller ihre Abl\u00e4ufe optimieren und Kosten senken k\u00f6nnen<\/p>\n<p>Digitale Zwillinge k\u00f6nnen verwendet werden, um Lernenden praktische Erfahrungen bei der Konstruktion und Pr\u00fcfung verschiedener mechanischer und elektrischer Systeme zu vermitteln. Die Lernenden k\u00f6nnen zum Beispiel digitale Zwillinge von Maschinen oder anderen Systemen erstellen und deren Verhalten unter verschiedenen Betriebsbedingungen simulieren. Dies kann ihnen helfen, die Prinzipien der Mechanik, Thermodynamik und anderer technischer Konzepte besser zu verstehen.<\/p>\n<p>Insgesamt kann der Einsatz digitaler Zwillinge in der Ausbildung iVET- und cVET-Lernenden dabei helfen, praktische F\u00e4higkeiten in den Bereichen Ingenieurwesen und Technologie zu entwickeln, und sie auf Karrieren in Branchen wie Fertigung, Energie und Mobilit\u00e4t vorbereiten.<\/p>\n<\/div>\n\t\t\t\t<\/div>\n\t\t\t\t\t\t\t\t<\/div>\n\t\t\t\t<\/div>\n\t\t\t\t<\/div>\n\t\t\t\t<div class=\"elementor-element elementor-element-aa43ccf elementor-widget elementor-widget-spacer\" data-id=\"aa43ccf\" data-element_type=\"widget\" data-widget_type=\"spacer.default\">\n\t\t\t\t<div class=\"elementor-widget-container\">\n\t\t\t\t\t<div class=\"elementor-spacer\">\n\t\t\t<div class=\"elementor-spacer-inner\"><\/div>\n\t\t<\/div>\n\t\t\t\t<\/div>\n\t\t\t\t<\/div>\n\t\t\t\t<section class=\"elementor-section elementor-inner-section elementor-element elementor-element-87a2d32 elementor-section-boxed elementor-section-height-default elementor-section-height-default\" data-id=\"87a2d32\" data-element_type=\"section\">\n\t\t\t\t\t\t<div class=\"elementor-container elementor-column-gap-default\">\n\t\t\t\t\t<div class=\"plus-sticky-column-sticky elementor-column elementor-col-50 elementor-inner-column elementor-element elementor-element-f0774db elementor-hidden-tablet elementor-hidden-mobile\" data-plus-sticky-column-settings=\"{&quot;id&quot;:&quot;f0774db&quot;,&quot;sticky&quot;:true,&quot;topSpacing&quot;:100,&quot;bottomSpacing&quot;:80,&quot;stickyOn&quot;:[&quot;desktop&quot;,&quot;tablet&quot;]}\" data-id=\"f0774db\" data-element_type=\"column\">\n\t\t\t<div class=\"elementor-widget-wrap elementor-element-populated\">\n\t\t\t\t\t\t<div class=\"elementor-element elementor-element-b064218 elementor-widget elementor-widget-image\" data-id=\"b064218\" data-element_type=\"widget\" data-widget_type=\"image.default\">\n\t\t\t\t<div class=\"elementor-widget-container\">\n\t\t\t\t\t\t\t\t\t\t\t\t\t<img fetchpriority=\"high\" decoding=\"async\" width=\"538\" height=\"1024\" src=\"https:\/\/evet4ai.eu\/wp-content\/uploads\/2023\/02\/vertical-featured-DIGITAL-TWIN-538x1024.jpg\" class=\"attachment-large size-large wp-image-4050\" alt=\"\" srcset=\"https:\/\/evet4ai.eu\/wp-content\/uploads\/2023\/02\/vertical-featured-DIGITAL-TWIN-538x1024.jpg 538w, https:\/\/evet4ai.eu\/wp-content\/uploads\/2023\/02\/vertical-featured-DIGITAL-TWIN-158x300.jpg 158w, https:\/\/evet4ai.eu\/wp-content\/uploads\/2023\/02\/vertical-featured-DIGITAL-TWIN-624x1189.jpg 624w, https:\/\/evet4ai.eu\/wp-content\/uploads\/2023\/02\/vertical-featured-DIGITAL-TWIN.jpg 630w\" sizes=\"(max-width: 538px) 100vw, 538px\" \/>\t\t\t\t\t\t\t\t\t\t\t\t\t<\/div>\n\t\t\t\t<\/div>\n\t\t\t\t\t<\/div>\n\t\t<\/div>\n\t\t\t\t<div class=\"elementor-column elementor-col-50 elementor-inner-column elementor-element elementor-element-56d7cc2\" data-id=\"56d7cc2\" data-element_type=\"column\">\n\t\t\t<div class=\"elementor-widget-wrap elementor-element-populated\">\n\t\t\t\t\t\t<div class=\"elementor-element elementor-element-5b30a4e elementor-widget elementor-widget-text-editor\" data-id=\"5b30a4e\" data-element_type=\"widget\" data-widget_type=\"text-editor.default\">\n\t\t\t\t<div class=\"elementor-widget-container\">\n\t\t\t\t\t\t\t<p><p>Verzeihung. Sie m\u00fcssen angemeldet sein, um dieses Formular anzuzeigen.\r\n<br><br>\r\n<strong><a href=\"https:\/\/evet4ai.eu\/wp-login.php\" target=\"_blank\" rel=\"noopener\">Anmeldung<\/a><\/strong>\r\n<br><br>\r\nSie haben kein Konto?\r\nKein Problem, <strong><a href=\"https:\/\/evet4ai.eu\/register\/\" target=\"_blank\" rel=\"noopener\">Klicken Sie hier, um sich zu registrieren<\/a><\/strong>.<\/p><\/p>\t\t\t\t\t\t<\/div>\n\t\t\t\t<\/div>\n\t\t\t\t\t<\/div>\n\t\t<\/div>\n\t\t\t\t\t<\/div>\n\t\t<\/section>\n\t\t\t\t\t<\/div>\n\t\t<\/div>\n\t\t\t\t\t<\/div>\n\t\t<\/section>\n\t\t\t\t<\/div>\n\t\t","protected":false},"excerpt":{"rendered":"<p>DIGITAL TWIN Ein digitaler Zwilling ist ein virtuelles Abbild eines physischen Objekts oder Systems, das mit Hilfe von CAD (Computer-Aided Design) oder anderen digitalen Technologien&hellip;<\/p>\n","protected":false},"author":4,"featured_media":0,"parent":0,"menu_order":0,"comment_status":"closed","ping_status":"closed","template":"","meta":{"footnotes":""},"class_list":["post-8899","page","type-page","status-publish","hentry"],"_links":{"self":[{"href":"https:\/\/evet4ai.eu\/de\/wp-json\/wp\/v2\/pages\/8899"}],"collection":[{"href":"https:\/\/evet4ai.eu\/de\/wp-json\/wp\/v2\/pages"}],"about":[{"href":"https:\/\/evet4ai.eu\/de\/wp-json\/wp\/v2\/types\/page"}],"author":[{"embeddable":true,"href":"https:\/\/evet4ai.eu\/de\/wp-json\/wp\/v2\/users\/4"}],"replies":[{"embeddable":true,"href":"https:\/\/evet4ai.eu\/de\/wp-json\/wp\/v2\/comments?post=8899"}],"version-history":[{"count":4,"href":"https:\/\/evet4ai.eu\/de\/wp-json\/wp\/v2\/pages\/8899\/revisions"}],"predecessor-version":[{"id":9672,"href":"https:\/\/evet4ai.eu\/de\/wp-json\/wp\/v2\/pages\/8899\/revisions\/9672"}],"wp:attachment":[{"href":"https:\/\/evet4ai.eu\/de\/wp-json\/wp\/v2\/media?parent=8899"}],"curies":[{"name":"wp","href":"https:\/\/api.w.org\/{rel}","templated":true}]}}