{"id":8901,"date":"2023-02-02T12:39:48","date_gmt":"2023-02-02T12:39:48","guid":{"rendered":"https:\/\/evet4ai.eu\/selbstbewertungstool-maschine-learning\/"},"modified":"2023-07-20T08:04:32","modified_gmt":"2023-07-20T08:04:32","slug":"selbstbewertungstool-maschine-learning","status":"publish","type":"page","link":"https:\/\/evet4ai.eu\/de\/selbstbewertungstool-maschine-learning\/","title":{"rendered":"Selbstbewertungstool MASCHINE LEARNING"},"content":{"rendered":"\t\t<div data-elementor-type=\"wp-page\" data-elementor-id=\"8901\" class=\"elementor elementor-8901 elementor-4078\" data-elementor-post-type=\"page\">\n\t\t\t\t\t\t<section class=\"elementor-section elementor-top-section elementor-element elementor-element-411869a elementor-section-boxed elementor-section-height-default elementor-section-height-default\" data-id=\"411869a\" data-element_type=\"section\" data-settings=\"{&quot;background_background&quot;:&quot;classic&quot;}\">\n\t\t\t\t\t\t\t<div class=\"elementor-background-overlay\"><\/div>\n\t\t\t\t\t\t\t<div class=\"elementor-container elementor-column-gap-default\">\n\t\t\t\t\t<div class=\"elementor-column elementor-col-100 elementor-top-column elementor-element elementor-element-789d595\" data-id=\"789d595\" data-element_type=\"column\">\n\t\t\t<div class=\"elementor-widget-wrap elementor-element-populated\">\n\t\t\t\t\t\t<div class=\"elementor-element elementor-element-624090b elementor-widget elementor-widget-spacer\" data-id=\"624090b\" data-element_type=\"widget\" data-widget_type=\"spacer.default\">\n\t\t\t\t<div class=\"elementor-widget-container\">\n\t\t\t\t\t<div class=\"elementor-spacer\">\n\t\t\t<div class=\"elementor-spacer-inner\"><\/div>\n\t\t<\/div>\n\t\t\t\t<\/div>\n\t\t\t\t<\/div>\n\t\t\t\t<div class=\"elementor-element elementor-element-6fc310e elementor-widget elementor-widget-toggle\" data-id=\"6fc310e\" data-element_type=\"widget\" data-widget_type=\"toggle.default\">\n\t\t\t\t<div class=\"elementor-widget-container\">\n\t\t\t\t\t<div class=\"elementor-toggle\">\n\t\t\t\t\t\t\t<div class=\"elementor-toggle-item\">\n\t\t\t\t\t<h4 id=\"elementor-tab-title-1171\" class=\"elementor-tab-title\" data-tab=\"1\" role=\"button\" aria-controls=\"elementor-tab-content-1171\" aria-expanded=\"false\">\n\t\t\t\t\t\t\t\t\t\t\t\t<span class=\"elementor-toggle-icon elementor-toggle-icon-left\" aria-hidden=\"true\">\n\t\t\t\t\t\t\t\t\t\t\t\t\t\t\t<span class=\"elementor-toggle-icon-closed\"><i class=\"fas fa-angle-down\"><\/i><\/span>\n\t\t\t\t\t\t\t\t<span class=\"elementor-toggle-icon-opened\"><i class=\"elementor-toggle-icon-opened fas fa-angle-up\"><\/i><\/span>\n\t\t\t\t\t\t\t\t\t\t\t\t\t<\/span>\n\t\t\t\t\t\t\t\t\t\t\t\t<a class=\"elementor-toggle-title\" tabindex=\"0\">MASCHINE LEARNING<\/a>\n\t\t\t\t\t<\/h4>\n\n\t\t\t\t\t<div id=\"elementor-tab-content-1171\" class=\"elementor-tab-content elementor-clearfix\" data-tab=\"1\" role=\"region\" aria-labelledby=\"elementor-tab-title-1171\"><p>Maschinelles Lernen ist ein Teilbereich der k\u00fcnstlichen Intelligenz, der sich mit der Entwicklung von Computeralgorithmen befasst, die in der Lage sind, auf der Grundlage von Eingabedaten zu lernen und sich mit der Zeit zu verbessern. Diese Algorithmen werden nicht explizit programmiert, sondern sind so konzipiert, dass sie lernen und Vorhersagen oder Entscheidungen auf der Grundlage von Mustern und Beziehungen in den Daten treffen. Zu den h\u00e4ufigsten und wirkungsvollsten Anwendungen des maschinellen Lernens in der technischen Industrie geh\u00f6ren die vorausschauende Wartung, die Qualit\u00e4tskontrolle und die Robotik. In Lehr- und Lernkontexten kann Machine Learning eingesetzt werden, um die Leistungsdaten von Sch\u00fclern zu analysieren und Bereiche zu ermitteln, in denen zus\u00e4tzliche Unterst\u00fctzung oder Ressourcen ben\u00f6tigt werden. So k\u00f6nnen beispielsweise Sch\u00fcler identifiziert werden, die in einem bestimmten Fach Schwierigkeiten haben, oder es k\u00f6nnen ma\u00dfgeschneiderte Lernprogramme f\u00fcr einzelne Sch\u00fcler auf der Grundlage ihrer St\u00e4rken und Schw\u00e4chen empfohlen werden. Durch den Einsatz von maschinellem Lernen kann der Unterricht auf die Bed\u00fcrfnisse der Sch\u00fcler abgestimmt werden und ihnen helfen, ihre Bildungsziele effektiver zu erreichen.&#8221;<\/p>\n<\/div>\n\t\t\t\t<\/div>\n\t\t\t\t\t\t\t\t<\/div>\n\t\t\t\t<\/div>\n\t\t\t\t<\/div>\n\t\t\t\t<div class=\"elementor-element elementor-element-c17b6d9 elementor-widget elementor-widget-spacer\" data-id=\"c17b6d9\" data-element_type=\"widget\" data-widget_type=\"spacer.default\">\n\t\t\t\t<div class=\"elementor-widget-container\">\n\t\t\t\t\t<div class=\"elementor-spacer\">\n\t\t\t<div class=\"elementor-spacer-inner\"><\/div>\n\t\t<\/div>\n\t\t\t\t<\/div>\n\t\t\t\t<\/div>\n\t\t\t\t<section class=\"elementor-section elementor-inner-section elementor-element elementor-element-38d03f2 elementor-section-boxed elementor-section-height-default elementor-section-height-default\" data-id=\"38d03f2\" data-element_type=\"section\">\n\t\t\t\t\t\t<div class=\"elementor-container elementor-column-gap-default\">\n\t\t\t\t\t<div class=\"plus-sticky-column-sticky elementor-column elementor-col-50 elementor-inner-column elementor-element elementor-element-faee4c0 elementor-hidden-tablet elementor-hidden-mobile\" data-plus-sticky-column-settings=\"{&quot;id&quot;:&quot;faee4c0&quot;,&quot;sticky&quot;:true,&quot;topSpacing&quot;:100,&quot;bottomSpacing&quot;:80,&quot;stickyOn&quot;:[&quot;desktop&quot;,&quot;tablet&quot;]}\" data-id=\"faee4c0\" data-element_type=\"column\">\n\t\t\t<div class=\"elementor-widget-wrap elementor-element-populated\">\n\t\t\t\t\t\t<div class=\"elementor-element elementor-element-d7026e2 elementor-widget elementor-widget-image\" data-id=\"d7026e2\" data-element_type=\"widget\" data-widget_type=\"image.default\">\n\t\t\t\t<div class=\"elementor-widget-container\">\n\t\t\t\t\t\t\t\t\t\t\t\t\t<img fetchpriority=\"high\" decoding=\"async\" width=\"538\" height=\"1024\" src=\"https:\/\/evet4ai.eu\/wp-content\/uploads\/2023\/02\/vertical-featured-MACHINE-LEARNING--538x1024.jpg\" class=\"attachment-large size-large wp-image-4056\" alt=\"\" srcset=\"https:\/\/evet4ai.eu\/wp-content\/uploads\/2023\/02\/vertical-featured-MACHINE-LEARNING--538x1024.jpg 538w, https:\/\/evet4ai.eu\/wp-content\/uploads\/2023\/02\/vertical-featured-MACHINE-LEARNING--158x300.jpg 158w, https:\/\/evet4ai.eu\/wp-content\/uploads\/2023\/02\/vertical-featured-MACHINE-LEARNING--624x1189.jpg 624w, https:\/\/evet4ai.eu\/wp-content\/uploads\/2023\/02\/vertical-featured-MACHINE-LEARNING-.jpg 630w\" sizes=\"(max-width: 538px) 100vw, 538px\" \/>\t\t\t\t\t\t\t\t\t\t\t\t\t<\/div>\n\t\t\t\t<\/div>\n\t\t\t\t\t<\/div>\n\t\t<\/div>\n\t\t\t\t<div class=\"elementor-column elementor-col-50 elementor-inner-column elementor-element elementor-element-79099ca\" data-id=\"79099ca\" data-element_type=\"column\">\n\t\t\t<div class=\"elementor-widget-wrap elementor-element-populated\">\n\t\t\t\t\t\t<div class=\"elementor-element elementor-element-06665ff elementor-widget elementor-widget-shortcode\" data-id=\"06665ff\" data-element_type=\"widget\" data-widget_type=\"shortcode.default\">\n\t\t\t\t<div class=\"elementor-widget-container\">\n\t\t\t\t\t<div class=\"elementor-shortcode\"><p>Verzeihung. Sie m\u00fcssen angemeldet sein, um dieses Formular anzuzeigen.\r\n<br><br>\r\n<strong><a href=\"https:\/\/evet4ai.eu\/wp-login.php\" target=\"_blank\" rel=\"noopener\">Anmeldung<\/a><\/strong>\r\n<br><br>\r\nSie haben kein Konto?\r\nKein Problem, <strong><a href=\"https:\/\/evet4ai.eu\/register\/\" target=\"_blank\" rel=\"noopener\">Klicken Sie hier, um sich zu registrieren<\/a><\/strong>.<\/p><\/div>\n\t\t\t\t<\/div>\n\t\t\t\t<\/div>\n\t\t\t\t\t<\/div>\n\t\t<\/div>\n\t\t\t\t\t<\/div>\n\t\t<\/section>\n\t\t\t\t\t<\/div>\n\t\t<\/div>\n\t\t\t\t\t<\/div>\n\t\t<\/section>\n\t\t\t\t<\/div>\n\t\t","protected":false},"excerpt":{"rendered":"<p>MASCHINE LEARNING Maschinelles Lernen ist ein Teilbereich der k\u00fcnstlichen Intelligenz, der sich mit der Entwicklung von Computeralgorithmen befasst, die in der Lage sind, auf der&hellip;<\/p>\n","protected":false},"author":4,"featured_media":0,"parent":0,"menu_order":0,"comment_status":"closed","ping_status":"closed","template":"","meta":{"footnotes":""},"class_list":["post-8901","page","type-page","status-publish","hentry"],"_links":{"self":[{"href":"https:\/\/evet4ai.eu\/de\/wp-json\/wp\/v2\/pages\/8901"}],"collection":[{"href":"https:\/\/evet4ai.eu\/de\/wp-json\/wp\/v2\/pages"}],"about":[{"href":"https:\/\/evet4ai.eu\/de\/wp-json\/wp\/v2\/types\/page"}],"author":[{"embeddable":true,"href":"https:\/\/evet4ai.eu\/de\/wp-json\/wp\/v2\/users\/4"}],"replies":[{"embeddable":true,"href":"https:\/\/evet4ai.eu\/de\/wp-json\/wp\/v2\/comments?post=8901"}],"version-history":[{"count":1,"href":"https:\/\/evet4ai.eu\/de\/wp-json\/wp\/v2\/pages\/8901\/revisions"}],"predecessor-version":[{"id":8902,"href":"https:\/\/evet4ai.eu\/de\/wp-json\/wp\/v2\/pages\/8901\/revisions\/8902"}],"wp:attachment":[{"href":"https:\/\/evet4ai.eu\/de\/wp-json\/wp\/v2\/media?parent=8901"}],"curies":[{"name":"wp","href":"https:\/\/api.w.org\/{rel}","templated":true}]}}