{"id":8903,"date":"2022-12-05T07:55:28","date_gmt":"2022-12-05T07:55:28","guid":{"rendered":"https:\/\/evet4ai.eu\/sat\/"},"modified":"2023-12-18T09:35:05","modified_gmt":"2023-12-18T09:35:05","slug":"sat","status":"publish","type":"page","link":"https:\/\/evet4ai.eu\/de\/sat\/","title":{"rendered":"SAT"},"content":{"rendered":"\t\t<div data-elementor-type=\"wp-page\" data-elementor-id=\"8903\" class=\"elementor elementor-8903 elementor-3901\" data-elementor-post-type=\"page\">\n\t\t\t\t\t\t<section class=\"elementor-section elementor-top-section elementor-element elementor-element-c567834 elementor-section-boxed elementor-section-height-default elementor-section-height-default\" data-id=\"c567834\" data-element_type=\"section\">\n\t\t\t\t\t\t<div class=\"elementor-container elementor-column-gap-default\">\n\t\t\t\t\t<div class=\"elementor-column elementor-col-100 elementor-top-column elementor-element elementor-element-d95b59f\" data-id=\"d95b59f\" data-element_type=\"column\">\n\t\t\t<div class=\"elementor-widget-wrap elementor-element-populated\">\n\t\t\t\t\t\t<div class=\"elementor-element elementor-element-f0e079a elementor-widget elementor-widget-spacer\" data-id=\"f0e079a\" data-element_type=\"widget\" data-widget_type=\"spacer.default\">\n\t\t\t\t<div class=\"elementor-widget-container\">\n\t\t\t\t\t<div class=\"elementor-spacer\">\n\t\t\t<div class=\"elementor-spacer-inner\"><\/div>\n\t\t<\/div>\n\t\t\t\t<\/div>\n\t\t\t\t<\/div>\n\t\t\t\t<div class=\"elementor-element elementor-element-cba9c0c elementor-widget elementor-widget-heading\" data-id=\"cba9c0c\" data-element_type=\"widget\" data-widget_type=\"heading.default\">\n\t\t\t\t<div class=\"elementor-widget-container\">\n\t\t\t<h2 class=\"elementor-heading-title elementor-size-default\">Selbsteinsch\u00e4tzungstest (Self-Awareness-Tool \u2013 SAT)<\/h2>\t\t<\/div>\n\t\t\t\t<\/div>\n\t\t\t\t<div class=\"elementor-element elementor-element-4027476 elementor-widget elementor-widget-spacer\" data-id=\"4027476\" data-element_type=\"widget\" data-settings=\"{&quot;tp_display_rules_enable&quot;:&quot;yes&quot;,&quot;tp_display_rules_output&quot;:&quot;yes&quot;}\" data-widget_type=\"spacer.default\">\n\t\t\t\t<div class=\"elementor-widget-container\">\n\t\t\t\t\t<div class=\"elementor-spacer\">\n\t\t\t<div class=\"elementor-spacer-inner\"><\/div>\n\t\t<\/div>\n\t\t\t\t<\/div>\n\t\t\t\t<\/div>\n\t\t\t\t<div class=\"elementor-element elementor-element-b620a19 elementor-headline--style-highlight elementor-widget elementor-widget-animated-headline\" data-id=\"b620a19\" data-element_type=\"widget\" data-settings=\"{&quot;highlighted_text&quot;:&quot;dich anzumelden oder zu registrieren&quot;,&quot;tp_display_rules_enable&quot;:&quot;yes&quot;,&quot;headline_style&quot;:&quot;highlight&quot;,&quot;marker&quot;:&quot;circle&quot;,&quot;loop&quot;:&quot;yes&quot;,&quot;highlight_animation_duration&quot;:1200,&quot;highlight_iteration_delay&quot;:8000,&quot;tp_display_rules_output&quot;:&quot;yes&quot;}\" data-widget_type=\"animated-headline.default\">\n\t\t\t\t<div class=\"elementor-widget-container\">\n\t\t\t\t\t\t<a href=\"https:\/\/evet4ai.eu\/register\/\" target=\"_blank\">\n\n\t\t\t\t\t<h3 class=\"elementor-headline\">\n\t\t\t\t\t<span class=\"elementor-headline-plain-text elementor-headline-text-wrapper\">Vergiss nicht,<\/span>\n\t\t\t\t<span class=\"elementor-headline-dynamic-wrapper elementor-headline-text-wrapper\">\n\t\t\t\t\t<span class=\"elementor-headline-dynamic-text elementor-headline-text-active\">dich anzumelden oder zu registrieren<\/span>\n\t\t\t\t<\/span>\n\t\t\t\t<\/h3>\n\t\t<\/a>\t\t<\/div>\n\t\t\t\t<\/div>\n\t\t\t\t<div class=\"elementor-element elementor-element-13d61e5 elementor-widget elementor-widget-spacer\" data-id=\"13d61e5\" data-element_type=\"widget\" data-widget_type=\"spacer.default\">\n\t\t\t\t<div class=\"elementor-widget-container\">\n\t\t\t\t\t<div class=\"elementor-spacer\">\n\t\t\t<div class=\"elementor-spacer-inner\"><\/div>\n\t\t<\/div>\n\t\t\t\t<\/div>\n\t\t\t\t<\/div>\n\t\t\t\t<div class=\"elementor-element elementor-element-88dcf0c elementor-widget elementor-widget-text-editor\" data-id=\"88dcf0c\" data-element_type=\"widget\" data-widget_type=\"text-editor.default\">\n\t\t\t\t<div class=\"elementor-widget-container\">\n\t\t\t<div class=\"bb-theme-elementor-wrap bb-elementor-custom-color bb-elementor-custom-size\">\t\t\t\t<p>Wie erfolgt derzeit die Vermittlung von Lehrinhalten in dem Bereich?: <span style=\"color: #1e91fe;\"><a style=\"color: #1e91fe;\" href=\"#sat-de\">Selbsttest<\/a><\/span><\/p><p>Was k\u00f6nnte der richtige Lehrweg sein? Hier gehts zu den<span style=\"color: #1e91fe;\">\u00a0<a style=\"color: #1e91fe;\" href=\"https:\/\/evet4ai.eu\/de\/lerneinheiten\/\" target=\"_blank\" rel=\"noopener\">Lerneinheiten:<\/a><\/span><\/p><p>Werde e-VET4AI-Botschafter, indem du ein Konto einrichtest und auf der <span style=\"color: #1e91fe;\"><a style=\"color: #1e91fe;\" href=\"#quest-de\">Plattform Feedback<\/a> <\/span>gibst!\u00a0<\/p>\t\t\t\t<\/div>\t\t<\/div>\n\t\t\t\t<\/div>\n\t\t\t\t<section class=\"elementor-section elementor-inner-section elementor-element elementor-element-872c1e6 elementor-section-boxed elementor-section-height-default elementor-section-height-default\" data-id=\"872c1e6\" data-element_type=\"section\" id=\"sat-de\">\n\t\t\t\t\t\t<div class=\"elementor-container elementor-column-gap-default\">\n\t\t\t\t\t<div class=\"elementor-column elementor-col-50 elementor-inner-column elementor-element elementor-element-ae015b9\" data-id=\"ae015b9\" data-element_type=\"column\">\n\t\t\t<div class=\"elementor-widget-wrap elementor-element-populated\">\n\t\t\t\t\t\t<div class=\"elementor-element elementor-element-0a8a1d1 elementor-widget elementor-widget-tp-flip-box\" data-id=\"0a8a1d1\" data-element_type=\"widget\" data-widget_type=\"tp-flip-box.default\">\n\t\t\t\t<div class=\"elementor-widget-container\">\n\t\t\t<div class=\"pt_plus_info_box    flip_box69e12a7a11327 info-box-style_5    \"  dir= data-id=\"flip_box69e12a7a11327\"   ><div class=\"post-inner-loop\"><div class=\"info-box-inner content_hover_effect \"  ><div class=\"info-box-bg-box\"><div class=\"service-flipbox flip-vertical height-full\"><div class=\"service-flipbox-holder height-full text-center perspective bezier-1\"><div class=\"service-flipbox-front  bezier-1 no-backface origin-center\"><div class=\"service-flipbox-content width-full\"><img fetchpriority=\"high\" decoding=\"async\" width=\"1200\" height=\"630\" src=\"https:\/\/evet4ai.eu\/wp-content\/uploads\/2022\/12\/featured-big-data.jpg\" class=\"service-img\" alt=\"\" srcset=\"https:\/\/evet4ai.eu\/wp-content\/uploads\/2022\/12\/featured-big-data.jpg 1200w, https:\/\/evet4ai.eu\/wp-content\/uploads\/2022\/12\/featured-big-data-300x158.jpg 300w, https:\/\/evet4ai.eu\/wp-content\/uploads\/2022\/12\/featured-big-data-1024x538.jpg 1024w, https:\/\/evet4ai.eu\/wp-content\/uploads\/2022\/12\/featured-big-data-768x403.jpg 768w, https:\/\/evet4ai.eu\/wp-content\/uploads\/2022\/12\/featured-big-data-624x328.jpg 624w\" sizes=\"(max-width: 1200px) 100vw, 1200px\" \/><div class=\"service-content\"><div class=\"service-title\"> BIG DATA <\/div><\/div><\/div><div class=\"infobox-front-overlay\"><\/div><\/div><div class=\"service-flipbox-back  fold-back-horizontal no-backface bezier-1 origin-center\"><div class=\"service-flipbox-content width-full\"><div class=\"pt-plus-button-wrapper text-center\"><div class=\"button_parallax\"><div class=\"text-center ts-button\"><div class=\"pt_plus_button btn69e12a7a1129a button-style-7 \"><div class=\"animted-content-inner\"><a href=\"https:\/\/evet4ai.eu\/self-assessment-tool-big-data\/\" target=\"_blank\" class=\"button-link-wrap\" role=\"button\">Sch\u00e4tzen Sie sich selbst ein<span class=\"btn-arrow\"><\/span><\/a><\/div><\/div><\/div><\/div><\/div><\/div><div class=\"infobox-back-overlay\"><\/div><\/div><\/div><\/div><\/div><\/div><\/div><\/div>\t\t<\/div>\n\t\t\t\t<\/div>\n\t\t\t\t\t<\/div>\n\t\t<\/div>\n\t\t\t\t<div class=\"elementor-column elementor-col-50 elementor-inner-column elementor-element elementor-element-96e485b\" data-id=\"96e485b\" data-element_type=\"column\">\n\t\t\t<div class=\"elementor-widget-wrap elementor-element-populated\">\n\t\t\t\t\t\t<div class=\"elementor-element elementor-element-e298f9f elementor-widget elementor-widget-tp-flip-box\" data-id=\"e298f9f\" data-element_type=\"widget\" data-widget_type=\"tp-flip-box.default\">\n\t\t\t\t<div class=\"elementor-widget-container\">\n\t\t\t<div class=\"pt_plus_info_box    flip_box69e12a7a131f9 info-box-style_5    \"  dir= data-id=\"flip_box69e12a7a131f9\"   ><div class=\"post-inner-loop\"><div class=\"info-box-inner content_hover_effect \"  ><div class=\"info-box-bg-box\"><div class=\"service-flipbox flip-vertical height-full\"><div class=\"service-flipbox-holder height-full text-center perspective bezier-1\"><div class=\"service-flipbox-front  bezier-1 no-backface origin-center\"><div class=\"service-flipbox-content width-full\"><img decoding=\"async\" width=\"1200\" height=\"630\" src=\"https:\/\/evet4ai.eu\/wp-content\/uploads\/2022\/12\/featured-ARTIFICIAL-INTELLIGENCE.jpg\" class=\"service-img\" alt=\"\" srcset=\"https:\/\/evet4ai.eu\/wp-content\/uploads\/2022\/12\/featured-ARTIFICIAL-INTELLIGENCE.jpg 1200w, https:\/\/evet4ai.eu\/wp-content\/uploads\/2022\/12\/featured-ARTIFICIAL-INTELLIGENCE-300x158.jpg 300w, https:\/\/evet4ai.eu\/wp-content\/uploads\/2022\/12\/featured-ARTIFICIAL-INTELLIGENCE-1024x538.jpg 1024w, https:\/\/evet4ai.eu\/wp-content\/uploads\/2022\/12\/featured-ARTIFICIAL-INTELLIGENCE-768x403.jpg 768w, https:\/\/evet4ai.eu\/wp-content\/uploads\/2022\/12\/featured-ARTIFICIAL-INTELLIGENCE-624x328.jpg 624w\" sizes=\"(max-width: 1200px) 100vw, 1200px\" \/><div class=\"service-content\"><div class=\"service-title\"> K\u00dcNSTLICHE INTELLIGENZ <\/div><\/div><\/div><div class=\"infobox-front-overlay\"><\/div><\/div><div class=\"service-flipbox-back  fold-back-horizontal no-backface bezier-1 origin-center\"><div class=\"service-flipbox-content width-full\"><div class=\"pt-plus-button-wrapper text-center\"><div class=\"button_parallax\"><div class=\"text-center ts-button\"><div class=\"pt_plus_button btn69e12a7a13170 button-style-7 \"><div class=\"animted-content-inner\"><a href=\"https:\/\/evet4ai.eu\/self-assessment-tool-artificial-intelligence\/\" target=\"_blank\" class=\"button-link-wrap\" role=\"button\">Sch\u00e4tzen Sie sich selbst ein<span class=\"btn-arrow\"><\/span><\/a><\/div><\/div><\/div><\/div><\/div><\/div><div class=\"infobox-back-overlay\"><\/div><\/div><\/div><\/div><\/div><\/div><\/div><\/div>\t\t<\/div>\n\t\t\t\t<\/div>\n\t\t\t\t\t<\/div>\n\t\t<\/div>\n\t\t\t\t\t<\/div>\n\t\t<\/section>\n\t\t\t\t<section class=\"elementor-section elementor-inner-section elementor-element elementor-element-66c239a elementor-section-boxed elementor-section-height-default elementor-section-height-default\" data-id=\"66c239a\" data-element_type=\"section\">\n\t\t\t\t\t\t<div class=\"elementor-container elementor-column-gap-default\">\n\t\t\t\t\t<div class=\"elementor-column elementor-col-50 elementor-inner-column elementor-element elementor-element-7ec42a8\" data-id=\"7ec42a8\" data-element_type=\"column\">\n\t\t\t<div class=\"elementor-widget-wrap elementor-element-populated\">\n\t\t\t\t\t\t<div class=\"elementor-element elementor-element-581f7f2 elementor-widget elementor-widget-tp-flip-box\" data-id=\"581f7f2\" data-element_type=\"widget\" data-widget_type=\"tp-flip-box.default\">\n\t\t\t\t<div class=\"elementor-widget-container\">\n\t\t\t<div class=\"pt_plus_info_box    flip_box69e12a7a159e3 info-box-style_5    \"  dir= data-id=\"flip_box69e12a7a159e3\"   ><div class=\"post-inner-loop\"><div class=\"info-box-inner content_hover_effect \"  ><div class=\"info-box-bg-box\"><div class=\"service-flipbox flip-vertical height-full\"><div class=\"service-flipbox-holder height-full text-center perspective bezier-1\"><div class=\"service-flipbox-front  bezier-1 no-backface origin-center\"><div class=\"service-flipbox-content width-full\"><img decoding=\"async\" width=\"1200\" height=\"630\" src=\"https:\/\/evet4ai.eu\/wp-content\/uploads\/2022\/12\/featured-MACHINE-LEARNING-.jpg\" class=\"service-img\" alt=\"\" srcset=\"https:\/\/evet4ai.eu\/wp-content\/uploads\/2022\/12\/featured-MACHINE-LEARNING-.jpg 1200w, https:\/\/evet4ai.eu\/wp-content\/uploads\/2022\/12\/featured-MACHINE-LEARNING--300x158.jpg 300w, https:\/\/evet4ai.eu\/wp-content\/uploads\/2022\/12\/featured-MACHINE-LEARNING--1024x538.jpg 1024w, https:\/\/evet4ai.eu\/wp-content\/uploads\/2022\/12\/featured-MACHINE-LEARNING--768x403.jpg 768w, https:\/\/evet4ai.eu\/wp-content\/uploads\/2022\/12\/featured-MACHINE-LEARNING--624x328.jpg 624w\" sizes=\"(max-width: 1200px) 100vw, 1200px\" \/><div class=\"service-content\"><div class=\"service-title\"> MASCHINELLES LERNEN <\/div><\/div><\/div><div class=\"infobox-front-overlay\"><\/div><\/div><div class=\"service-flipbox-back  fold-back-horizontal no-backface bezier-1 origin-center\"><div class=\"service-flipbox-content width-full\"><div class=\"pt-plus-button-wrapper text-center\"><div class=\"button_parallax\"><div class=\"text-center ts-button\"><div class=\"pt_plus_button btn69e12a7a1595a button-style-7 \"><div class=\"animted-content-inner\"><a href=\"https:\/\/evet4ai.eu\/self-assessment-tool-machine-learning\/\" target=\"_blank\" class=\"button-link-wrap\" role=\"button\">Sch\u00e4tzen Sie sich selbst ein<span class=\"btn-arrow\"><\/span><\/a><\/div><\/div><\/div><\/div><\/div><\/div><div class=\"infobox-back-overlay\"><\/div><\/div><\/div><\/div><\/div><\/div><\/div><\/div>\t\t<\/div>\n\t\t\t\t<\/div>\n\t\t\t\t\t<\/div>\n\t\t<\/div>\n\t\t\t\t<div class=\"elementor-column elementor-col-50 elementor-inner-column elementor-element elementor-element-1ac1410\" data-id=\"1ac1410\" data-element_type=\"column\">\n\t\t\t<div class=\"elementor-widget-wrap elementor-element-populated\">\n\t\t\t\t\t\t<div class=\"elementor-element elementor-element-9ccda2c elementor-widget elementor-widget-tp-flip-box\" data-id=\"9ccda2c\" data-element_type=\"widget\" data-widget_type=\"tp-flip-box.default\">\n\t\t\t\t<div class=\"elementor-widget-container\">\n\t\t\t<div class=\"pt_plus_info_box    flip_box69e12a7a17cad info-box-style_5    \"  dir= data-id=\"flip_box69e12a7a17cad\"   ><div class=\"post-inner-loop\"><div class=\"info-box-inner content_hover_effect \"  ><div class=\"info-box-bg-box\"><div class=\"service-flipbox flip-vertical height-full\"><div class=\"service-flipbox-holder height-full text-center perspective bezier-1\"><div class=\"service-flipbox-front  bezier-1 no-backface origin-center\"><div class=\"service-flipbox-content width-full\"><img loading=\"lazy\" decoding=\"async\" width=\"1200\" height=\"630\" src=\"https:\/\/evet4ai.eu\/wp-content\/uploads\/2022\/12\/featured-DIGITAL-TWIN.jpg\" class=\"service-img\" alt=\"\" srcset=\"https:\/\/evet4ai.eu\/wp-content\/uploads\/2022\/12\/featured-DIGITAL-TWIN.jpg 1200w, https:\/\/evet4ai.eu\/wp-content\/uploads\/2022\/12\/featured-DIGITAL-TWIN-300x158.jpg 300w, https:\/\/evet4ai.eu\/wp-content\/uploads\/2022\/12\/featured-DIGITAL-TWIN-1024x538.jpg 1024w, https:\/\/evet4ai.eu\/wp-content\/uploads\/2022\/12\/featured-DIGITAL-TWIN-768x403.jpg 768w, https:\/\/evet4ai.eu\/wp-content\/uploads\/2022\/12\/featured-DIGITAL-TWIN-624x328.jpg 624w\" sizes=\"(max-width: 1200px) 100vw, 1200px\" \/><div class=\"service-content\"><div class=\"service-title\"> DIGITAL TWIN <\/div><\/div><\/div><div class=\"infobox-front-overlay\"><\/div><\/div><div class=\"service-flipbox-back  fold-back-horizontal no-backface bezier-1 origin-center\"><div class=\"service-flipbox-content width-full\"><div class=\"pt-plus-button-wrapper text-center\"><div class=\"button_parallax\"><div class=\"text-center ts-button\"><div class=\"pt_plus_button btn69e12a7a17bfd button-style-7 \"><div class=\"animted-content-inner\"><a href=\"https:\/\/evet4ai.eu\/self-assessment-tool-digital-twin\/\" target=\"_blank\" class=\"button-link-wrap\" role=\"button\">Sch\u00e4tzen Sie sich selbst ein<span class=\"btn-arrow\"><\/span><\/a><\/div><\/div><\/div><\/div><\/div><\/div><div class=\"infobox-back-overlay\"><\/div><\/div><\/div><\/div><\/div><\/div><\/div><\/div>\t\t<\/div>\n\t\t\t\t<\/div>\n\t\t\t\t\t<\/div>\n\t\t<\/div>\n\t\t\t\t\t<\/div>\n\t\t<\/section>\n\t\t\t\t<section class=\"elementor-section elementor-inner-section elementor-element elementor-element-8655610 elementor-section-boxed elementor-section-height-default elementor-section-height-default\" data-id=\"8655610\" data-element_type=\"section\">\n\t\t\t\t\t\t<div class=\"elementor-container elementor-column-gap-default\">\n\t\t\t\t\t<div class=\"elementor-column elementor-col-50 elementor-inner-column elementor-element elementor-element-ef79deb\" data-id=\"ef79deb\" data-element_type=\"column\">\n\t\t\t<div class=\"elementor-widget-wrap elementor-element-populated\">\n\t\t\t\t\t\t<div class=\"elementor-element elementor-element-3853e30 elementor-widget elementor-widget-tp-flip-box\" data-id=\"3853e30\" data-element_type=\"widget\" data-widget_type=\"tp-flip-box.default\">\n\t\t\t\t<div class=\"elementor-widget-container\">\n\t\t\t<div class=\"pt_plus_info_box    flip_box69e12a7a1ac44 info-box-style_5    \"  dir= data-id=\"flip_box69e12a7a1ac44\"   ><div class=\"post-inner-loop\"><div class=\"info-box-inner content_hover_effect \"  ><div class=\"info-box-bg-box\"><div class=\"service-flipbox flip-vertical height-full\"><div class=\"service-flipbox-holder height-full text-center perspective bezier-1\"><div class=\"service-flipbox-front  bezier-1 no-backface origin-center\"><div class=\"service-flipbox-content width-full\"><img loading=\"lazy\" decoding=\"async\" width=\"1200\" height=\"630\" src=\"https:\/\/evet4ai.eu\/wp-content\/uploads\/2022\/12\/featured-AUGMENTED-REALITY-.jpg\" class=\"service-img\" alt=\"\" srcset=\"https:\/\/evet4ai.eu\/wp-content\/uploads\/2022\/12\/featured-AUGMENTED-REALITY-.jpg 1200w, https:\/\/evet4ai.eu\/wp-content\/uploads\/2022\/12\/featured-AUGMENTED-REALITY--300x158.jpg 300w, https:\/\/evet4ai.eu\/wp-content\/uploads\/2022\/12\/featured-AUGMENTED-REALITY--1024x538.jpg 1024w, https:\/\/evet4ai.eu\/wp-content\/uploads\/2022\/12\/featured-AUGMENTED-REALITY--768x403.jpg 768w, https:\/\/evet4ai.eu\/wp-content\/uploads\/2022\/12\/featured-AUGMENTED-REALITY--624x328.jpg 624w\" sizes=\"(max-width: 1200px) 100vw, 1200px\" \/><div class=\"service-content\"><div class=\"service-title\"> ERWEITERTE REALIT\u00c4T <\/div><\/div><\/div><div class=\"infobox-front-overlay\"><\/div><\/div><div class=\"service-flipbox-back  fold-back-horizontal no-backface bezier-1 origin-center\"><div class=\"service-flipbox-content width-full\"><div class=\"pt-plus-button-wrapper text-center\"><div class=\"button_parallax\"><div class=\"text-center ts-button\"><div class=\"pt_plus_button btn69e12a7a1ab47 button-style-7 \"><div class=\"animted-content-inner\"><a href=\"https:\/\/evet4ai.eu\/self-assessment-tool-augmented-reality\/\" target=\"_blank\" class=\"button-link-wrap\" role=\"button\">Sch\u00e4tzen Sie sich selbst ein<span class=\"btn-arrow\"><\/span><\/a><\/div><\/div><\/div><\/div><\/div><\/div><div class=\"infobox-back-overlay\"><\/div><\/div><\/div><\/div><\/div><\/div><\/div><\/div>\t\t<\/div>\n\t\t\t\t<\/div>\n\t\t\t\t\t<\/div>\n\t\t<\/div>\n\t\t\t\t<div class=\"elementor-column elementor-col-50 elementor-inner-column elementor-element elementor-element-e1b722d\" data-id=\"e1b722d\" data-element_type=\"column\">\n\t\t\t<div class=\"elementor-widget-wrap\">\n\t\t\t\t\t\t\t<\/div>\n\t\t<\/div>\n\t\t\t\t\t<\/div>\n\t\t<\/section>\n\t\t\t\t\t<\/div>\n\t\t<\/div>\n\t\t\t\t\t<\/div>\n\t\t<\/section>\n\t\t\t\t<section class=\"elementor-section elementor-top-section elementor-element elementor-element-5fbfa3f elementor-section-boxed elementor-section-height-default elementor-section-height-default\" data-id=\"5fbfa3f\" data-element_type=\"section\">\n\t\t\t\t\t\t<div class=\"elementor-container elementor-column-gap-default\">\n\t\t\t\t\t<div class=\"elementor-column elementor-col-100 elementor-top-column elementor-element elementor-element-0955dac\" data-id=\"0955dac\" data-element_type=\"column\">\n\t\t\t<div class=\"elementor-widget-wrap elementor-element-populated\">\n\t\t\t\t\t\t<div class=\"elementor-element elementor-element-b6ff5bc elementor-widget elementor-widget-spacer\" data-id=\"b6ff5bc\" data-element_type=\"widget\" data-widget_type=\"spacer.default\">\n\t\t\t\t<div class=\"elementor-widget-container\">\n\t\t\t\t\t<div class=\"elementor-spacer\">\n\t\t\t<div class=\"elementor-spacer-inner\"><\/div>\n\t\t<\/div>\n\t\t\t\t<\/div>\n\t\t\t\t<\/div>\n\t\t\t\t<div class=\"elementor-element elementor-element-e9543a7 elementor-widget elementor-widget-text-editor\" data-id=\"e9543a7\" data-element_type=\"widget\" data-widget_type=\"text-editor.default\">\n\t\t\t\t<div class=\"elementor-widget-container\">\n\t\t\t\t\t\t\t<p>K\u00fcnstliche Intelligenz (KI) spielt eine immer wichtigere Rolle im Alltag, in der Industrie aber auch in der Lern- und Ausbildungswelt.<\/p><p>Die Industrie setzt bereits L\u00f6sungen der k\u00fcnstlichen Intelligenz ein und ben\u00f6tigt dazu auch ausgebildete Fachkr\u00e4fte.<\/p><p>Durch Erwerb von KI-Kompetenzen werden die Ausbilder sowie Auszubildenden besser darauf vorbereitet, diese M\u00f6glichkeiten zu nutzen und zur Entwicklung von KI-Technologien beizutragen.<\/p><p>Hiermit m\u00f6chten wir Dir die M\u00f6glichkeit geben Dein Wissen zum Thema KI und zu weiteren Technologien zu testen. \u00a0<\/p><p>Danach kannst Du selbst entscheiden wo innerhalb unserer Lernplattform Du Dein Wissen verbessern m\u00f6chtest.<\/p>\t\t\t\t\t\t<\/div>\n\t\t\t\t<\/div>\n\t\t\t\t<div class=\"elementor-element elementor-element-b936cfb elementor-widget elementor-widget-spacer\" data-id=\"b936cfb\" data-element_type=\"widget\" id=\"quest-de\" data-widget_type=\"spacer.default\">\n\t\t\t\t<div class=\"elementor-widget-container\">\n\t\t\t\t\t<div class=\"elementor-spacer\">\n\t\t\t<div class=\"elementor-spacer-inner\"><\/div>\n\t\t<\/div>\n\t\t\t\t<\/div>\n\t\t\t\t<\/div>\n\t\t\t\t<div class=\"elementor-element elementor-element-e3c1a36 elementor-widget elementor-widget-heading\" data-id=\"e3c1a36\" data-element_type=\"widget\" data-widget_type=\"heading.default\">\n\t\t\t\t<div class=\"elementor-widget-container\">\n\t\t\t<h2 class=\"elementor-heading-title elementor-size-default\">Zufriedenheitsfragebogen<\/h2>\t\t<\/div>\n\t\t\t\t<\/div>\n\t\t\t\t<div class=\"elementor-element elementor-element-a766d09 elementor-widget elementor-widget-spacer\" data-id=\"a766d09\" data-element_type=\"widget\" data-widget_type=\"spacer.default\">\n\t\t\t\t<div class=\"elementor-widget-container\">\n\t\t\t\t\t<div class=\"elementor-spacer\">\n\t\t\t<div class=\"elementor-spacer-inner\"><\/div>\n\t\t<\/div>\n\t\t\t\t<\/div>\n\t\t\t\t<\/div>\n\t\t\t\t<div class=\"elementor-element elementor-element-47b6840 elementor-widget elementor-widget-text-editor\" data-id=\"47b6840\" data-element_type=\"widget\" data-widget_type=\"text-editor.default\">\n\t\t\t\t<div class=\"elementor-widget-container\">\n\t\t\t\t\t\t\t<p>Nach Abschluss von mindestens einer Lerneinheit, nimm Dir bitte einen Moment Zeit, uns ein Feedback zu dieser Plattform zu geben.<\/p>\t\t\t\t\t\t<\/div>\n\t\t\t\t<\/div>\n\t\t\t\t<div class=\"elementor-element elementor-element-b4d344a elementor-align-center elementor-widget elementor-widget-button\" data-id=\"b4d344a\" data-element_type=\"widget\" data-widget_type=\"button.default\">\n\t\t\t\t<div class=\"elementor-widget-container\">\n\t\t\t\t\t<div class=\"elementor-button-wrapper\">\n\t\t\t<a class=\"elementor-button elementor-button-link elementor-size-sm\" href=\"https:\/\/docs.google.com\/forms\/d\/e\/1FAIpQLScaJJV_TvwJN0U6lP3XkaPebe68kt3m2QmkVP6t65xtqfedyw\/viewform?usp=sf_link\" target=\"_blank\">\n\t\t\t\t\t\t<span class=\"elementor-button-content-wrapper\">\n\t\t\t\t\t\t\t\t\t<span class=\"elementor-button-text\">Fragebogen<\/span>\n\t\t\t\t\t<\/span>\n\t\t\t\t\t<\/a>\n\t\t<\/div>\n\t\t\t\t<\/div>\n\t\t\t\t<\/div>\n\t\t\t\t<div class=\"elementor-element elementor-element-f848e81 elementor-widget elementor-widget-spacer\" data-id=\"f848e81\" data-element_type=\"widget\" data-widget_type=\"spacer.default\">\n\t\t\t\t<div class=\"elementor-widget-container\">\n\t\t\t\t\t<div class=\"elementor-spacer\">\n\t\t\t<div class=\"elementor-spacer-inner\"><\/div>\n\t\t<\/div>\n\t\t\t\t<\/div>\n\t\t\t\t<\/div>\n\t\t\t\t\t<\/div>\n\t\t<\/div>\n\t\t\t\t\t<\/div>\n\t\t<\/section>\n\t\t\t\t<\/div>\n\t\t","protected":false},"excerpt":{"rendered":"<p>Selbsteinsch\u00e4tzungstest (Self-Awareness-Tool \u2013 SAT) Vergiss nicht, dich anzumelden oder zu registrieren Wie erfolgt derzeit die Vermittlung von Lehrinhalten in dem Bereich?: Selbsttest Was k\u00f6nnte der&hellip;<\/p>\n","protected":false},"author":1,"featured_media":0,"parent":0,"menu_order":0,"comment_status":"closed","ping_status":"closed","template":"elementor_header_footer","meta":{"footnotes":""},"class_list":["post-8903","page","type-page","status-publish","hentry"],"_links":{"self":[{"href":"https:\/\/evet4ai.eu\/de\/wp-json\/wp\/v2\/pages\/8903"}],"collection":[{"href":"https:\/\/evet4ai.eu\/de\/wp-json\/wp\/v2\/pages"}],"about":[{"href":"https:\/\/evet4ai.eu\/de\/wp-json\/wp\/v2\/types\/page"}],"author":[{"embeddable":true,"href":"https:\/\/evet4ai.eu\/de\/wp-json\/wp\/v2\/users\/1"}],"replies":[{"embeddable":true,"href":"https:\/\/evet4ai.eu\/de\/wp-json\/wp\/v2\/comments?post=8903"}],"version-history":[{"count":34,"href":"https:\/\/evet4ai.eu\/de\/wp-json\/wp\/v2\/pages\/8903\/revisions"}],"predecessor-version":[{"id":15697,"href":"https:\/\/evet4ai.eu\/de\/wp-json\/wp\/v2\/pages\/8903\/revisions\/15697"}],"wp:attachment":[{"href":"https:\/\/evet4ai.eu\/de\/wp-json\/wp\/v2\/media?parent=8903"}],"curies":[{"name":"wp","href":"https:\/\/api.w.org\/{rel}","templated":true}]}}