{"id":11520,"date":"2023-02-02T12:41:00","date_gmt":"2023-02-02T12:41:00","guid":{"rendered":"https:\/\/evet4ai.eu\/self-assessment-tool-augmented-reality-es\/"},"modified":"2023-09-15T10:14:26","modified_gmt":"2023-09-15T10:14:26","slug":"self-assessment-tool-augmented-reality-es","status":"publish","type":"page","link":"https:\/\/evet4ai.eu\/es\/self-assessment-tool-augmented-reality-es\/","title":{"rendered":"Self Assessment Tool AUGMENTED REALITY es"},"content":{"rendered":"\t\t<div data-elementor-type=\"wp-page\" data-elementor-id=\"11520\" class=\"elementor elementor-11520 elementor-4082\" data-elementor-post-type=\"page\">\n\t\t\t\t\t\t<section class=\"elementor-section elementor-top-section elementor-element elementor-element-c16d62a elementor-section-boxed elementor-section-height-default elementor-section-height-default\" data-id=\"c16d62a\" data-element_type=\"section\" data-settings=\"{&quot;background_background&quot;:&quot;classic&quot;}\">\n\t\t\t\t\t\t\t<div class=\"elementor-background-overlay\"><\/div>\n\t\t\t\t\t\t\t<div class=\"elementor-container elementor-column-gap-default\">\n\t\t\t\t\t<div class=\"elementor-column elementor-col-100 elementor-top-column elementor-element elementor-element-5932453\" data-id=\"5932453\" data-element_type=\"column\">\n\t\t\t<div class=\"elementor-widget-wrap elementor-element-populated\">\n\t\t\t\t\t\t<div class=\"elementor-element elementor-element-9387921 elementor-widget elementor-widget-spacer\" data-id=\"9387921\" data-element_type=\"widget\" data-widget_type=\"spacer.default\">\n\t\t\t\t<div class=\"elementor-widget-container\">\n\t\t\t\t\t<div class=\"elementor-spacer\">\n\t\t\t<div class=\"elementor-spacer-inner\"><\/div>\n\t\t<\/div>\n\t\t\t\t<\/div>\n\t\t\t\t<\/div>\n\t\t\t\t<div class=\"elementor-element elementor-element-209a27d elementor-widget elementor-widget-toggle\" data-id=\"209a27d\" data-element_type=\"widget\" data-widget_type=\"toggle.default\">\n\t\t\t\t<div class=\"elementor-widget-container\">\n\t\t\t\t\t<div class=\"elementor-toggle\">\n\t\t\t\t\t\t\t<div class=\"elementor-toggle-item\">\n\t\t\t\t\t<h4 id=\"elementor-tab-title-3411\" class=\"elementor-tab-title\" data-tab=\"1\" role=\"button\" aria-controls=\"elementor-tab-content-3411\" aria-expanded=\"false\">\n\t\t\t\t\t\t\t\t\t\t\t\t<span class=\"elementor-toggle-icon elementor-toggle-icon-left\" aria-hidden=\"true\">\n\t\t\t\t\t\t\t\t\t\t\t\t\t\t\t<span class=\"elementor-toggle-icon-closed\"><i class=\"fas fa-angle-down\"><\/i><\/span>\n\t\t\t\t\t\t\t\t<span class=\"elementor-toggle-icon-opened\"><i class=\"elementor-toggle-icon-opened fas fa-angle-up\"><\/i><\/span>\n\t\t\t\t\t\t\t\t\t\t\t\t\t<\/span>\n\t\t\t\t\t\t\t\t\t\t\t\t<a class=\"elementor-toggle-title\" tabindex=\"0\">REALIDAD AUMENTADA<\/a>\n\t\t\t\t\t<\/h4>\n\n\t\t\t\t\t<div id=\"elementor-tab-content-3411\" class=\"elementor-tab-content elementor-clearfix\" data-tab=\"1\" role=\"region\" aria-labelledby=\"elementor-tab-title-3411\"><p>La realidad aumentada (RA) es una tecnolog\u00eda que superpone informaci\u00f3n e im\u00e1genes digitales en el mundo real, creando una experiencia interactiva e inmersiva para los usuarios. Las aplicaciones de RA se pueden utilizar para mejorar la ense\u00f1anza y el aprendizaje en varios campos, incluyendo ciencia, ingenier\u00eda y arte.<\/p>\n<p>En el contexto de la formaci\u00f3n t\u00e9cnica, la RA se puede utilizar para proporcionar a los estudiantes una experiencia pr\u00e1ctica de diversas habilidades industriales y t\u00e9cnicas. Por ejemplo, los estudiantes pueden utilizar aplicaciones de RA para visualizar e interactuar con modelos 3D de m\u00e1quinas u otros equipos industriales. Esto puede ayudarlos a comprender mejor el dise\u00f1o y funcionalidad de estas m\u00e1quinas, as\u00ed como identificar posibles riesgos de seguridad.<\/p>\n<p>La RA tambi\u00e9n se puede utilizar para ense\u00f1ar a los estudiantes de especializaciones industriales y de formaci\u00f3n profesional varios procesos t\u00e9cnicos, como el ensamblaje o desmantelamiento de maquinaria. Por ejemplo, los estudiantes pueden usar aplicaciones de RA para ver y seguir instrucciones paso a paso del ensamblaje de una m\u00e1quina, sin necesidad de tener la m\u00e1quina f\u00edsica frente a ellos. Esto puede ayudar a los estudiantes a aprender y practicar habilidades t\u00e9cnicas en un entorno seguro y controlado.<\/p>\n<\/div>\n\t\t\t\t<\/div>\n\t\t\t\t\t\t\t\t<\/div>\n\t\t\t\t<\/div>\n\t\t\t\t<\/div>\n\t\t\t\t<div class=\"elementor-element elementor-element-548055c elementor-widget elementor-widget-spacer\" data-id=\"548055c\" data-element_type=\"widget\" data-widget_type=\"spacer.default\">\n\t\t\t\t<div class=\"elementor-widget-container\">\n\t\t\t\t\t<div class=\"elementor-spacer\">\n\t\t\t<div class=\"elementor-spacer-inner\"><\/div>\n\t\t<\/div>\n\t\t\t\t<\/div>\n\t\t\t\t<\/div>\n\t\t\t\t<section class=\"elementor-section elementor-inner-section elementor-element elementor-element-407b2e6 elementor-section-boxed elementor-section-height-default elementor-section-height-default\" data-id=\"407b2e6\" data-element_type=\"section\">\n\t\t\t\t\t\t<div class=\"elementor-container elementor-column-gap-default\">\n\t\t\t\t\t<div class=\"plus-sticky-column-sticky elementor-column elementor-col-50 elementor-inner-column elementor-element elementor-element-ac79797 elementor-hidden-tablet elementor-hidden-mobile\" data-plus-sticky-column-settings=\"{&quot;id&quot;:&quot;ac79797&quot;,&quot;sticky&quot;:true,&quot;topSpacing&quot;:100,&quot;bottomSpacing&quot;:80,&quot;stickyOn&quot;:[&quot;desktop&quot;,&quot;tablet&quot;]}\" data-id=\"ac79797\" data-element_type=\"column\">\n\t\t\t<div class=\"elementor-widget-wrap elementor-element-populated\">\n\t\t\t\t\t\t<div class=\"elementor-element elementor-element-f389ac3 elementor-widget elementor-widget-image\" data-id=\"f389ac3\" data-element_type=\"widget\" data-widget_type=\"image.default\">\n\t\t\t\t<div class=\"elementor-widget-container\">\n\t\t\t\t\t\t\t\t\t\t\t\t\t<img fetchpriority=\"high\" decoding=\"async\" width=\"538\" height=\"1024\" src=\"https:\/\/evet4ai.eu\/wp-content\/uploads\/2023\/02\/vertical-featured-AUGMENTED-REALITY--538x1024.jpg\" class=\"attachment-large size-large wp-image-4047\" alt=\"\" srcset=\"https:\/\/evet4ai.eu\/wp-content\/uploads\/2023\/02\/vertical-featured-AUGMENTED-REALITY--538x1024.jpg 538w, https:\/\/evet4ai.eu\/wp-content\/uploads\/2023\/02\/vertical-featured-AUGMENTED-REALITY--158x300.jpg 158w, https:\/\/evet4ai.eu\/wp-content\/uploads\/2023\/02\/vertical-featured-AUGMENTED-REALITY--624x1189.jpg 624w, https:\/\/evet4ai.eu\/wp-content\/uploads\/2023\/02\/vertical-featured-AUGMENTED-REALITY-.jpg 630w\" sizes=\"(max-width: 538px) 100vw, 538px\" \/>\t\t\t\t\t\t\t\t\t\t\t\t\t<\/div>\n\t\t\t\t<\/div>\n\t\t\t\t\t<\/div>\n\t\t<\/div>\n\t\t\t\t<div class=\"elementor-column elementor-col-50 elementor-inner-column elementor-element elementor-element-5301681\" data-id=\"5301681\" data-element_type=\"column\">\n\t\t\t<div class=\"elementor-widget-wrap elementor-element-populated\">\n\t\t\t\t\t\t<div class=\"elementor-element elementor-element-3caddf6 elementor-widget elementor-widget-shortcode\" data-id=\"3caddf6\" data-element_type=\"widget\" data-widget_type=\"shortcode.default\">\n\t\t\t\t<div class=\"elementor-widget-container\">\n\t\t\t\t\t<div class=\"elementor-shortcode\"><p>Lo siento. Debe iniciar sesi\u00f3n para ver este formulario.\r\n<br><br>\r\n<strong><a href=\"https:\/\/evet4ai.eu\/wp-login.php\" target=\"_blank\" rel=\"noopener\">Acceso<\/a><\/strong>\r\n<br><br>\r\n\u00bfNo tienes una cuenta?\r\nNing\u00fan problema, <strong><a href=\"https:\/\/evet4ai.eu\/register\/\" target=\"_blank\" rel=\"noopener\">pulse aqu\u00ed para registrarse<\/a><\/strong>.<\/p><\/div>\n\t\t\t\t<\/div>\n\t\t\t\t<\/div>\n\t\t\t\t\t<\/div>\n\t\t<\/div>\n\t\t\t\t\t<\/div>\n\t\t<\/section>\n\t\t\t\t\t<\/div>\n\t\t<\/div>\n\t\t\t\t\t<\/div>\n\t\t<\/section>\n\t\t\t\t<\/div>\n\t\t","protected":false},"excerpt":{"rendered":"<p>REALIDAD AUMENTADA La realidad aumentada (RA) es una tecnolog\u00eda que superpone informaci\u00f3n e im\u00e1genes digitales en el mundo real, creando una experiencia interactiva e inmersiva&hellip;<\/p>\n","protected":false},"author":4,"featured_media":0,"parent":0,"menu_order":0,"comment_status":"closed","ping_status":"closed","template":"","meta":{"footnotes":""},"class_list":["post-11520","page","type-page","status-publish","hentry"],"_links":{"self":[{"href":"https:\/\/evet4ai.eu\/es\/wp-json\/wp\/v2\/pages\/11520"}],"collection":[{"href":"https:\/\/evet4ai.eu\/es\/wp-json\/wp\/v2\/pages"}],"about":[{"href":"https:\/\/evet4ai.eu\/es\/wp-json\/wp\/v2\/types\/page"}],"author":[{"embeddable":true,"href":"https:\/\/evet4ai.eu\/es\/wp-json\/wp\/v2\/users\/4"}],"replies":[{"embeddable":true,"href":"https:\/\/evet4ai.eu\/es\/wp-json\/wp\/v2\/comments?post=11520"}],"version-history":[{"count":1,"href":"https:\/\/evet4ai.eu\/es\/wp-json\/wp\/v2\/pages\/11520\/revisions"}],"predecessor-version":[{"id":11521,"href":"https:\/\/evet4ai.eu\/es\/wp-json\/wp\/v2\/pages\/11520\/revisions\/11521"}],"wp:attachment":[{"href":"https:\/\/evet4ai.eu\/es\/wp-json\/wp\/v2\/media?parent=11520"}],"curies":[{"name":"wp","href":"https:\/\/api.w.org\/{rel}","templated":true}]}}