{"id":11524,"date":"2023-02-02T12:36:15","date_gmt":"2023-02-02T12:36:15","guid":{"rendered":"https:\/\/evet4ai.eu\/self-assessment-tool-digital-twin-es\/"},"modified":"2023-09-15T10:16:27","modified_gmt":"2023-09-15T10:16:27","slug":"self-assessment-tool-digital-twin-es","status":"publish","type":"page","link":"https:\/\/evet4ai.eu\/es\/self-assessment-tool-digital-twin-es\/","title":{"rendered":"Self Assessment Tool DIGITAL TWIN es"},"content":{"rendered":"\t\t<div data-elementor-type=\"wp-page\" data-elementor-id=\"11524\" class=\"elementor elementor-11524 elementor-4071\" data-elementor-post-type=\"page\">\n\t\t\t\t\t\t<section class=\"elementor-section elementor-top-section elementor-element elementor-element-5f1ffae elementor-section-boxed elementor-section-height-default elementor-section-height-default\" data-id=\"5f1ffae\" data-element_type=\"section\" data-settings=\"{&quot;background_background&quot;:&quot;classic&quot;}\">\n\t\t\t\t\t\t\t<div class=\"elementor-background-overlay\"><\/div>\n\t\t\t\t\t\t\t<div class=\"elementor-container elementor-column-gap-default\">\n\t\t\t\t\t<div class=\"elementor-column elementor-col-100 elementor-top-column elementor-element elementor-element-9faf5a2\" data-id=\"9faf5a2\" data-element_type=\"column\">\n\t\t\t<div class=\"elementor-widget-wrap elementor-element-populated\">\n\t\t\t\t\t\t<div class=\"elementor-element elementor-element-6c1f2f5 elementor-widget elementor-widget-spacer\" data-id=\"6c1f2f5\" data-element_type=\"widget\" data-widget_type=\"spacer.default\">\n\t\t\t\t<div class=\"elementor-widget-container\">\n\t\t\t\t\t<div class=\"elementor-spacer\">\n\t\t\t<div class=\"elementor-spacer-inner\"><\/div>\n\t\t<\/div>\n\t\t\t\t<\/div>\n\t\t\t\t<\/div>\n\t\t\t\t<div class=\"elementor-element elementor-element-bae66e9 elementor-widget elementor-widget-toggle\" data-id=\"bae66e9\" data-element_type=\"widget\" data-widget_type=\"toggle.default\">\n\t\t\t\t<div class=\"elementor-widget-container\">\n\t\t\t\t\t<div class=\"elementor-toggle\">\n\t\t\t\t\t\t\t<div class=\"elementor-toggle-item\">\n\t\t\t\t\t<h4 id=\"elementor-tab-title-1951\" class=\"elementor-tab-title\" data-tab=\"1\" role=\"button\" aria-controls=\"elementor-tab-content-1951\" aria-expanded=\"false\">\n\t\t\t\t\t\t\t\t\t\t\t\t<span class=\"elementor-toggle-icon elementor-toggle-icon-left\" aria-hidden=\"true\">\n\t\t\t\t\t\t\t\t\t\t\t\t\t\t\t<span class=\"elementor-toggle-icon-closed\"><i class=\"fas fa-angle-down\"><\/i><\/span>\n\t\t\t\t\t\t\t\t<span class=\"elementor-toggle-icon-opened\"><i class=\"elementor-toggle-icon-opened fas fa-angle-up\"><\/i><\/span>\n\t\t\t\t\t\t\t\t\t\t\t\t\t<\/span>\n\t\t\t\t\t\t\t\t\t\t\t\t<a class=\"elementor-toggle-title\" tabindex=\"0\">DIGITAL TWIN<\/a>\n\t\t\t\t\t<\/h4>\n\n\t\t\t\t\t<div id=\"elementor-tab-content-1951\" class=\"elementor-tab-content elementor-clearfix\" data-tab=\"1\" role=\"region\" aria-labelledby=\"elementor-tab-title-1951\"><p>Un gemelo digital es una r\u00e9plica virtual de un objeto o sistema f\u00edsico que se crea utilizando dise\u00f1o asistido por computadora (CAD) u otras tecnolog\u00edas digitales. El gemelo digital puede utilizarse para simular el comportamiento y el rendimiento del objeto f\u00edsico o sistema en condiciones reales, lo que permite a los ingenieros y dise\u00f1adores probar y optimizar sus dise\u00f1os antes de construirlos.<\/p>\n<p>Aumento de la eficiencia y productividad: al simular y analizar el rendimiento de m\u00e1quinas y sistemas, los gemelos digitales pueden identificar oportunidades para mejorar la eficiencia y productividad, permitiendo a los fabricantes optimizar sus operaciones y reducir costos.<\/p>\n<p>Los gemelos digitales pueden utilizarse para proporcionar a los estudiantes una experiencia pr\u00e1ctica en el dise\u00f1o y prueba de varios sistemas mec\u00e1nicos y el\u00e9ctricos. Por ejemplo, los estudiantes pueden crear gemelos digitales de m\u00e1quinas u otros sistemas y simular su comportamiento en diferentes condiciones de operaci\u00f3n. Esto puede ayudarlos a comprender mejor los principios de la mec\u00e1nica, la termodin\u00e1mica y otros conceptos de ingenier\u00eda. En general, el uso de gemelos digitales en la formaci\u00f3n puede ayudar a los estudiantes de FP y CF a desarrollar habilidades pr\u00e1cticas en ingenier\u00eda y tecnolog\u00eda y prepararlos para carreras en sectores como fabricaci\u00f3n, energ\u00eda y movilidad.<\/p>\n<\/div>\n\t\t\t\t<\/div>\n\t\t\t\t\t\t\t\t<\/div>\n\t\t\t\t<\/div>\n\t\t\t\t<\/div>\n\t\t\t\t<div class=\"elementor-element elementor-element-aa43ccf elementor-widget elementor-widget-spacer\" data-id=\"aa43ccf\" data-element_type=\"widget\" data-widget_type=\"spacer.default\">\n\t\t\t\t<div class=\"elementor-widget-container\">\n\t\t\t\t\t<div class=\"elementor-spacer\">\n\t\t\t<div class=\"elementor-spacer-inner\"><\/div>\n\t\t<\/div>\n\t\t\t\t<\/div>\n\t\t\t\t<\/div>\n\t\t\t\t<section class=\"elementor-section elementor-inner-section elementor-element elementor-element-87a2d32 elementor-section-boxed elementor-section-height-default elementor-section-height-default\" data-id=\"87a2d32\" data-element_type=\"section\">\n\t\t\t\t\t\t<div class=\"elementor-container elementor-column-gap-default\">\n\t\t\t\t\t<div class=\"plus-sticky-column-sticky elementor-column elementor-col-50 elementor-inner-column elementor-element elementor-element-f0774db elementor-hidden-tablet elementor-hidden-mobile\" data-plus-sticky-column-settings=\"{&quot;id&quot;:&quot;f0774db&quot;,&quot;sticky&quot;:true,&quot;topSpacing&quot;:100,&quot;bottomSpacing&quot;:80,&quot;stickyOn&quot;:[&quot;desktop&quot;,&quot;tablet&quot;]}\" data-id=\"f0774db\" data-element_type=\"column\">\n\t\t\t<div class=\"elementor-widget-wrap elementor-element-populated\">\n\t\t\t\t\t\t<div class=\"elementor-element elementor-element-b064218 elementor-widget elementor-widget-image\" data-id=\"b064218\" data-element_type=\"widget\" data-widget_type=\"image.default\">\n\t\t\t\t<div class=\"elementor-widget-container\">\n\t\t\t\t\t\t\t\t\t\t\t\t\t<img fetchpriority=\"high\" decoding=\"async\" width=\"538\" height=\"1024\" src=\"https:\/\/evet4ai.eu\/wp-content\/uploads\/2023\/02\/vertical-featured-DIGITAL-TWIN-538x1024.jpg\" class=\"attachment-large size-large wp-image-4053\" alt=\"\" srcset=\"https:\/\/evet4ai.eu\/wp-content\/uploads\/2023\/02\/vertical-featured-DIGITAL-TWIN-538x1024.jpg 538w, https:\/\/evet4ai.eu\/wp-content\/uploads\/2023\/02\/vertical-featured-DIGITAL-TWIN-158x300.jpg 158w, https:\/\/evet4ai.eu\/wp-content\/uploads\/2023\/02\/vertical-featured-DIGITAL-TWIN-624x1189.jpg 624w, https:\/\/evet4ai.eu\/wp-content\/uploads\/2023\/02\/vertical-featured-DIGITAL-TWIN.jpg 630w\" sizes=\"(max-width: 538px) 100vw, 538px\" \/>\t\t\t\t\t\t\t\t\t\t\t\t\t<\/div>\n\t\t\t\t<\/div>\n\t\t\t\t\t<\/div>\n\t\t<\/div>\n\t\t\t\t<div class=\"elementor-column elementor-col-50 elementor-inner-column elementor-element elementor-element-56d7cc2\" data-id=\"56d7cc2\" data-element_type=\"column\">\n\t\t\t<div class=\"elementor-widget-wrap elementor-element-populated\">\n\t\t\t\t\t\t<div class=\"elementor-element elementor-element-5b30a4e elementor-widget elementor-widget-text-editor\" data-id=\"5b30a4e\" data-element_type=\"widget\" data-widget_type=\"text-editor.default\">\n\t\t\t\t<div class=\"elementor-widget-container\">\n\t\t\t\t\t\t\t<p><p>Lo siento. Debe iniciar sesi\u00f3n para ver este formulario.\r\n<br><br>\r\n<strong><a href=\"https:\/\/evet4ai.eu\/wp-login.php\" target=\"_blank\" rel=\"noopener\">Acceso<\/a><\/strong>\r\n<br><br>\r\n\u00bfNo tienes una cuenta?\r\nNing\u00fan problema, <strong><a href=\"https:\/\/evet4ai.eu\/register\/\" target=\"_blank\" rel=\"noopener\">pulse aqu\u00ed para registrarse<\/a><\/strong>.<\/p><\/p>\n\t\t\t\t\t\t<\/div>\n\t\t\t\t<\/div>\n\t\t\t\t\t<\/div>\n\t\t<\/div>\n\t\t\t\t\t<\/div>\n\t\t<\/section>\n\t\t\t\t\t<\/div>\n\t\t<\/div>\n\t\t\t\t\t<\/div>\n\t\t<\/section>\n\t\t\t\t<\/div>\n\t\t","protected":false},"excerpt":{"rendered":"<p>DIGITAL TWIN Un gemelo digital es una r\u00e9plica virtual de un objeto o sistema f\u00edsico que se crea utilizando dise\u00f1o asistido por computadora (CAD) u&hellip;<\/p>\n","protected":false},"author":4,"featured_media":0,"parent":0,"menu_order":0,"comment_status":"closed","ping_status":"closed","template":"","meta":{"footnotes":""},"class_list":["post-11524","page","type-page","status-publish","hentry"],"_links":{"self":[{"href":"https:\/\/evet4ai.eu\/es\/wp-json\/wp\/v2\/pages\/11524"}],"collection":[{"href":"https:\/\/evet4ai.eu\/es\/wp-json\/wp\/v2\/pages"}],"about":[{"href":"https:\/\/evet4ai.eu\/es\/wp-json\/wp\/v2\/types\/page"}],"author":[{"embeddable":true,"href":"https:\/\/evet4ai.eu\/es\/wp-json\/wp\/v2\/users\/4"}],"replies":[{"embeddable":true,"href":"https:\/\/evet4ai.eu\/es\/wp-json\/wp\/v2\/comments?post=11524"}],"version-history":[{"count":1,"href":"https:\/\/evet4ai.eu\/es\/wp-json\/wp\/v2\/pages\/11524\/revisions"}],"predecessor-version":[{"id":11525,"href":"https:\/\/evet4ai.eu\/es\/wp-json\/wp\/v2\/pages\/11524\/revisions\/11525"}],"wp:attachment":[{"href":"https:\/\/evet4ai.eu\/es\/wp-json\/wp\/v2\/media?parent=11524"}],"curies":[{"name":"wp","href":"https:\/\/api.w.org\/{rel}","templated":true}]}}