{"id":11526,"date":"2023-02-02T12:39:48","date_gmt":"2023-02-02T12:39:48","guid":{"rendered":"https:\/\/evet4ai.eu\/self-assessment-tool-machine-learning-es\/"},"modified":"2023-09-15T10:17:24","modified_gmt":"2023-09-15T10:17:24","slug":"self-assessment-tool-machine-learning-es","status":"publish","type":"page","link":"https:\/\/evet4ai.eu\/es\/self-assessment-tool-machine-learning-es\/","title":{"rendered":"Self Assessment Tool MACHINE LEARNING es"},"content":{"rendered":"\t\t<div data-elementor-type=\"wp-page\" data-elementor-id=\"11526\" class=\"elementor elementor-11526 elementor-4078\" data-elementor-post-type=\"page\">\n\t\t\t\t\t\t<section class=\"elementor-section elementor-top-section elementor-element elementor-element-411869a elementor-section-boxed elementor-section-height-default elementor-section-height-default\" data-id=\"411869a\" data-element_type=\"section\" data-settings=\"{&quot;background_background&quot;:&quot;classic&quot;}\">\n\t\t\t\t\t\t\t<div class=\"elementor-background-overlay\"><\/div>\n\t\t\t\t\t\t\t<div class=\"elementor-container elementor-column-gap-default\">\n\t\t\t\t\t<div class=\"elementor-column elementor-col-100 elementor-top-column elementor-element elementor-element-789d595\" data-id=\"789d595\" data-element_type=\"column\">\n\t\t\t<div class=\"elementor-widget-wrap elementor-element-populated\">\n\t\t\t\t\t\t<div class=\"elementor-element elementor-element-624090b elementor-widget elementor-widget-spacer\" data-id=\"624090b\" data-element_type=\"widget\" data-widget_type=\"spacer.default\">\n\t\t\t\t<div class=\"elementor-widget-container\">\n\t\t\t\t\t<div class=\"elementor-spacer\">\n\t\t\t<div class=\"elementor-spacer-inner\"><\/div>\n\t\t<\/div>\n\t\t\t\t<\/div>\n\t\t\t\t<\/div>\n\t\t\t\t<div class=\"elementor-element elementor-element-6fc310e elementor-widget elementor-widget-toggle\" data-id=\"6fc310e\" data-element_type=\"widget\" data-widget_type=\"toggle.default\">\n\t\t\t\t<div class=\"elementor-widget-container\">\n\t\t\t\t\t<div class=\"elementor-toggle\">\n\t\t\t\t\t\t\t<div class=\"elementor-toggle-item\">\n\t\t\t\t\t<h4 id=\"elementor-tab-title-1171\" class=\"elementor-tab-title\" data-tab=\"1\" role=\"button\" aria-controls=\"elementor-tab-content-1171\" aria-expanded=\"false\">\n\t\t\t\t\t\t\t\t\t\t\t\t<span class=\"elementor-toggle-icon elementor-toggle-icon-left\" aria-hidden=\"true\">\n\t\t\t\t\t\t\t\t\t\t\t\t\t\t\t<span class=\"elementor-toggle-icon-closed\"><i class=\"fas fa-angle-down\"><\/i><\/span>\n\t\t\t\t\t\t\t\t<span class=\"elementor-toggle-icon-opened\"><i class=\"elementor-toggle-icon-opened fas fa-angle-up\"><\/i><\/span>\n\t\t\t\t\t\t\t\t\t\t\t\t\t<\/span>\n\t\t\t\t\t\t\t\t\t\t\t\t<a class=\"elementor-toggle-title\" tabindex=\"0\">MACHINE LEARNING <\/a>\n\t\t\t\t\t<\/h4>\n\n\t\t\t\t\t<div id=\"elementor-tab-content-1171\" class=\"elementor-tab-content elementor-clearfix\" data-tab=\"1\" role=\"region\" aria-labelledby=\"elementor-tab-title-1171\"><p>El aprendizaje autom\u00e1tico es una rama de la inteligencia artificial que implica la creaci\u00f3n de algoritmos inform\u00e1ticos capaces de aprender y mejorar con el tiempo en base a los datos de entrada. En lugar de estar expl\u00edcitamente programados, estos algoritmos est\u00e1n dise\u00f1ados para aprender y hacer predicciones o decisiones basadas en patrones y relaciones dentro de los datos. Algunas de las aplicaciones m\u00e1s comunes e impactantes del aprendizaje autom\u00e1tico en la industria mec\u00e1nica incluyen el mantenimiento predictivo, el control de calidad, la rob\u00f3tica. En el contexto de la ense\u00f1anza y el aprendizaje, el aprendizaje autom\u00e1tico puede utilizarse para analizar los datos de rendimiento de los estudiantes e identificar \u00e1reas donde podr\u00eda ser necesario apoyo o recursos adicionales. Por ejemplo, puede utilizarse para identificar estudiantes que tienen dificultades con un tema en particular o para recomendar trayectorias de aprendizaje personalizadas para estudiantes individuales basadas en sus puntos fuertes y d\u00e9biles. Al aprovechar el aprendizaje autom\u00e1tico de esta manera, la capacitaci\u00f3n puede adaptarse a las necesidades de los estudiantes y ayudarlos a alcanzar sus objetivos educativos de manera m\u00e1s efectiva.<\/p>\n<\/div>\n\t\t\t\t<\/div>\n\t\t\t\t\t\t\t\t<\/div>\n\t\t\t\t<\/div>\n\t\t\t\t<\/div>\n\t\t\t\t<div class=\"elementor-element elementor-element-c17b6d9 elementor-widget elementor-widget-spacer\" data-id=\"c17b6d9\" data-element_type=\"widget\" data-widget_type=\"spacer.default\">\n\t\t\t\t<div class=\"elementor-widget-container\">\n\t\t\t\t\t<div class=\"elementor-spacer\">\n\t\t\t<div class=\"elementor-spacer-inner\"><\/div>\n\t\t<\/div>\n\t\t\t\t<\/div>\n\t\t\t\t<\/div>\n\t\t\t\t<section class=\"elementor-section elementor-inner-section elementor-element elementor-element-38d03f2 elementor-section-boxed elementor-section-height-default elementor-section-height-default\" data-id=\"38d03f2\" data-element_type=\"section\">\n\t\t\t\t\t\t<div class=\"elementor-container elementor-column-gap-default\">\n\t\t\t\t\t<div class=\"plus-sticky-column-sticky elementor-column elementor-col-50 elementor-inner-column elementor-element elementor-element-faee4c0 elementor-hidden-tablet elementor-hidden-mobile\" data-plus-sticky-column-settings=\"{&quot;id&quot;:&quot;faee4c0&quot;,&quot;sticky&quot;:true,&quot;topSpacing&quot;:100,&quot;bottomSpacing&quot;:80,&quot;stickyOn&quot;:[&quot;desktop&quot;,&quot;tablet&quot;]}\" data-id=\"faee4c0\" data-element_type=\"column\">\n\t\t\t<div class=\"elementor-widget-wrap elementor-element-populated\">\n\t\t\t\t\t\t<div class=\"elementor-element elementor-element-d7026e2 elementor-widget elementor-widget-image\" data-id=\"d7026e2\" data-element_type=\"widget\" data-widget_type=\"image.default\">\n\t\t\t\t<div class=\"elementor-widget-container\">\n\t\t\t\t\t\t\t\t\t\t\t\t\t<img fetchpriority=\"high\" decoding=\"async\" width=\"538\" height=\"1024\" src=\"https:\/\/evet4ai.eu\/wp-content\/uploads\/2023\/02\/vertical-featured-MACHINE-LEARNING--538x1024.jpg\" class=\"attachment-large size-large wp-image-4059\" alt=\"\" srcset=\"https:\/\/evet4ai.eu\/wp-content\/uploads\/2023\/02\/vertical-featured-MACHINE-LEARNING--538x1024.jpg 538w, https:\/\/evet4ai.eu\/wp-content\/uploads\/2023\/02\/vertical-featured-MACHINE-LEARNING--158x300.jpg 158w, https:\/\/evet4ai.eu\/wp-content\/uploads\/2023\/02\/vertical-featured-MACHINE-LEARNING--624x1189.jpg 624w, https:\/\/evet4ai.eu\/wp-content\/uploads\/2023\/02\/vertical-featured-MACHINE-LEARNING-.jpg 630w\" sizes=\"(max-width: 538px) 100vw, 538px\" \/>\t\t\t\t\t\t\t\t\t\t\t\t\t<\/div>\n\t\t\t\t<\/div>\n\t\t\t\t\t<\/div>\n\t\t<\/div>\n\t\t\t\t<div class=\"elementor-column elementor-col-50 elementor-inner-column elementor-element elementor-element-79099ca\" data-id=\"79099ca\" data-element_type=\"column\">\n\t\t\t<div class=\"elementor-widget-wrap elementor-element-populated\">\n\t\t\t\t\t\t<div class=\"elementor-element elementor-element-06665ff elementor-widget elementor-widget-shortcode\" data-id=\"06665ff\" data-element_type=\"widget\" data-widget_type=\"shortcode.default\">\n\t\t\t\t<div class=\"elementor-widget-container\">\n\t\t\t\t\t<div class=\"elementor-shortcode\"><p>Lo siento. Debe iniciar sesi\u00f3n para ver este formulario.\r\n<br><br>\r\n<strong><a href=\"https:\/\/evet4ai.eu\/wp-login.php\" target=\"_blank\" rel=\"noopener\">Acceso<\/a><\/strong>\r\n<br><br>\r\n\u00bfNo tienes una cuenta?\r\nNing\u00fan problema, <strong><a href=\"https:\/\/evet4ai.eu\/register\/\" target=\"_blank\" rel=\"noopener\">pulse aqu\u00ed para registrarse<\/a><\/strong>.<\/p><\/div>\n\t\t\t\t<\/div>\n\t\t\t\t<\/div>\n\t\t\t\t\t<\/div>\n\t\t<\/div>\n\t\t\t\t\t<\/div>\n\t\t<\/section>\n\t\t\t\t\t<\/div>\n\t\t<\/div>\n\t\t\t\t\t<\/div>\n\t\t<\/section>\n\t\t\t\t<\/div>\n\t\t","protected":false},"excerpt":{"rendered":"<p>MACHINE LEARNING El aprendizaje autom\u00e1tico es una rama de la inteligencia artificial que implica la creaci\u00f3n de algoritmos inform\u00e1ticos capaces de aprender y mejorar con&hellip;<\/p>\n","protected":false},"author":4,"featured_media":0,"parent":0,"menu_order":0,"comment_status":"closed","ping_status":"closed","template":"","meta":{"footnotes":""},"class_list":["post-11526","page","type-page","status-publish","hentry"],"_links":{"self":[{"href":"https:\/\/evet4ai.eu\/es\/wp-json\/wp\/v2\/pages\/11526"}],"collection":[{"href":"https:\/\/evet4ai.eu\/es\/wp-json\/wp\/v2\/pages"}],"about":[{"href":"https:\/\/evet4ai.eu\/es\/wp-json\/wp\/v2\/types\/page"}],"author":[{"embeddable":true,"href":"https:\/\/evet4ai.eu\/es\/wp-json\/wp\/v2\/users\/4"}],"replies":[{"embeddable":true,"href":"https:\/\/evet4ai.eu\/es\/wp-json\/wp\/v2\/comments?post=11526"}],"version-history":[{"count":1,"href":"https:\/\/evet4ai.eu\/es\/wp-json\/wp\/v2\/pages\/11526\/revisions"}],"predecessor-version":[{"id":11527,"href":"https:\/\/evet4ai.eu\/es\/wp-json\/wp\/v2\/pages\/11526\/revisions\/11527"}],"wp:attachment":[{"href":"https:\/\/evet4ai.eu\/es\/wp-json\/wp\/v2\/media?parent=11526"}],"curies":[{"name":"wp","href":"https:\/\/api.w.org\/{rel}","templated":true}]}}