{"id":11528,"date":"2022-12-05T07:55:28","date_gmt":"2022-12-05T07:55:28","guid":{"rendered":"https:\/\/evet4ai.eu\/herramienta-de-auto-concienciacion-sat\/"},"modified":"2023-12-18T09:59:20","modified_gmt":"2023-12-18T09:59:20","slug":"herramienta-de-auto-concienciacion-sat","status":"publish","type":"page","link":"https:\/\/evet4ai.eu\/es\/herramienta-de-auto-concienciacion-sat\/","title":{"rendered":"Herramienta de autoconocimiento (SAT)"},"content":{"rendered":"\t\t<div data-elementor-type=\"wp-page\" data-elementor-id=\"11528\" class=\"elementor elementor-11528 elementor-3901\" data-elementor-post-type=\"page\">\n\t\t\t\t\t\t<section class=\"elementor-section elementor-top-section elementor-element elementor-element-c567834 elementor-section-boxed elementor-section-height-default elementor-section-height-default\" data-id=\"c567834\" data-element_type=\"section\">\n\t\t\t\t\t\t<div class=\"elementor-container elementor-column-gap-default\">\n\t\t\t\t\t<div class=\"elementor-column elementor-col-100 elementor-top-column elementor-element elementor-element-d95b59f\" data-id=\"d95b59f\" data-element_type=\"column\">\n\t\t\t<div class=\"elementor-widget-wrap elementor-element-populated\">\n\t\t\t\t\t\t<div class=\"elementor-element elementor-element-f0e079a elementor-widget elementor-widget-spacer\" data-id=\"f0e079a\" data-element_type=\"widget\" data-widget_type=\"spacer.default\">\n\t\t\t\t<div class=\"elementor-widget-container\">\n\t\t\t\t\t<div class=\"elementor-spacer\">\n\t\t\t<div class=\"elementor-spacer-inner\"><\/div>\n\t\t<\/div>\n\t\t\t\t<\/div>\n\t\t\t\t<\/div>\n\t\t\t\t<div class=\"elementor-element elementor-element-cba9c0c elementor-widget elementor-widget-heading\" data-id=\"cba9c0c\" data-element_type=\"widget\" data-widget_type=\"heading.default\">\n\t\t\t\t<div class=\"elementor-widget-container\">\n\t\t\t<h2 class=\"elementor-heading-title elementor-size-default\">Herramienta de autoconocimiento (SAT)<\/h2>\t\t<\/div>\n\t\t\t\t<\/div>\n\t\t\t\t<div class=\"elementor-element elementor-element-4027476 elementor-widget elementor-widget-spacer\" data-id=\"4027476\" data-element_type=\"widget\" data-settings=\"{&quot;tp_display_rules_enable&quot;:&quot;yes&quot;,&quot;tp_display_rules_output&quot;:&quot;yes&quot;}\" data-widget_type=\"spacer.default\">\n\t\t\t\t<div class=\"elementor-widget-container\">\n\t\t\t\t\t<div class=\"elementor-spacer\">\n\t\t\t<div class=\"elementor-spacer-inner\"><\/div>\n\t\t<\/div>\n\t\t\t\t<\/div>\n\t\t\t\t<\/div>\n\t\t\t\t<div class=\"elementor-element elementor-element-b620a19 elementor-headline--style-highlight elementor-widget elementor-widget-animated-headline\" data-id=\"b620a19\" data-element_type=\"widget\" data-settings=\"{&quot;highlighted_text&quot;:&quot;Inicia sesi\\u00f3n o reg\\u00edstrate&quot;,&quot;tp_display_rules_enable&quot;:&quot;yes&quot;,&quot;headline_style&quot;:&quot;highlight&quot;,&quot;marker&quot;:&quot;circle&quot;,&quot;loop&quot;:&quot;yes&quot;,&quot;highlight_animation_duration&quot;:1200,&quot;highlight_iteration_delay&quot;:8000,&quot;tp_display_rules_output&quot;:&quot;yes&quot;}\" data-widget_type=\"animated-headline.default\">\n\t\t\t\t<div class=\"elementor-widget-container\">\n\t\t\t\t\t\t<a href=\"https:\/\/evet4ai.eu\/register\/\" target=\"_blank\">\n\n\t\t\t\t\t<h3 class=\"elementor-headline\">\n\t\t\t\t\t<span class=\"elementor-headline-plain-text elementor-headline-text-wrapper\">no te olvides de<\/span>\n\t\t\t\t<span class=\"elementor-headline-dynamic-wrapper elementor-headline-text-wrapper\">\n\t\t\t\t\t<span class=\"elementor-headline-dynamic-text elementor-headline-text-active\">Inicia sesi\u00f3n o reg\u00edstrate<\/span>\n\t\t\t\t<\/span>\n\t\t\t\t<\/h3>\n\t\t<\/a>\t\t<\/div>\n\t\t\t\t<\/div>\n\t\t\t\t<div class=\"elementor-element elementor-element-13d61e5 elementor-widget elementor-widget-spacer\" data-id=\"13d61e5\" data-element_type=\"widget\" data-widget_type=\"spacer.default\">\n\t\t\t\t<div class=\"elementor-widget-container\">\n\t\t\t\t\t<div class=\"elementor-spacer\">\n\t\t\t<div class=\"elementor-spacer-inner\"><\/div>\n\t\t<\/div>\n\t\t\t\t<\/div>\n\t\t\t\t<\/div>\n\t\t\t\t<div class=\"elementor-element elementor-element-58c5ea0 elementor-widget elementor-widget-text-editor\" data-id=\"58c5ea0\" data-element_type=\"widget\" data-widget_type=\"text-editor.default\">\n\t\t\t\t<div class=\"elementor-widget-container\">\n\t\t\t<div class=\"bb-theme-elementor-wrap bb-elementor-custom-color bb-elementor-custom-size\">\t\t\t\t<p>Comprueba primero tu nivel de conocimiento en las tecnolog\u00edas seleccionadas y sus aplicaciones pr\u00e1cticas a trav\u00e9s de la <span style=\"color: #1e91fe;\"><a style=\"color: #1e91fe;\" href=\"#sat-es\">HERRAMIENTA DE AUTOCONOCIMIENTO<\/a><\/span>.<\/p><p>Elige tu camino de formaci\u00f3n m\u00e1s adecuado navegando a trav\u00e9s de los contenidos multimedia de los <span style=\"color: #1e91fe;\"><a style=\"color: #1e91fe;\" href=\"https:\/\/evet4ai.eu\/es\/modulos-formativos\/\" target=\"_blank\" rel=\"noopener\">M\u00d3DULOS DE FORMACI\u00d3N<\/a><\/span>.<\/p><p>\u00a1Convi\u00e9rtete en un Embajador e-VET4AI registrando tu cuenta y proporcionando <span style=\"color: #1e91fe;\"><a style=\"color: #1e91fe;\" href=\"#quest-es\">comentarios <\/a><\/span>sobre la plataforma!<\/p>\t\t\t\t<\/div>\t\t<\/div>\n\t\t\t\t<\/div>\n\t\t\t\t<section class=\"elementor-section elementor-inner-section elementor-element elementor-element-872c1e6 elementor-section-boxed elementor-section-height-default elementor-section-height-default\" data-id=\"872c1e6\" data-element_type=\"section\" id=\"sat-es\">\n\t\t\t\t\t\t<div class=\"elementor-container elementor-column-gap-default\">\n\t\t\t\t\t<div class=\"elementor-column elementor-col-50 elementor-inner-column elementor-element elementor-element-ae015b9\" data-id=\"ae015b9\" data-element_type=\"column\">\n\t\t\t<div class=\"elementor-widget-wrap elementor-element-populated\">\n\t\t\t\t\t\t<div class=\"elementor-element elementor-element-0a8a1d1 elementor-widget elementor-widget-tp-flip-box\" data-id=\"0a8a1d1\" data-element_type=\"widget\" data-widget_type=\"tp-flip-box.default\">\n\t\t\t\t<div class=\"elementor-widget-container\">\n\t\t\t<div class=\"pt_plus_info_box    flip_box69e1432640c1f info-box-style_5    \"  dir= data-id=\"flip_box69e1432640c1f\"   ><div class=\"post-inner-loop\"><div class=\"info-box-inner content_hover_effect \"  ><div class=\"info-box-bg-box\"><div class=\"service-flipbox flip-vertical height-full\"><div class=\"service-flipbox-holder height-full text-center perspective bezier-1\"><div class=\"service-flipbox-front  bezier-1 no-backface origin-center\"><div class=\"service-flipbox-content width-full\"><img fetchpriority=\"high\" decoding=\"async\" width=\"1200\" height=\"630\" src=\"https:\/\/evet4ai.eu\/wp-content\/uploads\/2022\/12\/featured-big-data.jpg\" class=\"service-img\" alt=\"\" srcset=\"https:\/\/evet4ai.eu\/wp-content\/uploads\/2022\/12\/featured-big-data.jpg 1200w, https:\/\/evet4ai.eu\/wp-content\/uploads\/2022\/12\/featured-big-data-300x158.jpg 300w, https:\/\/evet4ai.eu\/wp-content\/uploads\/2022\/12\/featured-big-data-1024x538.jpg 1024w, https:\/\/evet4ai.eu\/wp-content\/uploads\/2022\/12\/featured-big-data-768x403.jpg 768w, https:\/\/evet4ai.eu\/wp-content\/uploads\/2022\/12\/featured-big-data-624x328.jpg 624w\" sizes=\"(max-width: 1200px) 100vw, 1200px\" \/><div class=\"service-content\"><div class=\"service-title\"> BIG DATA <\/div><\/div><\/div><div class=\"infobox-front-overlay\"><\/div><\/div><div class=\"service-flipbox-back  fold-back-horizontal no-backface bezier-1 origin-center\"><div class=\"service-flipbox-content width-full\"><div class=\"pt-plus-button-wrapper text-center\"><div class=\"button_parallax\"><div class=\"text-center ts-button\"><div class=\"pt_plus_button btn69e1432640b9d button-style-7 \"><div class=\"animted-content-inner\"><a href=\"https:\/\/evet4ai.eu\/self-assessment-tool-big-data\/\" target=\"_blank\" class=\"button-link-wrap\" role=\"button\">Eval\u00faate a ti mismo<span class=\"btn-arrow\"><\/span><\/a><\/div><\/div><\/div><\/div><\/div><\/div><div class=\"infobox-back-overlay\"><\/div><\/div><\/div><\/div><\/div><\/div><\/div><\/div>\t\t<\/div>\n\t\t\t\t<\/div>\n\t\t\t\t\t<\/div>\n\t\t<\/div>\n\t\t\t\t<div class=\"elementor-column elementor-col-50 elementor-inner-column elementor-element elementor-element-96e485b\" data-id=\"96e485b\" data-element_type=\"column\">\n\t\t\t<div class=\"elementor-widget-wrap elementor-element-populated\">\n\t\t\t\t\t\t<div class=\"elementor-element elementor-element-e298f9f elementor-widget elementor-widget-tp-flip-box\" data-id=\"e298f9f\" data-element_type=\"widget\" data-widget_type=\"tp-flip-box.default\">\n\t\t\t\t<div class=\"elementor-widget-container\">\n\t\t\t<div class=\"pt_plus_info_box    flip_box69e1432642245 info-box-style_5    \"  dir= data-id=\"flip_box69e1432642245\"   ><div class=\"post-inner-loop\"><div class=\"info-box-inner content_hover_effect \"  ><div class=\"info-box-bg-box\"><div class=\"service-flipbox flip-vertical height-full\"><div class=\"service-flipbox-holder height-full text-center perspective bezier-1\"><div class=\"service-flipbox-front  bezier-1 no-backface origin-center\"><div class=\"service-flipbox-content width-full\"><img decoding=\"async\" width=\"1200\" height=\"630\" src=\"https:\/\/evet4ai.eu\/wp-content\/uploads\/2022\/12\/featured-ARTIFICIAL-INTELLIGENCE.jpg\" class=\"service-img\" alt=\"\" srcset=\"https:\/\/evet4ai.eu\/wp-content\/uploads\/2022\/12\/featured-ARTIFICIAL-INTELLIGENCE.jpg 1200w, https:\/\/evet4ai.eu\/wp-content\/uploads\/2022\/12\/featured-ARTIFICIAL-INTELLIGENCE-300x158.jpg 300w, https:\/\/evet4ai.eu\/wp-content\/uploads\/2022\/12\/featured-ARTIFICIAL-INTELLIGENCE-1024x538.jpg 1024w, https:\/\/evet4ai.eu\/wp-content\/uploads\/2022\/12\/featured-ARTIFICIAL-INTELLIGENCE-768x403.jpg 768w, https:\/\/evet4ai.eu\/wp-content\/uploads\/2022\/12\/featured-ARTIFICIAL-INTELLIGENCE-624x328.jpg 624w\" sizes=\"(max-width: 1200px) 100vw, 1200px\" \/><div class=\"service-content\"><div class=\"service-title\"> LA INTELIGENCIA ARTIFICIAL <\/div><\/div><\/div><div class=\"infobox-front-overlay\"><\/div><\/div><div class=\"service-flipbox-back  fold-back-horizontal no-backface bezier-1 origin-center\"><div class=\"service-flipbox-content width-full\"><div class=\"pt-plus-button-wrapper text-center\"><div class=\"button_parallax\"><div class=\"text-center ts-button\"><div class=\"pt_plus_button btn69e14326421d7 button-style-7 \"><div class=\"animted-content-inner\"><a href=\"https:\/\/evet4ai.eu\/self-assessment-tool-artificial-intelligence\/\" target=\"_blank\" class=\"button-link-wrap\" role=\"button\">Eval\u00faate a ti mismo<span class=\"btn-arrow\"><\/span><\/a><\/div><\/div><\/div><\/div><\/div><\/div><div class=\"infobox-back-overlay\"><\/div><\/div><\/div><\/div><\/div><\/div><\/div><\/div>\t\t<\/div>\n\t\t\t\t<\/div>\n\t\t\t\t\t<\/div>\n\t\t<\/div>\n\t\t\t\t\t<\/div>\n\t\t<\/section>\n\t\t\t\t<section class=\"elementor-section elementor-inner-section elementor-element elementor-element-66c239a elementor-section-boxed elementor-section-height-default elementor-section-height-default\" data-id=\"66c239a\" data-element_type=\"section\">\n\t\t\t\t\t\t<div class=\"elementor-container elementor-column-gap-default\">\n\t\t\t\t\t<div class=\"elementor-column elementor-col-50 elementor-inner-column elementor-element elementor-element-7ec42a8\" data-id=\"7ec42a8\" data-element_type=\"column\">\n\t\t\t<div class=\"elementor-widget-wrap elementor-element-populated\">\n\t\t\t\t\t\t<div class=\"elementor-element elementor-element-581f7f2 elementor-widget elementor-widget-tp-flip-box\" data-id=\"581f7f2\" data-element_type=\"widget\" data-widget_type=\"tp-flip-box.default\">\n\t\t\t\t<div class=\"elementor-widget-container\">\n\t\t\t<div class=\"pt_plus_info_box    flip_box69e1432643b96 info-box-style_5    \"  dir= data-id=\"flip_box69e1432643b96\"   ><div class=\"post-inner-loop\"><div class=\"info-box-inner content_hover_effect \"  ><div class=\"info-box-bg-box\"><div class=\"service-flipbox flip-vertical height-full\"><div class=\"service-flipbox-holder height-full text-center perspective bezier-1\"><div class=\"service-flipbox-front  bezier-1 no-backface origin-center\"><div class=\"service-flipbox-content width-full\"><img decoding=\"async\" width=\"1200\" height=\"630\" src=\"https:\/\/evet4ai.eu\/wp-content\/uploads\/2022\/12\/featured-MACHINE-LEARNING-.jpg\" class=\"service-img\" alt=\"\" srcset=\"https:\/\/evet4ai.eu\/wp-content\/uploads\/2022\/12\/featured-MACHINE-LEARNING-.jpg 1200w, https:\/\/evet4ai.eu\/wp-content\/uploads\/2022\/12\/featured-MACHINE-LEARNING--300x158.jpg 300w, https:\/\/evet4ai.eu\/wp-content\/uploads\/2022\/12\/featured-MACHINE-LEARNING--1024x538.jpg 1024w, https:\/\/evet4ai.eu\/wp-content\/uploads\/2022\/12\/featured-MACHINE-LEARNING--768x403.jpg 768w, https:\/\/evet4ai.eu\/wp-content\/uploads\/2022\/12\/featured-MACHINE-LEARNING--624x328.jpg 624w\" sizes=\"(max-width: 1200px) 100vw, 1200px\" \/><div class=\"service-content\"><div class=\"service-title\"> APRENDIZAJE AUTOM\u00c1TICO <\/div><\/div><\/div><div class=\"infobox-front-overlay\"><\/div><\/div><div class=\"service-flipbox-back  fold-back-horizontal no-backface bezier-1 origin-center\"><div class=\"service-flipbox-content width-full\"><div class=\"pt-plus-button-wrapper text-center\"><div class=\"button_parallax\"><div class=\"text-center ts-button\"><div class=\"pt_plus_button btn69e1432643b2b button-style-7 \"><div class=\"animted-content-inner\"><a href=\"https:\/\/evet4ai.eu\/self-assessment-tool-machine-learning\/\" target=\"_blank\" class=\"button-link-wrap\" role=\"button\">Eval\u00faate a ti mismo<span class=\"btn-arrow\"><\/span><\/a><\/div><\/div><\/div><\/div><\/div><\/div><div class=\"infobox-back-overlay\"><\/div><\/div><\/div><\/div><\/div><\/div><\/div><\/div>\t\t<\/div>\n\t\t\t\t<\/div>\n\t\t\t\t\t<\/div>\n\t\t<\/div>\n\t\t\t\t<div class=\"elementor-column elementor-col-50 elementor-inner-column elementor-element elementor-element-1ac1410\" data-id=\"1ac1410\" data-element_type=\"column\">\n\t\t\t<div class=\"elementor-widget-wrap elementor-element-populated\">\n\t\t\t\t\t\t<div class=\"elementor-element elementor-element-9ccda2c elementor-widget elementor-widget-tp-flip-box\" data-id=\"9ccda2c\" data-element_type=\"widget\" data-widget_type=\"tp-flip-box.default\">\n\t\t\t\t<div class=\"elementor-widget-container\">\n\t\t\t<div class=\"pt_plus_info_box    flip_box69e14326450d3 info-box-style_5    \"  dir= data-id=\"flip_box69e14326450d3\"   ><div class=\"post-inner-loop\"><div class=\"info-box-inner content_hover_effect \"  ><div class=\"info-box-bg-box\"><div class=\"service-flipbox flip-vertical height-full\"><div class=\"service-flipbox-holder height-full text-center perspective bezier-1\"><div class=\"service-flipbox-front  bezier-1 no-backface origin-center\"><div class=\"service-flipbox-content width-full\"><img loading=\"lazy\" decoding=\"async\" width=\"1200\" height=\"630\" src=\"https:\/\/evet4ai.eu\/wp-content\/uploads\/2022\/12\/featured-DIGITAL-TWIN.jpg\" class=\"service-img\" alt=\"\" srcset=\"https:\/\/evet4ai.eu\/wp-content\/uploads\/2022\/12\/featured-DIGITAL-TWIN.jpg 1200w, https:\/\/evet4ai.eu\/wp-content\/uploads\/2022\/12\/featured-DIGITAL-TWIN-300x158.jpg 300w, https:\/\/evet4ai.eu\/wp-content\/uploads\/2022\/12\/featured-DIGITAL-TWIN-1024x538.jpg 1024w, https:\/\/evet4ai.eu\/wp-content\/uploads\/2022\/12\/featured-DIGITAL-TWIN-768x403.jpg 768w, https:\/\/evet4ai.eu\/wp-content\/uploads\/2022\/12\/featured-DIGITAL-TWIN-624x328.jpg 624w\" sizes=\"(max-width: 1200px) 100vw, 1200px\" \/><div class=\"service-content\"><div class=\"service-title\"> GEMELOS DIGITALES <\/div><\/div><\/div><div class=\"infobox-front-overlay\"><\/div><\/div><div class=\"service-flipbox-back  fold-back-horizontal no-backface bezier-1 origin-center\"><div class=\"service-flipbox-content width-full\"><div class=\"pt-plus-button-wrapper text-center\"><div class=\"button_parallax\"><div class=\"text-center ts-button\"><div class=\"pt_plus_button btn69e1432645068 button-style-7 \"><div class=\"animted-content-inner\"><a href=\"https:\/\/evet4ai.eu\/self-assessment-tool-digital-twin\/\" target=\"_blank\" class=\"button-link-wrap\" role=\"button\">Eval\u00faate a ti mismo<span class=\"btn-arrow\"><\/span><\/a><\/div><\/div><\/div><\/div><\/div><\/div><div class=\"infobox-back-overlay\"><\/div><\/div><\/div><\/div><\/div><\/div><\/div><\/div>\t\t<\/div>\n\t\t\t\t<\/div>\n\t\t\t\t\t<\/div>\n\t\t<\/div>\n\t\t\t\t\t<\/div>\n\t\t<\/section>\n\t\t\t\t<section class=\"elementor-section elementor-inner-section elementor-element elementor-element-8655610 elementor-section-boxed elementor-section-height-default elementor-section-height-default\" data-id=\"8655610\" data-element_type=\"section\">\n\t\t\t\t\t\t<div class=\"elementor-container elementor-column-gap-default\">\n\t\t\t\t\t<div class=\"elementor-column elementor-col-50 elementor-inner-column elementor-element elementor-element-ef79deb\" data-id=\"ef79deb\" data-element_type=\"column\">\n\t\t\t<div class=\"elementor-widget-wrap elementor-element-populated\">\n\t\t\t\t\t\t<div class=\"elementor-element elementor-element-3853e30 elementor-widget elementor-widget-tp-flip-box\" data-id=\"3853e30\" data-element_type=\"widget\" data-widget_type=\"tp-flip-box.default\">\n\t\t\t\t<div class=\"elementor-widget-container\">\n\t\t\t<div class=\"pt_plus_info_box    flip_box69e1432646c57 info-box-style_5    \"  dir= data-id=\"flip_box69e1432646c57\"   ><div class=\"post-inner-loop\"><div class=\"info-box-inner content_hover_effect \"  ><div class=\"info-box-bg-box\"><div class=\"service-flipbox flip-vertical height-full\"><div class=\"service-flipbox-holder height-full text-center perspective bezier-1\"><div class=\"service-flipbox-front  bezier-1 no-backface origin-center\"><div class=\"service-flipbox-content width-full\"><img loading=\"lazy\" decoding=\"async\" width=\"1200\" height=\"630\" src=\"https:\/\/evet4ai.eu\/wp-content\/uploads\/2022\/12\/featured-AUGMENTED-REALITY-.jpg\" class=\"service-img\" alt=\"\" srcset=\"https:\/\/evet4ai.eu\/wp-content\/uploads\/2022\/12\/featured-AUGMENTED-REALITY-.jpg 1200w, https:\/\/evet4ai.eu\/wp-content\/uploads\/2022\/12\/featured-AUGMENTED-REALITY--300x158.jpg 300w, https:\/\/evet4ai.eu\/wp-content\/uploads\/2022\/12\/featured-AUGMENTED-REALITY--1024x538.jpg 1024w, https:\/\/evet4ai.eu\/wp-content\/uploads\/2022\/12\/featured-AUGMENTED-REALITY--768x403.jpg 768w, https:\/\/evet4ai.eu\/wp-content\/uploads\/2022\/12\/featured-AUGMENTED-REALITY--624x328.jpg 624w\" sizes=\"(max-width: 1200px) 100vw, 1200px\" \/><div class=\"service-content\"><div class=\"service-title\"> REALIDAD AUMENTADA <\/div><\/div><\/div><div class=\"infobox-front-overlay\"><\/div><\/div><div class=\"service-flipbox-back  fold-back-horizontal no-backface bezier-1 origin-center\"><div class=\"service-flipbox-content width-full\"><div class=\"pt-plus-button-wrapper text-center\"><div class=\"button_parallax\"><div class=\"text-center ts-button\"><div class=\"pt_plus_button btn69e1432646beb button-style-7 \"><div class=\"animted-content-inner\"><a href=\"https:\/\/evet4ai.eu\/self-assessment-tool-augmented-reality\/\" target=\"_blank\" class=\"button-link-wrap\" role=\"button\">Eval\u00faate a ti mismo<span class=\"btn-arrow\"><\/span><\/a><\/div><\/div><\/div><\/div><\/div><\/div><div class=\"infobox-back-overlay\"><\/div><\/div><\/div><\/div><\/div><\/div><\/div><\/div>\t\t<\/div>\n\t\t\t\t<\/div>\n\t\t\t\t\t<\/div>\n\t\t<\/div>\n\t\t\t\t<div class=\"elementor-column elementor-col-50 elementor-inner-column elementor-element elementor-element-e1b722d\" data-id=\"e1b722d\" data-element_type=\"column\">\n\t\t\t<div class=\"elementor-widget-wrap\">\n\t\t\t\t\t\t\t<\/div>\n\t\t<\/div>\n\t\t\t\t\t<\/div>\n\t\t<\/section>\n\t\t\t\t\t<\/div>\n\t\t<\/div>\n\t\t\t\t\t<\/div>\n\t\t<\/section>\n\t\t\t\t<section class=\"elementor-section elementor-top-section elementor-element elementor-element-b570c96 elementor-section-boxed elementor-section-height-default elementor-section-height-default\" data-id=\"b570c96\" data-element_type=\"section\">\n\t\t\t\t\t\t<div class=\"elementor-container elementor-column-gap-default\">\n\t\t\t\t\t<div class=\"elementor-column elementor-col-100 elementor-top-column elementor-element elementor-element-fb66c0d\" data-id=\"fb66c0d\" data-element_type=\"column\">\n\t\t\t<div class=\"elementor-widget-wrap elementor-element-populated\">\n\t\t\t\t\t\t<div class=\"elementor-element elementor-element-833e29e elementor-widget elementor-widget-spacer\" data-id=\"833e29e\" data-element_type=\"widget\" data-widget_type=\"spacer.default\">\n\t\t\t\t<div class=\"elementor-widget-container\">\n\t\t\t\t\t<div class=\"elementor-spacer\">\n\t\t\t<div class=\"elementor-spacer-inner\"><\/div>\n\t\t<\/div>\n\t\t\t\t<\/div>\n\t\t\t\t<\/div>\n\t\t\t\t<div class=\"elementor-element elementor-element-e9543a7 elementor-widget elementor-widget-text-editor\" data-id=\"e9543a7\" data-element_type=\"widget\" data-widget_type=\"text-editor.default\">\n\t\t\t\t<div class=\"elementor-widget-container\">\n\t\t\t\t\t\t\t<p>La inteligencia artificial (IA) est\u00e1 adquiriendo un papel cada vez m\u00e1s importante en la vida cotidiana, en el sistema productivo e incluso en el mundo del aprendizaje y la formaci\u00f3n.<\/p><p>La industria ya ha adoptado soluciones de inteligencia artificial a gran escala y requiere nuevos perfiles profesionales capaces de interactuar con los nuevos sistemas.<\/p><p>Adquiriendo competencias de IA, los estudiantes estar\u00e1n mejor preparados para aprovechar estas oportunidades y contribuir al desarrollo de las tecnolog\u00edas de IA.<\/p><p>La IA puede acelerar el aprendizaje personalizado, proporcionar a los estudiantes evaluaciones y feedback continuo y aplicar el an\u00e1lisis del aprendizaje para diferenciar el proceso de aprendizaje.<\/p><p>Como representantes del mundo de la educaci\u00f3n y la formaci\u00f3n profesional, nos gustar\u00eda ofreceros, en primer lugar, algunas sugerencias sobre el mundo de la IA y otras tecnolog\u00edas habilitadoras para verificar el nivel de conciencia sobre estos temas. La herramienta de autoconciencia se enriquece con casos pr\u00e1cticos de aplicaci\u00f3n de las tecnolog\u00edas en la industria y la educaci\u00f3n.<\/p><p>Queda en vosotros elegir el recorrido de autoformaci\u00f3n m\u00e1s apropiado en base a vuestras prioridades.\u00a0<\/p>\t\t\t\t\t\t<\/div>\n\t\t\t\t<\/div>\n\t\t\t\t<div class=\"elementor-element elementor-element-c5f264e elementor-widget elementor-widget-spacer\" data-id=\"c5f264e\" data-element_type=\"widget\" id=\"quest-es\" data-widget_type=\"spacer.default\">\n\t\t\t\t<div class=\"elementor-widget-container\">\n\t\t\t\t\t<div class=\"elementor-spacer\">\n\t\t\t<div class=\"elementor-spacer-inner\"><\/div>\n\t\t<\/div>\n\t\t\t\t<\/div>\n\t\t\t\t<\/div>\n\t\t\t\t<div class=\"elementor-element elementor-element-c44cb91 elementor-widget elementor-widget-heading\" data-id=\"c44cb91\" data-element_type=\"widget\" data-widget_type=\"heading.default\">\n\t\t\t\t<div class=\"elementor-widget-container\">\n\t\t\t<h2 class=\"elementor-heading-title elementor-size-default\">Cuestionario de satisfacci\u00f3n<\/h2>\t\t<\/div>\n\t\t\t\t<\/div>\n\t\t\t\t<div class=\"elementor-element elementor-element-8dd39b6 elementor-widget elementor-widget-spacer\" data-id=\"8dd39b6\" data-element_type=\"widget\" data-widget_type=\"spacer.default\">\n\t\t\t\t<div class=\"elementor-widget-container\">\n\t\t\t\t\t<div class=\"elementor-spacer\">\n\t\t\t<div class=\"elementor-spacer-inner\"><\/div>\n\t\t<\/div>\n\t\t\t\t<\/div>\n\t\t\t\t<\/div>\n\t\t\t\t<div class=\"elementor-element elementor-element-4968380 elementor-widget elementor-widget-text-editor\" data-id=\"4968380\" data-element_type=\"widget\" data-widget_type=\"text-editor.default\">\n\t\t\t\t<div class=\"elementor-widget-container\">\n\t\t\t\t\t\t\t<p>Dado que ha completado al menos uno de los m\u00f3dulos, t\u00f3mese un tiempo para responder algunas preguntas sobre esta plataforma.<\/p>\n\t\t\t\t\t\t<\/div>\n\t\t\t\t<\/div>\n\t\t\t\t<div class=\"elementor-element elementor-element-6fdf4f5 elementor-align-center elementor-widget elementor-widget-button\" data-id=\"6fdf4f5\" data-element_type=\"widget\" data-widget_type=\"button.default\">\n\t\t\t\t<div class=\"elementor-widget-container\">\n\t\t\t\t\t<div class=\"elementor-button-wrapper\">\n\t\t\t<a class=\"elementor-button elementor-button-link elementor-size-sm\" href=\"https:\/\/docs.google.com\/forms\/d\/e\/1FAIpQLScaJJV_TvwJN0U6lP3XkaPebe68kt3m2QmkVP6t65xtqfedyw\/viewform?usp=sf_link\" target=\"_blank\">\n\t\t\t\t\t\t<span class=\"elementor-button-content-wrapper\">\n\t\t\t\t\t\t\t\t\t<span class=\"elementor-button-text\">Cuestionario<\/span>\n\t\t\t\t\t<\/span>\n\t\t\t\t\t<\/a>\n\t\t<\/div>\n\t\t\t\t<\/div>\n\t\t\t\t<\/div>\n\t\t\t\t<div class=\"elementor-element elementor-element-44a538c elementor-widget elementor-widget-spacer\" data-id=\"44a538c\" data-element_type=\"widget\" data-widget_type=\"spacer.default\">\n\t\t\t\t<div class=\"elementor-widget-container\">\n\t\t\t\t\t<div class=\"elementor-spacer\">\n\t\t\t<div class=\"elementor-spacer-inner\"><\/div>\n\t\t<\/div>\n\t\t\t\t<\/div>\n\t\t\t\t<\/div>\n\t\t\t\t\t<\/div>\n\t\t<\/div>\n\t\t\t\t\t<\/div>\n\t\t<\/section>\n\t\t\t\t<\/div>\n\t\t","protected":false},"excerpt":{"rendered":"<p>Herramienta de autoconocimiento (SAT) no te olvides de Inicia sesi\u00f3n o reg\u00edstrate Comprueba primero tu nivel de conocimiento en las tecnolog\u00edas seleccionadas y sus aplicaciones&hellip;<\/p>\n","protected":false},"author":1,"featured_media":0,"parent":0,"menu_order":0,"comment_status":"closed","ping_status":"closed","template":"elementor_header_footer","meta":{"footnotes":""},"class_list":["post-11528","page","type-page","status-publish","hentry"],"_links":{"self":[{"href":"https:\/\/evet4ai.eu\/es\/wp-json\/wp\/v2\/pages\/11528"}],"collection":[{"href":"https:\/\/evet4ai.eu\/es\/wp-json\/wp\/v2\/pages"}],"about":[{"href":"https:\/\/evet4ai.eu\/es\/wp-json\/wp\/v2\/types\/page"}],"author":[{"embeddable":true,"href":"https:\/\/evet4ai.eu\/es\/wp-json\/wp\/v2\/users\/1"}],"replies":[{"embeddable":true,"href":"https:\/\/evet4ai.eu\/es\/wp-json\/wp\/v2\/comments?post=11528"}],"version-history":[{"count":26,"href":"https:\/\/evet4ai.eu\/es\/wp-json\/wp\/v2\/pages\/11528\/revisions"}],"predecessor-version":[{"id":15726,"href":"https:\/\/evet4ai.eu\/es\/wp-json\/wp\/v2\/pages\/11528\/revisions\/15726"}],"wp:attachment":[{"href":"https:\/\/evet4ai.eu\/es\/wp-json\/wp\/v2\/media?parent=11528"}],"curies":[{"name":"wp","href":"https:\/\/api.w.org\/{rel}","templated":true}]}}