{"id":1277,"date":"2022-02-07T12:15:50","date_gmt":"2022-02-07T12:15:50","guid":{"rendered":"https:\/\/evet4ai.eu\/resultados\/"},"modified":"2023-12-14T07:45:03","modified_gmt":"2023-12-14T07:45:03","slug":"resultados","status":"publish","type":"page","link":"https:\/\/evet4ai.eu\/es\/resultados\/","title":{"rendered":"Plataforma de aprendizaje"},"content":{"rendered":"\t\t<div data-elementor-type=\"wp-page\" data-elementor-id=\"1277\" class=\"elementor elementor-1277 elementor-865\" data-elementor-post-type=\"page\">\n\t\t\t\t\t\t<section class=\"elementor-section elementor-top-section elementor-element elementor-element-13a2830 elementor-section-boxed elementor-section-height-default elementor-section-height-default\" data-id=\"13a2830\" data-element_type=\"section\">\n\t\t\t\t\t\t<div class=\"elementor-container elementor-column-gap-default\">\n\t\t\t\t\t<div class=\"elementor-column elementor-col-100 elementor-top-column elementor-element elementor-element-a047e7a\" data-id=\"a047e7a\" data-element_type=\"column\">\n\t\t\t<div class=\"elementor-widget-wrap elementor-element-populated\">\n\t\t\t\t\t\t<div class=\"elementor-element elementor-element-ba2a84f elementor-widget elementor-widget-spacer\" data-id=\"ba2a84f\" data-element_type=\"widget\" data-widget_type=\"spacer.default\">\n\t\t\t\t<div class=\"elementor-widget-container\">\n\t\t\t\t\t<div class=\"elementor-spacer\">\n\t\t\t<div class=\"elementor-spacer-inner\"><\/div>\n\t\t<\/div>\n\t\t\t\t<\/div>\n\t\t\t\t<\/div>\n\t\t\t\t<div class=\"elementor-element elementor-element-28e7f16 elementor-widget elementor-widget-text-editor\" data-id=\"28e7f16\" data-element_type=\"widget\" data-widget_type=\"text-editor.default\">\n\t\t\t\t<div class=\"elementor-widget-container\">\n\t\t\t\t\t\t\t<h2>Resultados<\/h2>\r\ne-VET4AI tiene como objetivo iniciar un proceso de INNOVACI\u00d3N ABIERTA en el que los sistemas europeos de FP est\u00e9n abiertos a pr\u00e1cticas desarrolladas en otros contextos a trav\u00e9s de la compartici\u00f3n de un ESPACIO VIRTUAL DE APRENDIZAJE\r\n<ul>\r\n \t<li>Herramienta de autoevaluaci\u00f3n de e-VET (e-VET SAT) para la competencia digital<\/li>\r\n \t<li>El modelo de formaci\u00f3n e-VET4AI (e-VET4AI TM)<\/li>\r\n<\/ul>\t\t\t\t\t\t<\/div>\n\t\t\t\t<\/div>\n\t\t\t\t<div class=\"elementor-element elementor-element-432db71 elementor-widget elementor-widget-spacer\" data-id=\"432db71\" data-element_type=\"widget\" data-widget_type=\"spacer.default\">\n\t\t\t\t<div class=\"elementor-widget-container\">\n\t\t\t\t\t<div class=\"elementor-spacer\">\n\t\t\t<div class=\"elementor-spacer-inner\"><\/div>\n\t\t<\/div>\n\t\t\t\t<\/div>\n\t\t\t\t<\/div>\n\t\t\t\t\t<\/div>\n\t\t<\/div>\n\t\t\t\t\t<\/div>\n\t\t<\/section>\n\t\t\t\t<section class=\"elementor-section elementor-top-section elementor-element elementor-element-0d0621d elementor-section-boxed elementor-section-height-default elementor-section-height-default\" data-id=\"0d0621d\" data-element_type=\"section\" data-settings=\"{&quot;background_background&quot;:&quot;classic&quot;,&quot;background_motion_fx_motion_fx_scrolling&quot;:&quot;yes&quot;,&quot;background_motion_fx_translateX_effect&quot;:&quot;yes&quot;,&quot;background_motion_fx_translateX_direction&quot;:&quot;negative&quot;,&quot;background_motion_fx_translateX_speed&quot;:{&quot;unit&quot;:&quot;px&quot;,&quot;size&quot;:4,&quot;sizes&quot;:[]},&quot;background_motion_fx_translateX_affectedRange&quot;:{&quot;unit&quot;:&quot;%&quot;,&quot;size&quot;:&quot;&quot;,&quot;sizes&quot;:{&quot;start&quot;:0,&quot;end&quot;:100}},&quot;background_motion_fx_devices&quot;:[&quot;desktop&quot;,&quot;tablet&quot;,&quot;mobile&quot;]}\">\n\t\t\t\t\t\t<div class=\"elementor-container elementor-column-gap-extended\">\n\t\t\t\t\t<div class=\"elementor-column elementor-col-50 elementor-top-column elementor-element elementor-element-3cc9fb5\" data-id=\"3cc9fb5\" data-element_type=\"column\">\n\t\t\t<div class=\"elementor-widget-wrap elementor-element-populated\">\n\t\t\t\t\t\t<div class=\"elementor-element elementor-element-5e8c08d elementor-widget elementor-widget-spacer\" data-id=\"5e8c08d\" data-element_type=\"widget\" data-widget_type=\"spacer.default\">\n\t\t\t\t<div class=\"elementor-widget-container\">\n\t\t\t\t\t<div class=\"elementor-spacer\">\n\t\t\t<div class=\"elementor-spacer-inner\"><\/div>\n\t\t<\/div>\n\t\t\t\t<\/div>\n\t\t\t\t<\/div>\n\t\t\t\t<div class=\"elementor-element elementor-element-d8b3911 elementor-widget elementor-widget-heading\" data-id=\"d8b3911\" data-element_type=\"widget\" data-widget_type=\"heading.default\">\n\t\t\t\t<div class=\"elementor-widget-container\">\n\t\t\t<h2 class=\"elementor-heading-title elementor-size-default\">e-VET SAT<\/h2>\t\t<\/div>\n\t\t\t\t<\/div>\n\t\t\t\t<div class=\"elementor-element elementor-element-24b3077 elementor-position-top elementor-widget elementor-widget-image-box\" data-id=\"24b3077\" data-element_type=\"widget\" data-widget_type=\"image-box.default\">\n\t\t\t\t<div class=\"elementor-widget-container\">\n\t\t\t<div class=\"elementor-image-box-wrapper\"><figure class=\"elementor-image-box-img\"><a href=\"https:\/\/evet4ai.eu\/es\/herramienta-de-auto-concienciacion-sat\/\" tabindex=\"-1\"><img fetchpriority=\"high\" decoding=\"async\" width=\"1000\" height=\"1000\" src=\"https:\/\/evet4ai.eu\/wp-content\/uploads\/2022\/02\/robot-self-assessment@2.png\" class=\"attachment-full size-full wp-image-873\" alt=\"\" srcset=\"https:\/\/evet4ai.eu\/wp-content\/uploads\/2022\/02\/robot-self-assessment@2.png 1000w, https:\/\/evet4ai.eu\/wp-content\/uploads\/2022\/02\/robot-self-assessment@2-300x300.png 300w, https:\/\/evet4ai.eu\/wp-content\/uploads\/2022\/02\/robot-self-assessment@2-150x150.png 150w, https:\/\/evet4ai.eu\/wp-content\/uploads\/2022\/02\/robot-self-assessment@2-768x768.png 768w, https:\/\/evet4ai.eu\/wp-content\/uploads\/2022\/02\/robot-self-assessment@2-700x700.png 700w, https:\/\/evet4ai.eu\/wp-content\/uploads\/2022\/02\/robot-self-assessment@2-624x624.png 624w\" sizes=\"(max-width: 1000px) 100vw, 1000px\" \/><\/a><\/figure><div class=\"elementor-image-box-content\"><h4 class=\"elementor-image-box-title\"><a href=\"https:\/\/evet4ai.eu\/es\/herramienta-de-auto-concienciacion-sat\/\">e-VET SAT | Herramienta de autoconocimiento e-VET4AI<\/a><\/h4><p class=\"elementor-image-box-description\">La Herramienta de Autoconocimiento (SAT, por sus siglas en ingl\u00e9s) es una herramienta de autoconocimiento para la Competencia Digital que contribuye a la mejora de habilidades de los formadores en metodolog\u00edas de ense\u00f1anza y aprendizaje, necesarias en la era actual, utilizando tecnolog\u00edas digitales. Esta herramienta est\u00e1 estructurada como un cuestionario, construido en torno a las \u00e1reas de observaci\u00f3n proporcionadas por DigCompEdu, con el objetivo de evaluar el nivel de Competencia Digital de los formadores y esbozar la adquisici\u00f3n progresiva de habilidades y pr\u00e1cticas capaces de avanzarlos en la escala de referencia.<\/p><\/div><\/div>\t\t<\/div>\n\t\t\t\t<\/div>\n\t\t\t\t\t<\/div>\n\t\t<\/div>\n\t\t\t\t<div class=\"elementor-column elementor-col-50 elementor-top-column elementor-element elementor-element-aed969c\" data-id=\"aed969c\" data-element_type=\"column\">\n\t\t\t<div class=\"elementor-widget-wrap elementor-element-populated\">\n\t\t\t\t\t\t<div class=\"elementor-element elementor-element-d332088 elementor-widget elementor-widget-spacer\" data-id=\"d332088\" data-element_type=\"widget\" data-widget_type=\"spacer.default\">\n\t\t\t\t<div class=\"elementor-widget-container\">\n\t\t\t\t\t<div class=\"elementor-spacer\">\n\t\t\t<div class=\"elementor-spacer-inner\"><\/div>\n\t\t<\/div>\n\t\t\t\t<\/div>\n\t\t\t\t<\/div>\n\t\t\t\t<div class=\"elementor-element elementor-element-7e8d06f elementor-widget elementor-widget-heading\" data-id=\"7e8d06f\" data-element_type=\"widget\" data-widget_type=\"heading.default\">\n\t\t\t\t<div class=\"elementor-widget-container\">\n\t\t\t<h2 class=\"elementor-heading-title elementor-size-default\">e-VET4AI TM<\/h2>\t\t<\/div>\n\t\t\t\t<\/div>\n\t\t\t\t<div class=\"elementor-element elementor-element-87e22aa elementor-position-top elementor-widget elementor-widget-image-box\" data-id=\"87e22aa\" data-element_type=\"widget\" data-widget_type=\"image-box.default\">\n\t\t\t\t<div class=\"elementor-widget-container\">\n\t\t\t<div class=\"elementor-image-box-wrapper\"><figure class=\"elementor-image-box-img\"><a href=\"https:\/\/evet4ai.eu\/es\/modulos-formativos\/\" tabindex=\"-1\"><img decoding=\"async\" width=\"1000\" height=\"1000\" src=\"https:\/\/evet4ai.eu\/wp-content\/uploads\/2022\/02\/robot-teacher@2.png\" class=\"attachment-full size-full wp-image-437\" alt=\"evet4ai robot teacher\" srcset=\"https:\/\/evet4ai.eu\/wp-content\/uploads\/2022\/02\/robot-teacher@2.png 1000w, https:\/\/evet4ai.eu\/wp-content\/uploads\/2022\/02\/robot-teacher@2-300x300.png 300w, https:\/\/evet4ai.eu\/wp-content\/uploads\/2022\/02\/robot-teacher@2-150x150.png 150w, https:\/\/evet4ai.eu\/wp-content\/uploads\/2022\/02\/robot-teacher@2-768x768.png 768w, https:\/\/evet4ai.eu\/wp-content\/uploads\/2022\/02\/robot-teacher@2-700x700.png 700w, https:\/\/evet4ai.eu\/wp-content\/uploads\/2022\/02\/robot-teacher@2-624x624.png 624w\" sizes=\"(max-width: 1000px) 100vw, 1000px\" \/><\/a><\/figure><div class=\"elementor-image-box-content\"><h4 class=\"elementor-image-box-title\"><a href=\"https:\/\/evet4ai.eu\/es\/modulos-formativos\/\">e-VET4AI TM | Modelo formativo e-VET4AI para beneficiarios<\/a><\/h4><p class=\"elementor-image-box-description\">El modelo formativo e-VET4AI (e-VET4AI TM en ingl\u00e9s) es un kit de herramientas de formaci\u00f3n en l\u00ednea dirigido titulaciones mec\u00e1nicas de FP con un enfoque en Inteligencia Artificial y An\u00e1lisis de Datos que permitir\u00e1 a los formadores probar los materiales desarrollados, adem\u00e1s de medir su habilidad para usar herramientas digitales innovadoras.<\/p><\/div><\/div>\t\t<\/div>\n\t\t\t\t<\/div>\n\t\t\t\t\t<\/div>\n\t\t<\/div>\n\t\t\t\t\t<\/div>\n\t\t<\/section>\n\t\t\t\t<section class=\"elementor-section elementor-top-section elementor-element elementor-element-4f3929e elementor-section-boxed elementor-section-height-default elementor-section-height-default\" data-id=\"4f3929e\" data-element_type=\"section\">\n\t\t\t\t\t\t<div class=\"elementor-container elementor-column-gap-default\">\n\t\t\t\t\t<div class=\"elementor-column elementor-col-100 elementor-top-column elementor-element elementor-element-59bd1c9\" data-id=\"59bd1c9\" data-element_type=\"column\">\n\t\t\t<div class=\"elementor-widget-wrap elementor-element-populated\">\n\t\t\t\t\t\t<div class=\"elementor-element elementor-element-d8e35d4 elementor-widget elementor-widget-spacer\" data-id=\"d8e35d4\" data-element_type=\"widget\" data-widget_type=\"spacer.default\">\n\t\t\t\t<div class=\"elementor-widget-container\">\n\t\t\t\t\t<div class=\"elementor-spacer\">\n\t\t\t<div class=\"elementor-spacer-inner\"><\/div>\n\t\t<\/div>\n\t\t\t\t<\/div>\n\t\t\t\t<\/div>\n\t\t\t\t\t<\/div>\n\t\t<\/div>\n\t\t\t\t\t<\/div>\n\t\t<\/section>\n\t\t\t\t<\/div>\n\t\t","protected":false},"excerpt":{"rendered":"<p>Resultados e-VET4AI tiene como objetivo iniciar un proceso de INNOVACI\u00d3N ABIERTA en el que los sistemas europeos de FP est\u00e9n abiertos a pr\u00e1cticas desarrolladas en&hellip;<\/p>\n","protected":false},"author":1,"featured_media":1621,"parent":0,"menu_order":0,"comment_status":"closed","ping_status":"closed","template":"","meta":{"footnotes":""},"class_list":["post-1277","page","type-page","status-publish","has-post-thumbnail","hentry"],"_links":{"self":[{"href":"https:\/\/evet4ai.eu\/es\/wp-json\/wp\/v2\/pages\/1277"}],"collection":[{"href":"https:\/\/evet4ai.eu\/es\/wp-json\/wp\/v2\/pages"}],"about":[{"href":"https:\/\/evet4ai.eu\/es\/wp-json\/wp\/v2\/types\/page"}],"author":[{"embeddable":true,"href":"https:\/\/evet4ai.eu\/es\/wp-json\/wp\/v2\/users\/1"}],"replies":[{"embeddable":true,"href":"https:\/\/evet4ai.eu\/es\/wp-json\/wp\/v2\/comments?post=1277"}],"version-history":[{"count":11,"href":"https:\/\/evet4ai.eu\/es\/wp-json\/wp\/v2\/pages\/1277\/revisions"}],"predecessor-version":[{"id":15190,"href":"https:\/\/evet4ai.eu\/es\/wp-json\/wp\/v2\/pages\/1277\/revisions\/15190"}],"wp:featuredmedia":[{"embeddable":true,"href":"https:\/\/evet4ai.eu\/es\/wp-json\/wp\/v2\/media\/1621"}],"wp:attachment":[{"href":"https:\/\/evet4ai.eu\/es\/wp-json\/wp\/v2\/media?parent=1277"}],"curies":[{"name":"wp","href":"https:\/\/api.w.org\/{rel}","templated":true}]}}