{"id":11248,"date":"2023-02-02T12:34:04","date_gmt":"2023-02-02T12:34:04","guid":{"rendered":"https:\/\/evet4ai.eu\/self-assessment-tool-artificial-intelligence-fr\/"},"modified":"2023-09-14T13:44:12","modified_gmt":"2023-09-14T13:44:12","slug":"self-assessment-tool-artificial-intelligence-fr","status":"publish","type":"page","link":"https:\/\/evet4ai.eu\/fr\/self-assessment-tool-artificial-intelligence-fr\/","title":{"rendered":"Self Assessment Tool ARTIFICIAL INTELLIGENCE fr"},"content":{"rendered":"\t\t<div data-elementor-type=\"wp-page\" data-elementor-id=\"11248\" class=\"elementor elementor-11248 elementor-4066\" data-elementor-post-type=\"page\">\n\t\t\t\t\t\t<section class=\"elementor-section elementor-top-section elementor-element elementor-element-848ad18 elementor-section-boxed elementor-section-height-default elementor-section-height-default\" data-id=\"848ad18\" data-element_type=\"section\" data-settings=\"{&quot;background_background&quot;:&quot;classic&quot;}\">\n\t\t\t\t\t\t\t<div class=\"elementor-background-overlay\"><\/div>\n\t\t\t\t\t\t\t<div class=\"elementor-container elementor-column-gap-default\">\n\t\t\t\t\t<div class=\"elementor-column elementor-col-100 elementor-top-column elementor-element elementor-element-b4a86b6\" data-id=\"b4a86b6\" data-element_type=\"column\">\n\t\t\t<div class=\"elementor-widget-wrap elementor-element-populated\">\n\t\t\t\t\t\t<div class=\"elementor-element elementor-element-9393374 elementor-widget elementor-widget-spacer\" data-id=\"9393374\" data-element_type=\"widget\" data-widget_type=\"spacer.default\">\n\t\t\t\t<div class=\"elementor-widget-container\">\n\t\t\t\t\t<div class=\"elementor-spacer\">\n\t\t\t<div class=\"elementor-spacer-inner\"><\/div>\n\t\t<\/div>\n\t\t\t\t<\/div>\n\t\t\t\t<\/div>\n\t\t\t\t<div class=\"elementor-element elementor-element-5a3476f elementor-widget elementor-widget-toggle\" data-id=\"5a3476f\" data-element_type=\"widget\" data-widget_type=\"toggle.default\">\n\t\t\t\t<div class=\"elementor-widget-container\">\n\t\t\t\t\t<div class=\"elementor-toggle\">\n\t\t\t\t\t\t\t<div class=\"elementor-toggle-item\">\n\t\t\t\t\t<h4 id=\"elementor-tab-title-9451\" class=\"elementor-tab-title\" data-tab=\"1\" role=\"button\" aria-controls=\"elementor-tab-content-9451\" aria-expanded=\"false\">\n\t\t\t\t\t\t\t\t\t\t\t\t<span class=\"elementor-toggle-icon elementor-toggle-icon-left\" aria-hidden=\"true\">\n\t\t\t\t\t\t\t\t\t\t\t\t\t\t\t<span class=\"elementor-toggle-icon-closed\"><i class=\"fas fa-angle-down\"><\/i><\/span>\n\t\t\t\t\t\t\t\t<span class=\"elementor-toggle-icon-opened\"><i class=\"elementor-toggle-icon-opened fas fa-angle-up\"><\/i><\/span>\n\t\t\t\t\t\t\t\t\t\t\t\t\t<\/span>\n\t\t\t\t\t\t\t\t\t\t\t\t<a class=\"elementor-toggle-title\" tabindex=\"0\">INTELLIGENCE ARTIFICIELLE| ANALYSE DE TEXTE ET TRAITEMENT DU LANGAGE NATUREL <\/a>\n\t\t\t\t\t<\/h4>\n\n\t\t\t\t\t<div id=\"elementor-tab-content-9451\" class=\"elementor-tab-content elementor-clearfix\" data-tab=\"1\" role=\"region\" aria-labelledby=\"elementor-tab-title-9451\"><p>Un jumeau num\u00e9rique est une r\u00e9plique virtuelle d&#8217;un objet ou d&#8217;un syst\u00e8me physique cr\u00e9\u00e9 \u00e0 l&#8217;aide de la conception assist\u00e9e par ordinateur (CAO) ou d&#8217;autres technologies num\u00e9riques. Le jumeau num\u00e9rique peut \u00eatre utilis\u00e9 pour simuler le comportement et les performances de l&#8217;objet ou du syst\u00e8me physique dans des conditions r\u00e9elles, ce qui permet aux ing\u00e9nieurs et aux concepteurs de tester et d&#8217;optimiser leurs conceptions avant qu&#8217;elles ne soient construites.Efficacit\u00e9 et productivit\u00e9 accrues.En simulant et en analysant les performances des machines et des syst\u00e8mes, les jumeaux num\u00e9riques peuvent identifier les possibilit\u00e9s d&#8217;am\u00e9lioration de l&#8217;efficacit\u00e9 et de la productivit\u00e9, ce qui permet aux fabricants d&#8217;optimiser leurs op\u00e9rations et de r\u00e9duire les co\u00fbts.<\/p>\n<p>Les jumeaux num\u00e9riques peuvent \u00eatre utilis\u00e9s pour fournir aux apprenants une exp\u00e9rience pratique de la conception et du test de divers syst\u00e8mes m\u00e9caniques et \u00e9lectriques. Par exemple, les apprenants peuvent cr\u00e9er des jumeaux num\u00e9riques de machines ou d&#8217;autres syst\u00e8mes et simuler leur comportement dans diff\u00e9rentes conditions de fonctionnement. Cela peut les aider \u00e0 mieux comprendre les principes de la m\u00e9canique, de la thermodynamique et d&#8217;autres concepts d&#8217;ing\u00e9nierie.<\/p>\n<p>Dans l&#8217;ensemble, l&#8217;utilisation de jumeaux num\u00e9riques dans la formation peut aider les apprenants iVET et cVET \u00e0 d\u00e9velopper des comp\u00e9tences pratiques en ing\u00e9nierie et en technologie, et les pr\u00e9parer \u00e0 des carri\u00e8res dans des industries telles que la fabrication, l&#8217;\u00e9nergie et la mobilit\u00e9.<\/p>\n<\/div>\n\t\t\t\t<\/div>\n\t\t\t\t\t\t\t\t<\/div>\n\t\t\t\t<\/div>\n\t\t\t\t<\/div>\n\t\t\t\t<div class=\"elementor-element elementor-element-6eaf194 elementor-widget elementor-widget-spacer\" data-id=\"6eaf194\" data-element_type=\"widget\" data-widget_type=\"spacer.default\">\n\t\t\t\t<div class=\"elementor-widget-container\">\n\t\t\t\t\t<div class=\"elementor-spacer\">\n\t\t\t<div class=\"elementor-spacer-inner\"><\/div>\n\t\t<\/div>\n\t\t\t\t<\/div>\n\t\t\t\t<\/div>\n\t\t\t\t<section class=\"elementor-section elementor-inner-section elementor-element elementor-element-bc1c6b1 elementor-section-boxed elementor-section-height-default elementor-section-height-default\" data-id=\"bc1c6b1\" data-element_type=\"section\">\n\t\t\t\t\t\t<div class=\"elementor-container elementor-column-gap-default\">\n\t\t\t\t\t<div class=\"plus-sticky-column-sticky elementor-column elementor-col-50 elementor-inner-column elementor-element elementor-element-a7413ee elementor-hidden-tablet elementor-hidden-mobile\" data-plus-sticky-column-settings=\"{&quot;id&quot;:&quot;a7413ee&quot;,&quot;sticky&quot;:true,&quot;topSpacing&quot;:100,&quot;bottomSpacing&quot;:80,&quot;stickyOn&quot;:[&quot;desktop&quot;,&quot;tablet&quot;]}\" data-id=\"a7413ee\" data-element_type=\"column\">\n\t\t\t<div class=\"elementor-widget-wrap elementor-element-populated\">\n\t\t\t\t\t\t<div class=\"elementor-element elementor-element-e1581bf elementor-widget elementor-widget-image\" data-id=\"e1581bf\" data-element_type=\"widget\" data-widget_type=\"image.default\">\n\t\t\t\t<div class=\"elementor-widget-container\">\n\t\t\t\t\t\t\t\t\t\t\t\t\t<img fetchpriority=\"high\" decoding=\"async\" width=\"538\" height=\"1024\" src=\"https:\/\/evet4ai.eu\/wp-content\/uploads\/2023\/02\/vertical-featured-ARTIFICIAL-INTELLIGENCE-538x1024.jpg\" class=\"attachment-large size-large wp-image-4037\" alt=\"\" srcset=\"https:\/\/evet4ai.eu\/wp-content\/uploads\/2023\/02\/vertical-featured-ARTIFICIAL-INTELLIGENCE-538x1024.jpg 538w, https:\/\/evet4ai.eu\/wp-content\/uploads\/2023\/02\/vertical-featured-ARTIFICIAL-INTELLIGENCE-158x300.jpg 158w, https:\/\/evet4ai.eu\/wp-content\/uploads\/2023\/02\/vertical-featured-ARTIFICIAL-INTELLIGENCE-624x1189.jpg 624w, https:\/\/evet4ai.eu\/wp-content\/uploads\/2023\/02\/vertical-featured-ARTIFICIAL-INTELLIGENCE.jpg 630w\" sizes=\"(max-width: 538px) 100vw, 538px\" \/>\t\t\t\t\t\t\t\t\t\t\t\t\t<\/div>\n\t\t\t\t<\/div>\n\t\t\t\t\t<\/div>\n\t\t<\/div>\n\t\t\t\t<div class=\"elementor-column elementor-col-50 elementor-inner-column elementor-element elementor-element-ae49a9d\" data-id=\"ae49a9d\" data-element_type=\"column\">\n\t\t\t<div class=\"elementor-widget-wrap elementor-element-populated\">\n\t\t\t\t\t\t<div class=\"elementor-element elementor-element-20447df elementor-widget elementor-widget-shortcode\" data-id=\"20447df\" data-element_type=\"widget\" data-widget_type=\"shortcode.default\">\n\t\t\t\t<div class=\"elementor-widget-container\">\n\t\t\t\t\t<div class=\"elementor-shortcode\"><p>D\u00e9sol\u00e9. Vous devez \u00eatre connect\u00e9 pour voir ce formulaire.\r\n<br><br>\r\n<strong><a href=\"https:\/\/evet4ai.eu\/wp-login.php\" target=\"_blank\" rel=\"noopener\">Login<\/a><\/strong>\r\n<br><br>\r\nVous n'avez pas de compte ?\r\nPas de probl\u00e8me, <strong><a href=\"https:\/\/evet4ai.eu\/register\/\" target=\"_blank\" rel=\"noopener\">Cliquez ici pour vous inscrire<\/a><\/strong>.<\/p><\/div>\n\t\t\t\t<\/div>\n\t\t\t\t<\/div>\n\t\t\t\t\t<\/div>\n\t\t<\/div>\n\t\t\t\t\t<\/div>\n\t\t<\/section>\n\t\t\t\t\t<\/div>\n\t\t<\/div>\n\t\t\t\t\t<\/div>\n\t\t<\/section>\n\t\t\t\t<\/div>\n\t\t","protected":false},"excerpt":{"rendered":"<p>INTELLIGENCE ARTIFICIELLE| ANALYSE DE TEXTE ET TRAITEMENT DU LANGAGE NATUREL Un jumeau num\u00e9rique est une r\u00e9plique virtuelle d&#8217;un objet ou d&#8217;un syst\u00e8me physique cr\u00e9\u00e9 \u00e0&hellip;<\/p>\n","protected":false},"author":4,"featured_media":0,"parent":0,"menu_order":0,"comment_status":"closed","ping_status":"closed","template":"","meta":{"footnotes":""},"class_list":["post-11248","page","type-page","status-publish","hentry"],"_links":{"self":[{"href":"https:\/\/evet4ai.eu\/fr\/wp-json\/wp\/v2\/pages\/11248"}],"collection":[{"href":"https:\/\/evet4ai.eu\/fr\/wp-json\/wp\/v2\/pages"}],"about":[{"href":"https:\/\/evet4ai.eu\/fr\/wp-json\/wp\/v2\/types\/page"}],"author":[{"embeddable":true,"href":"https:\/\/evet4ai.eu\/fr\/wp-json\/wp\/v2\/users\/4"}],"replies":[{"embeddable":true,"href":"https:\/\/evet4ai.eu\/fr\/wp-json\/wp\/v2\/comments?post=11248"}],"version-history":[{"count":1,"href":"https:\/\/evet4ai.eu\/fr\/wp-json\/wp\/v2\/pages\/11248\/revisions"}],"predecessor-version":[{"id":11249,"href":"https:\/\/evet4ai.eu\/fr\/wp-json\/wp\/v2\/pages\/11248\/revisions\/11249"}],"wp:attachment":[{"href":"https:\/\/evet4ai.eu\/fr\/wp-json\/wp\/v2\/media?parent=11248"}],"curies":[{"name":"wp","href":"https:\/\/api.w.org\/{rel}","templated":true}]}}