{"id":11250,"date":"2023-02-02T12:41:00","date_gmt":"2023-02-02T12:41:00","guid":{"rendered":"https:\/\/evet4ai.eu\/self-assessment-tool-augmented-reality-fr\/"},"modified":"2023-09-14T13:45:02","modified_gmt":"2023-09-14T13:45:02","slug":"self-assessment-tool-augmented-reality-fr","status":"publish","type":"page","link":"https:\/\/evet4ai.eu\/fr\/self-assessment-tool-augmented-reality-fr\/","title":{"rendered":"Self Assessment Tool AUGMENTED REALITY fr"},"content":{"rendered":"\t\t<div data-elementor-type=\"wp-page\" data-elementor-id=\"11250\" class=\"elementor elementor-11250 elementor-4082\" data-elementor-post-type=\"page\">\n\t\t\t\t\t\t<section class=\"elementor-section elementor-top-section elementor-element elementor-element-c16d62a elementor-section-boxed elementor-section-height-default elementor-section-height-default\" data-id=\"c16d62a\" data-element_type=\"section\" data-settings=\"{&quot;background_background&quot;:&quot;classic&quot;}\">\n\t\t\t\t\t\t\t<div class=\"elementor-background-overlay\"><\/div>\n\t\t\t\t\t\t\t<div class=\"elementor-container elementor-column-gap-default\">\n\t\t\t\t\t<div class=\"elementor-column elementor-col-100 elementor-top-column elementor-element elementor-element-5932453\" data-id=\"5932453\" data-element_type=\"column\">\n\t\t\t<div class=\"elementor-widget-wrap elementor-element-populated\">\n\t\t\t\t\t\t<div class=\"elementor-element elementor-element-9387921 elementor-widget elementor-widget-spacer\" data-id=\"9387921\" data-element_type=\"widget\" data-widget_type=\"spacer.default\">\n\t\t\t\t<div class=\"elementor-widget-container\">\n\t\t\t\t\t<div class=\"elementor-spacer\">\n\t\t\t<div class=\"elementor-spacer-inner\"><\/div>\n\t\t<\/div>\n\t\t\t\t<\/div>\n\t\t\t\t<\/div>\n\t\t\t\t<div class=\"elementor-element elementor-element-209a27d elementor-widget elementor-widget-toggle\" data-id=\"209a27d\" data-element_type=\"widget\" data-widget_type=\"toggle.default\">\n\t\t\t\t<div class=\"elementor-widget-container\">\n\t\t\t\t\t<div class=\"elementor-toggle\">\n\t\t\t\t\t\t\t<div class=\"elementor-toggle-item\">\n\t\t\t\t\t<h4 id=\"elementor-tab-title-3411\" class=\"elementor-tab-title\" data-tab=\"1\" role=\"button\" aria-controls=\"elementor-tab-content-3411\" aria-expanded=\"false\">\n\t\t\t\t\t\t\t\t\t\t\t\t<span class=\"elementor-toggle-icon elementor-toggle-icon-left\" aria-hidden=\"true\">\n\t\t\t\t\t\t\t\t\t\t\t\t\t\t\t<span class=\"elementor-toggle-icon-closed\"><i class=\"fas fa-angle-down\"><\/i><\/span>\n\t\t\t\t\t\t\t\t<span class=\"elementor-toggle-icon-opened\"><i class=\"elementor-toggle-icon-opened fas fa-angle-up\"><\/i><\/span>\n\t\t\t\t\t\t\t\t\t\t\t\t\t<\/span>\n\t\t\t\t\t\t\t\t\t\t\t\t<a class=\"elementor-toggle-title\" tabindex=\"0\">R\u00c9ALIT\u00c9 AUGMENT\u00c9E<\/a>\n\t\t\t\t\t<\/h4>\n\n\t\t\t\t\t<div id=\"elementor-tab-content-3411\" class=\"elementor-tab-content elementor-clearfix\" data-tab=\"1\" role=\"region\" aria-labelledby=\"elementor-tab-title-3411\"><p>La r\u00e9alit\u00e9 augment\u00e9e (RA) est une technologie qui superpose des informations et des images num\u00e9riques au monde r\u00e9el, cr\u00e9ant ainsi une exp\u00e9rience interactive et immersive pour les utilisateurs. Les applications de RA peuvent \u00eatre utilis\u00e9es pour am\u00e9liorer l&#8217;enseignement et l&#8217;apprentissage dans divers domaines, notamment la science, l&#8217;ing\u00e9nierie et l&#8217;art.<\/p>\n<p>Dans le contexte de la formation technique, la RA peut \u00eatre utilis\u00e9e pour fournir aux apprenants une exp\u00e9rience pratique de diverses comp\u00e9tences industrielles et techniques. Par exemple, les apprenants peuvent utiliser des applications de RA pour visualiser et interagir avec des mod\u00e8les 3D de machines ou d&#8217;autres \u00e9quipements industriels. Cela peut les aider \u00e0 mieux comprendre la conception et la fonctionnalit\u00e9 de ces machines, ainsi qu&#8217;\u00e0 identifier les risques potentiels pour la s\u00e9curit\u00e9.<\/p>\n<p>La RA peut \u00e9galement \u00eatre utilis\u00e9e pour enseigner aux sp\u00e9cialistes de l&#8217;industrie et aux \u00e9tudiants de l&#8217;EFP divers processus techniques, tels que l&#8217;assemblage ou le d\u00e9sassemblage de machines. Par exemple, les apprenants peuvent utiliser des applications de RA pour visualiser et suivre des instructions \u00e9tape par \u00e9tape pour l&#8217;assemblage d&#8217;une machine, sans avoir besoin d&#8217;avoir la machine physique devant eux. Cela peut aider les \u00e9l\u00e8ves \u00e0 apprendre et \u00e0 pratiquer des comp\u00e9tences techniques dans un environnement s\u00fbr et contr\u00f4l\u00e9.<\/p>\n<\/div>\n\t\t\t\t<\/div>\n\t\t\t\t\t\t\t\t<\/div>\n\t\t\t\t<\/div>\n\t\t\t\t<\/div>\n\t\t\t\t<div class=\"elementor-element elementor-element-548055c elementor-widget elementor-widget-spacer\" data-id=\"548055c\" data-element_type=\"widget\" data-widget_type=\"spacer.default\">\n\t\t\t\t<div class=\"elementor-widget-container\">\n\t\t\t\t\t<div class=\"elementor-spacer\">\n\t\t\t<div class=\"elementor-spacer-inner\"><\/div>\n\t\t<\/div>\n\t\t\t\t<\/div>\n\t\t\t\t<\/div>\n\t\t\t\t<section class=\"elementor-section elementor-inner-section elementor-element elementor-element-407b2e6 elementor-section-boxed elementor-section-height-default elementor-section-height-default\" data-id=\"407b2e6\" data-element_type=\"section\">\n\t\t\t\t\t\t<div class=\"elementor-container elementor-column-gap-default\">\n\t\t\t\t\t<div class=\"plus-sticky-column-sticky elementor-column elementor-col-50 elementor-inner-column elementor-element elementor-element-ac79797 elementor-hidden-tablet elementor-hidden-mobile\" data-plus-sticky-column-settings=\"{&quot;id&quot;:&quot;ac79797&quot;,&quot;sticky&quot;:true,&quot;topSpacing&quot;:100,&quot;bottomSpacing&quot;:80,&quot;stickyOn&quot;:[&quot;desktop&quot;,&quot;tablet&quot;]}\" data-id=\"ac79797\" data-element_type=\"column\">\n\t\t\t<div class=\"elementor-widget-wrap elementor-element-populated\">\n\t\t\t\t\t\t<div class=\"elementor-element elementor-element-f389ac3 elementor-widget elementor-widget-image\" data-id=\"f389ac3\" data-element_type=\"widget\" data-widget_type=\"image.default\">\n\t\t\t\t<div class=\"elementor-widget-container\">\n\t\t\t\t\t\t\t\t\t\t\t\t\t<img fetchpriority=\"high\" decoding=\"async\" width=\"538\" height=\"1024\" src=\"https:\/\/evet4ai.eu\/wp-content\/uploads\/2023\/02\/vertical-featured-AUGMENTED-REALITY--538x1024.jpg\" class=\"attachment-large size-large wp-image-4043\" alt=\"\" srcset=\"https:\/\/evet4ai.eu\/wp-content\/uploads\/2023\/02\/vertical-featured-AUGMENTED-REALITY--538x1024.jpg 538w, https:\/\/evet4ai.eu\/wp-content\/uploads\/2023\/02\/vertical-featured-AUGMENTED-REALITY--158x300.jpg 158w, https:\/\/evet4ai.eu\/wp-content\/uploads\/2023\/02\/vertical-featured-AUGMENTED-REALITY--624x1189.jpg 624w, https:\/\/evet4ai.eu\/wp-content\/uploads\/2023\/02\/vertical-featured-AUGMENTED-REALITY-.jpg 630w\" sizes=\"(max-width: 538px) 100vw, 538px\" \/>\t\t\t\t\t\t\t\t\t\t\t\t\t<\/div>\n\t\t\t\t<\/div>\n\t\t\t\t\t<\/div>\n\t\t<\/div>\n\t\t\t\t<div class=\"elementor-column elementor-col-50 elementor-inner-column elementor-element elementor-element-5301681\" data-id=\"5301681\" data-element_type=\"column\">\n\t\t\t<div class=\"elementor-widget-wrap elementor-element-populated\">\n\t\t\t\t\t\t<div class=\"elementor-element elementor-element-3caddf6 elementor-widget elementor-widget-shortcode\" data-id=\"3caddf6\" data-element_type=\"widget\" data-widget_type=\"shortcode.default\">\n\t\t\t\t<div class=\"elementor-widget-container\">\n\t\t\t\t\t<div class=\"elementor-shortcode\"><p>D\u00e9sol\u00e9. Vous devez \u00eatre connect\u00e9 pour voir ce formulaire.\r\n<br><br>\r\n<strong><a href=\"https:\/\/evet4ai.eu\/wp-login.php\" target=\"_blank\" rel=\"noopener\">Login<\/a><\/strong>\r\n<br><br>\r\nVous n'avez pas de compte ?\r\nPas de probl\u00e8me, <strong><a href=\"https:\/\/evet4ai.eu\/register\/\" target=\"_blank\" rel=\"noopener\">Cliquez ici pour vous inscrire<\/a><\/strong>.<\/p><\/div>\n\t\t\t\t<\/div>\n\t\t\t\t<\/div>\n\t\t\t\t\t<\/div>\n\t\t<\/div>\n\t\t\t\t\t<\/div>\n\t\t<\/section>\n\t\t\t\t\t<\/div>\n\t\t<\/div>\n\t\t\t\t\t<\/div>\n\t\t<\/section>\n\t\t\t\t<\/div>\n\t\t","protected":false},"excerpt":{"rendered":"<p>R\u00c9ALIT\u00c9 AUGMENT\u00c9E La r\u00e9alit\u00e9 augment\u00e9e (RA) est une technologie qui superpose des informations et des images num\u00e9riques au monde r\u00e9el, cr\u00e9ant ainsi une exp\u00e9rience interactive&hellip;<\/p>\n","protected":false},"author":4,"featured_media":0,"parent":0,"menu_order":0,"comment_status":"closed","ping_status":"closed","template":"","meta":{"footnotes":""},"class_list":["post-11250","page","type-page","status-publish","hentry"],"_links":{"self":[{"href":"https:\/\/evet4ai.eu\/fr\/wp-json\/wp\/v2\/pages\/11250"}],"collection":[{"href":"https:\/\/evet4ai.eu\/fr\/wp-json\/wp\/v2\/pages"}],"about":[{"href":"https:\/\/evet4ai.eu\/fr\/wp-json\/wp\/v2\/types\/page"}],"author":[{"embeddable":true,"href":"https:\/\/evet4ai.eu\/fr\/wp-json\/wp\/v2\/users\/4"}],"replies":[{"embeddable":true,"href":"https:\/\/evet4ai.eu\/fr\/wp-json\/wp\/v2\/comments?post=11250"}],"version-history":[{"count":1,"href":"https:\/\/evet4ai.eu\/fr\/wp-json\/wp\/v2\/pages\/11250\/revisions"}],"predecessor-version":[{"id":11251,"href":"https:\/\/evet4ai.eu\/fr\/wp-json\/wp\/v2\/pages\/11250\/revisions\/11251"}],"wp:attachment":[{"href":"https:\/\/evet4ai.eu\/fr\/wp-json\/wp\/v2\/media?parent=11250"}],"curies":[{"name":"wp","href":"https:\/\/api.w.org\/{rel}","templated":true}]}}