{"id":9935,"date":"2023-02-02T12:41:00","date_gmt":"2023-02-02T12:41:00","guid":{"rendered":"https:\/\/evet4ai.eu\/self-assessment-tool-augmented-reality-it\/"},"modified":"2023-09-05T12:15:30","modified_gmt":"2023-09-05T12:15:30","slug":"self-assessment-tool-augmented-reality-it","status":"publish","type":"page","link":"https:\/\/evet4ai.eu\/it\/self-assessment-tool-augmented-reality-it\/","title":{"rendered":"Self Assessment Tool AUGMENTED REALITY IT"},"content":{"rendered":"\t\t<div data-elementor-type=\"wp-page\" data-elementor-id=\"9935\" class=\"elementor elementor-9935 elementor-4082\" data-elementor-post-type=\"page\">\n\t\t\t\t\t\t<section class=\"elementor-section elementor-top-section elementor-element elementor-element-c16d62a elementor-section-boxed elementor-section-height-default elementor-section-height-default\" data-id=\"c16d62a\" data-element_type=\"section\" data-settings=\"{&quot;background_background&quot;:&quot;classic&quot;}\">\n\t\t\t\t\t\t\t<div class=\"elementor-background-overlay\"><\/div>\n\t\t\t\t\t\t\t<div class=\"elementor-container elementor-column-gap-default\">\n\t\t\t\t\t<div class=\"elementor-column elementor-col-100 elementor-top-column elementor-element elementor-element-5932453\" data-id=\"5932453\" data-element_type=\"column\">\n\t\t\t<div class=\"elementor-widget-wrap elementor-element-populated\">\n\t\t\t\t\t\t<div class=\"elementor-element elementor-element-9387921 elementor-widget elementor-widget-spacer\" data-id=\"9387921\" data-element_type=\"widget\" data-widget_type=\"spacer.default\">\n\t\t\t\t<div class=\"elementor-widget-container\">\n\t\t\t\t\t<div class=\"elementor-spacer\">\n\t\t\t<div class=\"elementor-spacer-inner\"><\/div>\n\t\t<\/div>\n\t\t\t\t<\/div>\n\t\t\t\t<\/div>\n\t\t\t\t<div class=\"elementor-element elementor-element-209a27d elementor-widget elementor-widget-toggle\" data-id=\"209a27d\" data-element_type=\"widget\" data-widget_type=\"toggle.default\">\n\t\t\t\t<div class=\"elementor-widget-container\">\n\t\t\t\t\t<div class=\"elementor-toggle\">\n\t\t\t\t\t\t\t<div class=\"elementor-toggle-item\">\n\t\t\t\t\t<h4 id=\"elementor-tab-title-3411\" class=\"elementor-tab-title\" data-tab=\"1\" role=\"button\" aria-controls=\"elementor-tab-content-3411\" aria-expanded=\"false\">\n\t\t\t\t\t\t\t\t\t\t\t\t<span class=\"elementor-toggle-icon elementor-toggle-icon-left\" aria-hidden=\"true\">\n\t\t\t\t\t\t\t\t\t\t\t\t\t\t\t<span class=\"elementor-toggle-icon-closed\"><i class=\"fas fa-angle-down\"><\/i><\/span>\n\t\t\t\t\t\t\t\t<span class=\"elementor-toggle-icon-opened\"><i class=\"elementor-toggle-icon-opened fas fa-angle-up\"><\/i><\/span>\n\t\t\t\t\t\t\t\t\t\t\t\t\t<\/span>\n\t\t\t\t\t\t\t\t\t\t\t\t<a class=\"elementor-toggle-title\" tabindex=\"0\">REALT\u00c0 AUMENTATA<\/a>\n\t\t\t\t\t<\/h4>\n\n\t\t\t\t\t<div id=\"elementor-tab-content-3411\" class=\"elementor-tab-content elementor-clearfix\" data-tab=\"1\" role=\"region\" aria-labelledby=\"elementor-tab-title-3411\"><p>La realt\u00e0 aumentata (RA) \u00e8 una tecnologia che sovrappone informazioni e immagini digitali al mondo reale, creando un&#8217;esperienza interattiva e coinvolgente per gli utenti. Le applicazioni AR possono essere utilizzate per migliorare l&#8217;insegnamento e l&#8217;apprendimento in vari campi, tra cui la scienza, l&#8217;ingegneria e l&#8217;arte.<\/p>\n<p>Nel contesto della formazione tecnica, la RA pu\u00f2 essere utilizzata per fornire agli studenti un&#8217;esperienza pratica di varie competenze industriali e tecniche. Ad esempio, gli studenti possono utilizzare le applicazioni RA per visualizzare e interagire con modelli 3D di macchine o altre attrezzature industriali. Questo pu\u00f2 aiutarli a comprendere meglio il design e la funzionalit\u00e0 di queste macchine, nonch\u00e9 a identificare i potenziali rischi per la sicurezza.<\/p>\n<p>La RA pu\u00f2 essere utilizzata anche per insegnare agli studenti delle specializzazioni industriali e dell&#8217;istruzione e formazione professionale vari processi tecnici, come l&#8217;assemblaggio o lo smontaggio di macchinari. Ad esempio, gli studenti possono utilizzare le applicazioni RA per visualizzare e seguire le istruzioni passo-passo per l&#8217;assemblaggio di una macchina, senza bisogno di avere la macchina fisica davanti a s\u00e9. Questo pu\u00f2 aiutare gli studenti ad apprendere ed esercitare le competenze tecniche in un ambiente sicuro e controllato.<\/p>\n<\/div>\n\t\t\t\t<\/div>\n\t\t\t\t\t\t\t\t<\/div>\n\t\t\t\t<\/div>\n\t\t\t\t<\/div>\n\t\t\t\t<div class=\"elementor-element elementor-element-548055c elementor-widget elementor-widget-spacer\" data-id=\"548055c\" data-element_type=\"widget\" data-widget_type=\"spacer.default\">\n\t\t\t\t<div class=\"elementor-widget-container\">\n\t\t\t\t\t<div class=\"elementor-spacer\">\n\t\t\t<div class=\"elementor-spacer-inner\"><\/div>\n\t\t<\/div>\n\t\t\t\t<\/div>\n\t\t\t\t<\/div>\n\t\t\t\t<section class=\"elementor-section elementor-inner-section elementor-element elementor-element-407b2e6 elementor-section-boxed elementor-section-height-default elementor-section-height-default\" data-id=\"407b2e6\" data-element_type=\"section\">\n\t\t\t\t\t\t<div class=\"elementor-container elementor-column-gap-default\">\n\t\t\t\t\t<div class=\"plus-sticky-column-sticky elementor-column elementor-col-50 elementor-inner-column elementor-element elementor-element-ac79797 elementor-hidden-tablet elementor-hidden-mobile\" data-plus-sticky-column-settings=\"{&quot;id&quot;:&quot;ac79797&quot;,&quot;sticky&quot;:true,&quot;topSpacing&quot;:100,&quot;bottomSpacing&quot;:80,&quot;stickyOn&quot;:[&quot;desktop&quot;,&quot;tablet&quot;]}\" data-id=\"ac79797\" data-element_type=\"column\">\n\t\t\t<div class=\"elementor-widget-wrap elementor-element-populated\">\n\t\t\t\t\t\t<div class=\"elementor-element elementor-element-f389ac3 elementor-widget elementor-widget-image\" data-id=\"f389ac3\" data-element_type=\"widget\" data-widget_type=\"image.default\">\n\t\t\t\t<div class=\"elementor-widget-container\">\n\t\t\t\t\t\t\t\t\t\t\t\t\t<img fetchpriority=\"high\" decoding=\"async\" width=\"538\" height=\"1024\" src=\"https:\/\/evet4ai.eu\/wp-content\/uploads\/2023\/02\/vertical-featured-AUGMENTED-REALITY--538x1024.jpg\" class=\"attachment-large size-large wp-image-4046\" alt=\"\" srcset=\"https:\/\/evet4ai.eu\/wp-content\/uploads\/2023\/02\/vertical-featured-AUGMENTED-REALITY--538x1024.jpg 538w, https:\/\/evet4ai.eu\/wp-content\/uploads\/2023\/02\/vertical-featured-AUGMENTED-REALITY--158x300.jpg 158w, https:\/\/evet4ai.eu\/wp-content\/uploads\/2023\/02\/vertical-featured-AUGMENTED-REALITY--624x1189.jpg 624w, https:\/\/evet4ai.eu\/wp-content\/uploads\/2023\/02\/vertical-featured-AUGMENTED-REALITY-.jpg 630w\" sizes=\"(max-width: 538px) 100vw, 538px\" \/>\t\t\t\t\t\t\t\t\t\t\t\t\t<\/div>\n\t\t\t\t<\/div>\n\t\t\t\t\t<\/div>\n\t\t<\/div>\n\t\t\t\t<div class=\"elementor-column elementor-col-50 elementor-inner-column elementor-element elementor-element-5301681\" data-id=\"5301681\" data-element_type=\"column\">\n\t\t\t<div class=\"elementor-widget-wrap elementor-element-populated\">\n\t\t\t\t\t\t<div class=\"elementor-element elementor-element-3caddf6 elementor-widget elementor-widget-shortcode\" data-id=\"3caddf6\" data-element_type=\"widget\" data-widget_type=\"shortcode.default\">\n\t\t\t\t<div class=\"elementor-widget-container\">\n\t\t\t\t\t<div class=\"elementor-shortcode\"><p>Spiacente. Per visualizzare questo modulo \u00e8 necessario aver effettuato il login.\r\n<br><br>\r\n<strong><a href=\"https:\/\/evet4ai.eu\/wp-login.php\" target=\"_blank\" rel=\"noopener\">Login<\/a><\/strong>\r\n<br><br>\r\nNon hai un account?\r\nNessun problema, <strong><a href=\"https:\/\/evet4ai.eu\/register\/\" target=\"_blank\" rel=\"noopener\">clicca qui per registrarti<\/a><\/strong>.<\/p><\/div>\n\t\t\t\t<\/div>\n\t\t\t\t<\/div>\n\t\t\t\t\t<\/div>\n\t\t<\/div>\n\t\t\t\t\t<\/div>\n\t\t<\/section>\n\t\t\t\t\t<\/div>\n\t\t<\/div>\n\t\t\t\t\t<\/div>\n\t\t<\/section>\n\t\t\t\t<\/div>\n\t\t","protected":false},"excerpt":{"rendered":"<p>REALT\u00c0 AUMENTATA La realt\u00e0 aumentata (RA) \u00e8 una tecnologia che sovrappone informazioni e immagini digitali al mondo reale, creando un&#8217;esperienza interattiva e coinvolgente per gli&hellip;<\/p>\n","protected":false},"author":4,"featured_media":0,"parent":0,"menu_order":0,"comment_status":"closed","ping_status":"closed","template":"","meta":{"footnotes":""},"class_list":["post-9935","page","type-page","status-publish","hentry"],"_links":{"self":[{"href":"https:\/\/evet4ai.eu\/it\/wp-json\/wp\/v2\/pages\/9935"}],"collection":[{"href":"https:\/\/evet4ai.eu\/it\/wp-json\/wp\/v2\/pages"}],"about":[{"href":"https:\/\/evet4ai.eu\/it\/wp-json\/wp\/v2\/types\/page"}],"author":[{"embeddable":true,"href":"https:\/\/evet4ai.eu\/it\/wp-json\/wp\/v2\/users\/4"}],"replies":[{"embeddable":true,"href":"https:\/\/evet4ai.eu\/it\/wp-json\/wp\/v2\/comments?post=9935"}],"version-history":[{"count":1,"href":"https:\/\/evet4ai.eu\/it\/wp-json\/wp\/v2\/pages\/9935\/revisions"}],"predecessor-version":[{"id":9936,"href":"https:\/\/evet4ai.eu\/it\/wp-json\/wp\/v2\/pages\/9935\/revisions\/9936"}],"wp:attachment":[{"href":"https:\/\/evet4ai.eu\/it\/wp-json\/wp\/v2\/media?parent=9935"}],"curies":[{"name":"wp","href":"https:\/\/api.w.org\/{rel}","templated":true}]}}